{"id":17913,"date":"2024-04-19T09:13:15","date_gmt":"2024-04-19T09:13:15","guid":{"rendered":"https:\/\/gfa-istanbul.com\/?page_id=17913"},"modified":"2024-04-23T12:24:14","modified_gmt":"2024-04-23T12:24:14","slug":"low-maintenance-switch-locking-device-evz","status":"publish","type":"page","link":"https:\/\/gfa-istanbul.com\/tr\/low-maintenance-switch-locking-device-evz\/","title":{"rendered":"Low Maintenance Switch Locking Device EVZ"},"content":{"rendered":"<div data-elementor-type=\"wp-page\" data-elementor-id=\"17913\" class=\"elementor elementor-17913\">\n\t\t\t\t\t\t<section class=\"elementor-section elementor-top-section elementor-element elementor-element-3b55c80 elementor-section-full_width elementor-section-stretched elementor-section-height-min-height elementor-section-content-middle elementor-section-height-default elementor-section-items-middle\" data-id=\"3b55c80\" data-element_type=\"section\" data-settings=\"{&quot;stretch_section&quot;:&quot;section-stretched&quot;,&quot;background_background&quot;:&quot;classic&quot;}\">\n\t\t\t\t\t\t\t<div class=\"elementor-background-overlay\"><\/div>\n\t\t\t\t\t\t\t<div class=\"elementor-container elementor-column-gap-no\">\n\t\t\t\t\t<div class=\"elementor-column elementor-col-100 elementor-top-column elementor-element elementor-element-56d1aa0\" data-id=\"56d1aa0\" data-element_type=\"column\">\n\t\t\t<div class=\"elementor-widget-wrap elementor-element-populated\">\n\t\t\t\t\t\t<div class=\"elementor-element elementor-element-28e63e8 elementor-widget elementor-widget-industrium_heading\" data-id=\"28e63e8\" data-element_type=\"widget\" data-widget_type=\"industrium_heading.default\">\n\t\t\t\t<div class=\"elementor-widget-container\">\n\t\t\t<div class=\"industrium-heading-widget\"><h2 class=\"industrium-heading\"><span class=\"industrium-heading-content\">\u00dcr\u00fcnler<\/span><\/h2><\/div>\t\t<\/div>\n\t\t\t\t<\/div>\n\t\t\t\t<div class=\"elementor-element elementor-element-56b4785 elementor-widget elementor-widget-industrium_heading\" data-id=\"56b4785\" data-element_type=\"widget\" data-widget_type=\"industrium_heading.default\">\n\t\t\t\t<div class=\"elementor-widget-container\">\n\t\t\t<div class=\"industrium-heading-widget\"><h2 class=\"industrium-heading translation-block\"><span class=\"industrium-heading-content\">Low Maintenance Switch <br>Locking System - EVZ<\/span><\/h2><\/div>\t\t<\/div>\n\t\t\t\t<\/div>\n\t\t\t\t\t<\/div>\n\t\t<\/div>\n\t\t\t\t\t<\/div>\n\t\t<\/section>\n\t\t\t\t<section class=\"elementor-section elementor-top-section elementor-element elementor-element-193bc210 elementor-section-full_width elementor-section-stretched elementor-section-height-min-height elementor-section-content-middle elementor-reverse-mobile elementor-section-height-default elementor-section-items-middle\" data-id=\"193bc210\" data-element_type=\"section\" data-settings=\"{&quot;stretch_section&quot;:&quot;section-stretched&quot;}\">\n\t\t\t\t\t\t<div class=\"elementor-container elementor-column-gap-wide\">\n\t\t\t\t\t<div class=\"elementor-column elementor-col-50 elementor-top-column elementor-element elementor-element-3331c3d1\" data-id=\"3331c3d1\" data-element_type=\"column\">\n\t\t\t<div class=\"elementor-widget-wrap elementor-element-populated\">\n\t\t\t\t\t\t<div class=\"elementor-element elementor-element-6f737fa1 elementor-widget elementor-widget-industrium_heading\" data-id=\"6f737fa1\" data-element_type=\"widget\" data-widget_type=\"industrium_heading.default\">\n\t\t\t\t<div class=\"elementor-widget-container\">\n\t\t\t<div class=\"industrium-heading-widget\"><h2 class=\"industrium-heading translation-block\"><span class=\"industrium-heading-content\">Low Maintenance Switch <br>Locking System - EVZ<\/span><\/h2><\/div>\t\t<\/div>\n\t\t\t\t<\/div>\n\t\t\t\t<div class=\"elementor-element elementor-element-47f0a14d elementor-widget elementor-widget-text-editor\" data-id=\"47f0a14d\" data-element_type=\"widget\" data-widget_type=\"text-editor.default\">\n\t\t\t\t<div class=\"elementor-widget-container\">\n\t\t\t\t\t\t\t<p><span style=\"font-weight: 400;\">Az bak\u0131m gerektiren makas kilitleme cihaz\u0131, az bak\u0131m gerektiren ve minimum ya\u011flamal\u0131 makas kilitleme cihazlar\u0131n\u0131n en yeni neslinin bir par\u00e7as\u0131d\u0131r ve demiryolu makas bak\u0131m maliyetlerini azaltmaya yard\u0131mc\u0131 olur. Mevcut tipler WKV 22, BFL 22 ve yeni entegre pen\u00e7e kilidi EVZ'dir. EVZ, CDP taraf\u0131ndan Deutsche Bahn AG i\u00e7in ve Deutsche Bahn AG ile birlikte geli\u015ftirilmi\u015ftir.\u00a0<\/span><\/p>\t\t\t\t\t\t<\/div>\n\t\t\t\t<\/div>\n\t\t\t\t\t<\/div>\n\t\t<\/div>\n\t\t\t\t<div class=\"elementor-column elementor-col-50 elementor-top-column elementor-element elementor-element-5c5e2b69\" data-id=\"5c5e2b69\" data-element_type=\"column\">\n\t\t\t<div class=\"elementor-widget-wrap elementor-element-populated\">\n\t\t\t\t\t\t<div class=\"elementor-element elementor-element-fe5e7b7 elementor-widget elementor-widget-image\" data-id=\"fe5e7b7\" data-element_type=\"widget\" data-widget_type=\"image.default\">\n\t\t\t\t<div class=\"elementor-widget-container\">\n\t\t\t\t\t\t\t\t\t\t\t\t\t<img loading=\"lazy\" decoding=\"async\" width=\"1024\" height=\"333\" src=\"https:\/\/gfa-istanbul.com\/wp-content\/uploads\/2024\/04\/Claw-lock-device-EVZ-new.png\" class=\"attachment-large size-large wp-image-18203\" alt=\"\" srcset=\"https:\/\/gfa-istanbul.com\/wp-content\/uploads\/2024\/04\/Claw-lock-device-EVZ-new.png 1024w, https:\/\/gfa-istanbul.com\/wp-content\/uploads\/2024\/04\/Claw-lock-device-EVZ-new-300x98.png 300w, https:\/\/gfa-istanbul.com\/wp-content\/uploads\/2024\/04\/Claw-lock-device-EVZ-new-768x250.png 768w, https:\/\/gfa-istanbul.com\/wp-content\/uploads\/2024\/04\/Claw-lock-device-EVZ-new-18x6.png 18w, https:\/\/gfa-istanbul.com\/wp-content\/uploads\/2024\/04\/Claw-lock-device-EVZ-new-600x195.png 600w\" sizes=\"auto, (max-width: 1024px) 100vw, 1024px\" \/>\t\t\t\t\t\t\t\t\t\t\t\t\t<\/div>\n\t\t\t\t<\/div>\n\t\t\t\t\t<\/div>\n\t\t<\/div>\n\t\t\t\t\t<\/div>\n\t\t<\/section>\n\t\t\t\t<section class=\"elementor-section elementor-top-section elementor-element elementor-element-d557a67 elementor-section-full_width elementor-section-stretched elementor-section-height-min-height elementor-section-content-middle elementor-section-height-default elementor-section-items-middle\" data-id=\"d557a67\" data-element_type=\"section\" data-settings=\"{&quot;stretch_section&quot;:&quot;section-stretched&quot;}\">\n\t\t\t\t\t\t<div class=\"elementor-container elementor-column-gap-wide\">\n\t\t\t\t\t<div class=\"elementor-column elementor-col-50 elementor-top-column elementor-element elementor-element-b99fc29\" data-id=\"b99fc29\" data-element_type=\"column\">\n\t\t\t<div class=\"elementor-widget-wrap elementor-element-populated\">\n\t\t\t\t\t\t<div class=\"elementor-element elementor-element-399620d elementor-widget elementor-widget-video\" data-id=\"399620d\" data-element_type=\"widget\" data-settings=\"{&quot;video_type&quot;:&quot;hosted&quot;,&quot;autoplay&quot;:&quot;yes&quot;,&quot;loop&quot;:&quot;yes&quot;}\" data-widget_type=\"video.default\">\n\t\t\t\t<div class=\"elementor-widget-container\">\n\t\t\t\t\t<div class=\"e-hosted-video elementor-wrapper elementor-open-inline\">\n\t\t\t\t\t<video class=\"elementor-video\" src=\"https:\/\/gfa-istanbul.com\/wp-content\/uploads\/2023\/12\/EVZ_ANIMATION7.mpg.mp4\" autoplay=\"\" loop=\"\" controlslist=\"nodownload\"><\/video>\n\t\t\t\t<\/div>\n\t\t\t\t<\/div>\n\t\t\t\t<\/div>\n\t\t\t\t\t<\/div>\n\t\t<\/div>\n\t\t\t\t<div class=\"elementor-column elementor-col-50 elementor-top-column elementor-element elementor-element-60230ef\" data-id=\"60230ef\" data-element_type=\"column\">\n\t\t\t<div class=\"elementor-widget-wrap elementor-element-populated\">\n\t\t\t\t\t\t<div class=\"elementor-element elementor-element-34052fe elementor-widget elementor-widget-industrium_heading\" data-id=\"34052fe\" data-element_type=\"widget\" data-widget_type=\"industrium_heading.default\">\n\t\t\t\t<div class=\"elementor-widget-container\">\n\t\t\t<div class=\"industrium-heading-widget\"><h2 class=\"industrium-heading translation-block\"><span class=\"industrium-heading-content\"><span style=\"font-weight: 400;color: #333\">Makaslar demiryolu sistemlerinin <\/span><span style=\"font-weight: 400\">en kritik par\u00e7as\u0131d\u0131r.<\/span><\/span><\/h2><\/div>\t\t<\/div>\n\t\t\t\t<\/div>\n\t\t\t\t<div class=\"elementor-element elementor-element-4598ee2 elementor-widget elementor-widget-text-editor\" data-id=\"4598ee2\" data-element_type=\"widget\" data-widget_type=\"text-editor.default\">\n\t\t\t\t<div class=\"elementor-widget-container\">\n\t\t\t\t\t\t\t<p><span style=\"font-weight: 400;\">Kilitleme cihaz\u0131, +\/- 35 mm'ye kadar s\u0131cakl\u0131k ko\u015fullu uzunlamas\u0131na yer de\u011fi\u015ftirmelerde kendi kendini d\u00fczenler.\u00a0<\/span><\/p><p>Kelep\u00e7e, kurulum s\u0131ras\u0131nda genellikle gerekli olan eksantrik c\u0131vata ta\u015flama yoluyla ayarlanabilir ve art\u0131k gerekli de\u011fildir. Ana bile\u015fenler kal\u0131pta d\u00f6v\u00fclm\u00fc\u015ft\u00fcr ve bu nedenle en y\u00fcksek g\u00fcvenlik gereksinimlerini kar\u015f\u0131lamaktad\u0131r.<\/p>\t\t\t\t\t\t<\/div>\n\t\t\t\t<\/div>\n\t\t\t\t\t<\/div>\n\t\t<\/div>\n\t\t\t\t\t<\/div>\n\t\t<\/section>\n\t\t\t\t<section class=\"elementor-section elementor-top-section elementor-element elementor-element-735dd965 elementor-section-full_width elementor-section-stretched elementor-section-content-middle elementor-section-height-default elementor-section-height-default\" data-id=\"735dd965\" data-element_type=\"section\" data-settings=\"{&quot;stretch_section&quot;:&quot;section-stretched&quot;,&quot;background_background&quot;:&quot;classic&quot;}\">\n\t\t\t\t\t\t\t<div class=\"elementor-background-overlay\"><\/div>\n\t\t\t\t\t\t\t<div class=\"elementor-container elementor-column-gap-no\">\n\t\t\t\t\t<div class=\"elementor-column elementor-col-100 elementor-top-column elementor-element elementor-element-14ac2441\" data-id=\"14ac2441\" data-element_type=\"column\">\n\t\t\t<div class=\"elementor-widget-wrap elementor-element-populated\">\n\t\t\t\t\t\t<section class=\"elementor-section elementor-inner-section elementor-element elementor-element-67224062 elementor-section-content-middle elementor-section-height-min-height elementor-section-boxed elementor-section-height-default\" data-id=\"67224062\" data-element_type=\"section\">\n\t\t\t\t\t\t<div class=\"elementor-container elementor-column-gap-wide\">\n\t\t\t\t\t<div class=\"elementor-column elementor-col-50 elementor-inner-column elementor-element elementor-element-642bb08e animated-fast elementor-invisible\" data-id=\"642bb08e\" data-element_type=\"column\" data-settings=\"{&quot;animation&quot;:&quot;industrium_clip_in_down&quot;,&quot;animation_tablet_extra&quot;:&quot;none&quot;,&quot;animation_delay&quot;:500}\">\n\t\t\t<div class=\"elementor-widget-wrap\">\n\t\t\t\t\t\t\t<\/div>\n\t\t<\/div>\n\t\t\t\t<div class=\"elementor-column elementor-col-50 elementor-inner-column elementor-element elementor-element-1a5aab5b animated-fast elementor-invisible\" data-id=\"1a5aab5b\" data-element_type=\"column\" data-settings=\"{&quot;background_background&quot;:&quot;classic&quot;,&quot;animation&quot;:&quot;industrium_clip_in_down&quot;,&quot;animation_tablet_extra&quot;:&quot;none&quot;,&quot;animation_delay&quot;:500}\">\n\t\t\t<div class=\"elementor-widget-wrap elementor-element-populated\">\n\t\t\t\t\t\t<div class=\"elementor-element elementor-element-7d999306 elementor-widget elementor-widget-industrium_heading\" data-id=\"7d999306\" data-element_type=\"widget\" data-widget_type=\"industrium_heading.default\">\n\t\t\t\t<div class=\"elementor-widget-container\">\n\t\t\t<div class=\"industrium-heading-widget\"><h2 class=\"industrium-heading translation-block\"><span class=\"industrium-heading-content\"><span style=\"color: #ffffff\">Demiryolu raylar\u0131n\u0131z\u0131n dayan\u0131kl\u0131l\u0131\u011f\u0131 ve bak\u0131m\u0131 son derece<\/span> kolay, g\u00fcvenli, emniyetli, s\u00fcrd\u00fcr\u00fclebilir<\/span>.<\/h2><\/div>\t\t<\/div>\n\t\t\t\t<\/div>\n\t\t\t\t<div class=\"elementor-element elementor-element-8580914 elementor-widget elementor-widget-industrium_heading\" data-id=\"8580914\" data-element_type=\"widget\" data-widget_type=\"industrium_heading.default\">\n\t\t\t\t<div class=\"elementor-widget-container\">\n\t\t\t<div class=\"industrium-heading-widget\"><h6 class=\"industrium-heading\"><span class=\"industrium-heading-content\"><span style=\"font-weight: 400\">Az Bak\u0131m gerektiren, Anahtar Kilitleme Cihazlar\u0131<\/span><\/span><\/h6><\/div>\t\t<\/div>\n\t\t\t\t<\/div>\n\t\t\t\t<div class=\"elementor-element elementor-element-267095e0 elementor-widget elementor-widget-text-editor\" data-id=\"267095e0\" data-element_type=\"widget\" data-widget_type=\"text-editor.default\">\n\t\t\t\t<div class=\"elementor-widget-container\">\n\t\t\t\t\t\t\t<p class=\" translation-block\">Bharat Forge CDP'nin yetkili distrib\u00fct\u00f6r\u00fc GFA \u0130stanbul olarak, d\u00fcnya \u00e7ap\u0131nda tan\u0131nan bir markan\u0131n g\u00fcvenilirli\u011fi ve g\u00fcvencesiyle faaliyet g\u00f6steriyoruz. Portf\u00f6y\u00fcm\u00fczde anahtar makara sistemleri, az bak\u0131m gerektiren anahtar bile\u015fenleri i\u00e7in kilitleme cihazlar\u0131 bulunmaktad\u0131r. M\u00fckemmellik vaadimiz, Bharat Forge CDP'nin k\u00fcresel itibar\u0131na dayanmakta ve her hizmetimizde benzersiz deneyim ve kalite sa\u011flamaktad\u0131r.<\/p>\t\t\t\t\t\t<\/div>\n\t\t\t\t<\/div>\n\t\t\t\t\t<\/div>\n\t\t<\/div>\n\t\t\t\t\t<\/div>\n\t\t<\/section>\n\t\t\t\t\t<\/div>\n\t\t<\/div>\n\t\t\t\t\t<\/div>\n\t\t<\/section>\n\t\t\t\t<\/div>","protected":false},"excerpt":{"rendered":"<p>The low maintenance switch locking device is part of the latest generation of low maintenance and minimum lubrication switch locking devices and helps to reduce railway switch maintenance costs. Current types are the WKV 22, the BFL 22 and the new&#8230;<\/p>","protected":false},"author":1,"featured_media":0,"parent":0,"menu_order":0,"comment_status":"closed","ping_status":"closed","template":"","meta":{"rank_math_lock_modified_date":false,"footnotes":""},"class_list":["post-17913","page","type-page","status-publish","hentry"],"_links":{"self":[{"href":"https:\/\/gfa-istanbul.com\/tr\/wp-json\/wp\/v2\/pages\/17913","targetHints":{"allow":["GET"]}}],"collection":[{"href":"https:\/\/gfa-istanbul.com\/tr\/wp-json\/wp\/v2\/pages"}],"about":[{"href":"https:\/\/gfa-istanbul.com\/tr\/wp-json\/wp\/v2\/types\/page"}],"author":[{"embeddable":true,"href":"https:\/\/gfa-istanbul.com\/tr\/wp-json\/wp\/v2\/users\/1"}],"replies":[{"embeddable":true,"href":"https:\/\/gfa-istanbul.com\/tr\/wp-json\/wp\/v2\/comments?post=17913"}],"version-history":[{"count":31,"href":"https:\/\/gfa-istanbul.com\/tr\/wp-json\/wp\/v2\/pages\/17913\/revisions"}],"predecessor-version":[{"id":18407,"href":"https:\/\/gfa-istanbul.com\/tr\/wp-json\/wp\/v2\/pages\/17913\/revisions\/18407"}],"wp:attachment":[{"href":"https:\/\/gfa-istanbul.com\/tr\/wp-json\/wp\/v2\/media?parent=17913"}],"curies":[{"name":"wp","href":"https:\/\/api.w.org\/{rel}","templated":true}]}}