{"id":17799,"date":"2024-04-19T06:46:42","date_gmt":"2024-04-19T06:46:42","guid":{"rendered":"https:\/\/gfa-istanbul.com\/?page_id=17799"},"modified":"2024-04-23T12:05:51","modified_gmt":"2024-04-23T12:05:51","slug":"why-railway","status":"publish","type":"page","link":"https:\/\/gfa-istanbul.com\/tr\/why-railway\/","title":{"rendered":"Why Railway"},"content":{"rendered":"<div data-elementor-type=\"wp-page\" data-elementor-id=\"17799\" class=\"elementor elementor-17799\">\n\t\t\t\t\t\t<section class=\"elementor-section elementor-top-section elementor-element elementor-element-cd39918 elementor-section-full_width elementor-section-stretched elementor-section-height-min-height elementor-section-content-middle elementor-section-height-default elementor-section-items-middle\" data-id=\"cd39918\" data-element_type=\"section\" data-settings=\"{&quot;stretch_section&quot;:&quot;section-stretched&quot;,&quot;background_background&quot;:&quot;classic&quot;}\">\n\t\t\t\t\t\t\t<div class=\"elementor-background-overlay\"><\/div>\n\t\t\t\t\t\t\t<div class=\"elementor-container elementor-column-gap-no\">\n\t\t\t\t\t<div class=\"elementor-column elementor-col-100 elementor-top-column elementor-element elementor-element-834200c\" data-id=\"834200c\" data-element_type=\"column\">\n\t\t\t<div class=\"elementor-widget-wrap elementor-element-populated\">\n\t\t\t\t\t\t<div class=\"elementor-element elementor-element-6457967 elementor-widget elementor-widget-industrium_heading\" data-id=\"6457967\" data-element_type=\"widget\" data-widget_type=\"industrium_heading.default\">\n\t\t\t\t<div class=\"elementor-widget-container\">\n\t\t\t<div class=\"industrium-heading-widget\"><h2 class=\"industrium-heading\"><span class=\"industrium-heading-content\">Neden Demiryollar\u0131\n<\/span><\/h2><\/div>\t\t<\/div>\n\t\t\t\t<\/div>\n\t\t\t\t<div class=\"elementor-element elementor-element-0a5a470 elementor-widget elementor-widget-industrium_heading\" data-id=\"0a5a470\" data-element_type=\"widget\" data-widget_type=\"industrium_heading.default\">\n\t\t\t\t<div class=\"elementor-widget-container\">\n\t\t\t<div class=\"industrium-heading-widget\"><h2 class=\"industrium-heading translation-block\"><span class=\"industrium-heading-content\">G\u0130ZL\u0130 <br>S\u00dcRD\u00dcR\u00dcLEB\u0130L\u0130RL\u0130K <br>\u015eAMP\u0130YONU<\/span><\/h2><\/div>\t\t<\/div>\n\t\t\t\t<\/div>\n\t\t\t\t<div class=\"elementor-element elementor-element-f606cb9 elementor-widget__width-initial elementor-widget elementor-widget-text-editor\" data-id=\"f606cb9\" data-element_type=\"widget\" data-widget_type=\"text-editor.default\">\n\t\t\t\t<div class=\"elementor-widget-container\">\n\t\t\t\t\t\t\t<p>Demiryolu en g\u00fcvenli, en verimli ve en s\u00fcrd\u00fcr\u00fclebilir motorlu ula\u015f\u0131m arac\u0131d\u0131r. Ancak bu potansiyeli hayata ge\u00e7irmek, milyonlarca insan\u0131n bel ba\u011flad\u0131\u011f\u0131 bu sistemin dayan\u0131kl\u0131l\u0131\u011f\u0131n\u0131 ve rekabet\u00e7ili\u011fini sa\u011flamak i\u00e7in radikal ad\u0131mlar at\u0131lmas\u0131n\u0131 gerektirmektedir.<\/p>\t\t\t\t\t\t<\/div>\n\t\t\t\t<\/div>\n\t\t\t\t\t<\/div>\n\t\t<\/div>\n\t\t\t\t\t<\/div>\n\t\t<\/section>\n\t\t\t\t<section class=\"elementor-section elementor-top-section elementor-element elementor-element-8b073f3 elementor-section-full_width elementor-section-stretched elementor-section-content-middle elementor-section-height-default elementor-section-height-default\" data-id=\"8b073f3\" data-element_type=\"section\" data-settings=\"{&quot;stretch_section&quot;:&quot;section-stretched&quot;,&quot;background_background&quot;:&quot;classic&quot;}\">\n\t\t\t\t\t\t\t<div class=\"elementor-background-overlay\"><\/div>\n\t\t\t\t\t\t\t<div class=\"elementor-container elementor-column-gap-no\">\n\t\t\t\t\t<div class=\"elementor-column elementor-col-100 elementor-top-column elementor-element elementor-element-2bfdb86\" data-id=\"2bfdb86\" data-element_type=\"column\">\n\t\t\t<div class=\"elementor-widget-wrap elementor-element-populated\">\n\t\t\t\t\t\t<div class=\"elementor-element elementor-element-2c96d86 elementor-widget elementor-widget-image\" data-id=\"2c96d86\" data-element_type=\"widget\" data-widget_type=\"image.default\">\n\t\t\t\t<div class=\"elementor-widget-container\">\n\t\t\t\t\t\t\t\t\t\t\t\t\t<img loading=\"lazy\" decoding=\"async\" width=\"561\" height=\"445\" src=\"https:\/\/gfa-istanbul.com\/wp-content\/uploads\/2024\/04\/Adsiz-tasarim-52.png\" class=\"attachment-large size-large wp-image-17974\" alt=\"\" srcset=\"https:\/\/gfa-istanbul.com\/wp-content\/uploads\/2024\/04\/Adsiz-tasarim-52.png 561w, https:\/\/gfa-istanbul.com\/wp-content\/uploads\/2024\/04\/Adsiz-tasarim-52-300x238.png 300w, https:\/\/gfa-istanbul.com\/wp-content\/uploads\/2024\/04\/Adsiz-tasarim-52-15x12.png 15w\" sizes=\"auto, (max-width: 561px) 100vw, 561px\" \/>\t\t\t\t\t\t\t\t\t\t\t\t\t<\/div>\n\t\t\t\t<\/div>\n\t\t\t\t\t<\/div>\n\t\t<\/div>\n\t\t\t\t\t<\/div>\n\t\t<\/section>\n\t\t\t\t<section class=\"elementor-section elementor-top-section elementor-element elementor-element-21bbbbfe elementor-section-full_width elementor-section-stretched elementor-section-height-min-height elementor-section-content-middle elementor-section-height-default elementor-section-items-middle\" data-id=\"21bbbbfe\" data-element_type=\"section\" data-settings=\"{&quot;stretch_section&quot;:&quot;section-stretched&quot;,&quot;background_background&quot;:&quot;classic&quot;}\">\n\t\t\t\t\t\t\t<div class=\"elementor-background-overlay\"><\/div>\n\t\t\t\t\t\t\t<div class=\"elementor-container elementor-column-gap-no\">\n\t\t\t\t\t<div class=\"elementor-column elementor-col-50 elementor-top-column elementor-element elementor-element-41410abc\" data-id=\"41410abc\" data-element_type=\"column\">\n\t\t\t<div class=\"elementor-widget-wrap\">\n\t\t\t\t\t\t\t<\/div>\n\t\t<\/div>\n\t\t\t\t<div class=\"elementor-column elementor-col-50 elementor-top-column elementor-element elementor-element-31735ba1\" data-id=\"31735ba1\" data-element_type=\"column\">\n\t\t\t<div class=\"elementor-widget-wrap elementor-element-populated\">\n\t\t\t\t\t\t<div class=\"elementor-element elementor-element-14c3307a elementor-widget elementor-widget-industrium_heading\" data-id=\"14c3307a\" data-element_type=\"widget\" data-widget_type=\"industrium_heading.default\">\n\t\t\t\t<div class=\"elementor-widget-container\">\n\t\t\t<div class=\"industrium-heading-widget\"><h2 class=\"industrium-heading\"><span class=\"industrium-heading-content\">Geleneksel Olana Meydan Okumak. Daha \u0130yi Bir Gelecek \u0130\u00e7in \u0130mk\u00e2ns\u0131za Meydan Okumak.<\/span><\/h2><\/div>\t\t<\/div>\n\t\t\t\t<\/div>\n\t\t\t\t<div class=\"elementor-element elementor-element-201229ce elementor-widget elementor-widget-text-editor\" data-id=\"201229ce\" data-element_type=\"widget\" data-widget_type=\"text-editor.default\">\n\t\t\t\t<div class=\"elementor-widget-container\">\n\t\t\t\t\t\t\t<p>Hi\u00e7bir \u015feyin imkans\u0131z olmad\u0131\u011f\u0131na inan\u0131yoruz. Uzun s\u00fcredir devam eden geleneklere meydan okuyor ve belirlenen s\u0131n\u0131rlamalara meydan okumaya devam ediyoruz. Otomobil ve Demiryolu Sekt\u00f6r\u00fc i\u00e7in d\u00fcnya standartlar\u0131nda \u00fcr\u00fcnlerle tan\u0131nan ve bizi Hindistan'daki en iyi d\u00f6vme \u015firketlerinden biri yapan, End\u00fcstriyel Sekt\u00f6rler i\u00e7in Yenilik\u00e7i M\u00fchendislik \u00c7\u00f6z\u00fcmlerimizle giderek daha iyi tan\u0131n\u0131yoruz.<\/p>\t\t\t\t\t\t<\/div>\n\t\t\t\t<\/div>\n\t\t\t\t\t<\/div>\n\t\t<\/div>\n\t\t\t\t\t<\/div>\n\t\t<\/section>\n\t\t\t\t<section class=\"elementor-section elementor-top-section elementor-element elementor-element-ec31bff elementor-section-full_width elementor-section-stretched elementor-section-height-full elementor-section-content-middle elementor-section-items-top elementor-section-height-default\" data-id=\"ec31bff\" data-element_type=\"section\" data-settings=\"{&quot;stretch_section&quot;:&quot;section-stretched&quot;,&quot;background_background&quot;:&quot;classic&quot;}\">\n\t\t\t\t\t\t\t<div class=\"elementor-background-overlay\"><\/div>\n\t\t\t\t\t\t\t<div class=\"elementor-container elementor-column-gap-no\">\n\t\t\t\t\t<div class=\"elementor-column elementor-col-100 elementor-top-column elementor-element elementor-element-37d4bbf\" data-id=\"37d4bbf\" data-element_type=\"column\">\n\t\t\t<div class=\"elementor-widget-wrap elementor-element-populated\">\n\t\t\t\t\t\t<div class=\"elementor-element elementor-element-a40e4ef elementor-widget elementor-widget-industrium_heading\" data-id=\"a40e4ef\" data-element_type=\"widget\" data-widget_type=\"industrium_heading.default\">\n\t\t\t\t<div class=\"elementor-widget-container\">\n\t\t\t<div class=\"industrium-heading-widget\"><h2 class=\"industrium-heading translation-block\"><span style=\"color: #ffffff\">Demiryoluna y\u00f6nelim neyi sa\u011flayabilir?<\/span><\/span><\/h2><\/div>\t\t<\/div>\n\t\t\t\t<\/div>\n\t\t\t\t<div class=\"elementor-element elementor-element-565cc55 elementor-widget elementor-widget-text-editor\" data-id=\"565cc55\" data-element_type=\"widget\" data-widget_type=\"text-editor.default\">\n\t\t\t\t<div class=\"elementor-widget-container\">\n\t\t\t\t\t\t\t<p class=\" translation-block\">Her y\u0131l Amazon Ya\u011fmur Ormanlar\u0131'n\u0131n tamam\u0131 veya Avrupa'daki t\u00fcm ormanlar\u0131n toplam\u0131 <br>taraf\u0131ndan emilen miktara e\u015fde\u011fer CO2 azalt\u0131m\u0131:<\/p>\t\t\t\t\t\t<\/div>\n\t\t\t\t<\/div>\n\t\t\t\t<div class=\"elementor-element elementor-element-a312dfc elementor-widget elementor-widget-industrium_heading\" data-id=\"a312dfc\" data-element_type=\"widget\" data-widget_type=\"industrium_heading.default\">\n\t\t\t\t<div class=\"elementor-widget-container\">\n\t\t\t<div class=\"industrium-heading-widget\"><h2 class=\"industrium-heading\"><span class=\"industrium-heading-content\">2.1 <span style=\"color: #ffffff\">Gt CO2<\/span>\n\n <\/span><\/h2><\/div>\t\t<\/div>\n\t\t\t\t<\/div>\n\t\t\t\t\t<\/div>\n\t\t<\/div>\n\t\t\t\t\t<\/div>\n\t\t<\/section>\n\t\t\t\t<section class=\"elementor-section elementor-top-section elementor-element elementor-element-ce7f9ec elementor-section-full_width elementor-section-stretched elementor-section-height-min-height elementor-section-content-middle elementor-section-items-top elementor-section-height-default\" data-id=\"ce7f9ec\" data-element_type=\"section\" data-settings=\"{&quot;stretch_section&quot;:&quot;section-stretched&quot;,&quot;background_background&quot;:&quot;classic&quot;}\">\n\t\t\t\t\t\t<div class=\"elementor-container elementor-column-gap-no\">\n\t\t\t\t\t<div class=\"elementor-column elementor-col-100 elementor-top-column elementor-element elementor-element-32ee251\" data-id=\"32ee251\" data-element_type=\"column\">\n\t\t\t<div class=\"elementor-widget-wrap elementor-element-populated\">\n\t\t\t\t\t\t<div class=\"elementor-element elementor-element-bab7ec8 elementor-widget elementor-widget-industrium_heading\" data-id=\"bab7ec8\" data-element_type=\"widget\" data-widget_type=\"industrium_heading.default\">\n\t\t\t\t<div class=\"elementor-widget-container\">\n\t\t\t<div class=\"industrium-heading-widget\"><h2 class=\"industrium-heading translation-block\"><span style=\"color: #ffffff\">Demiryolu ne kadar s\u00fcrd\u00fcr\u00fclebilir ?<\/span><\/span><\/h2><\/div>\t\t<\/div>\n\t\t\t\t<\/div>\n\t\t\t\t<div class=\"elementor-element elementor-element-2181c75 elementor-widget__width-initial elementor-widget-mobile__width-initial elementor-widget elementor-widget-text-editor\" data-id=\"2181c75\" data-element_type=\"widget\" data-widget_type=\"text-editor.default\">\n\t\t\t\t<div class=\"elementor-widget-container\">\n\t\t\t\t\t\t\t<p>\u00c7eli\u011fin \u00e7elik \u00fczerinde hareket etmesinin fiziksel \u00f6zellikleri nedeniyle, mallar\u0131n veya insanlar\u0131n ta\u015f\u0131nmas\u0131 i\u00e7in gereken enerji mevcut di\u011fer t\u00fcm sistemlerden daha d\u00fc\u015f\u00fckt\u00fcr. Elektrifikasyon ve yenilenebilir enerji kaynaklar\u0131n\u0131n yayg\u0131nla\u015fmas\u0131yla birlikte, demiryolunun CO2 ayak izi y\u00fcr\u00fcmekten bile daha d\u00fc\u015f\u00fckt\u00fcr !<\/p>\t\t\t\t\t\t<\/div>\n\t\t\t\t<\/div>\n\t\t\t\t<div class=\"elementor-element elementor-element-4e4041a elementor-widget__width-initial elementor-widget elementor-widget-text-editor\" data-id=\"4e4041a\" data-element_type=\"widget\" data-widget_type=\"text-editor.default\">\n\t\t\t\t<div class=\"elementor-widget-container\">\n\t\t\t\t\t\t\tSera gaz\u0131 yo\u011funlu\u011fu CO2 eq\/ki\u015fi\/km cinsinden\n\n\t\t\t\t\t\t<\/div>\n\t\t\t\t<\/div>\n\t\t\t\t\t<\/div>\n\t\t<\/div>\n\t\t\t\t\t<\/div>\n\t\t<\/section>\n\t\t\t\t<\/div>","protected":false},"excerpt":{"rendered":"<p>Railway is the safest, most efficient and most sustainable means of motorized transport. But living up to its potential requires taking radical steps to ensure the resilience and competitiveness of the system on which millions rely. We believe nothing is impossible&#8230;.<\/p>","protected":false},"author":1,"featured_media":0,"parent":0,"menu_order":0,"comment_status":"closed","ping_status":"closed","template":"","meta":{"rank_math_lock_modified_date":false,"footnotes":""},"class_list":["post-17799","page","type-page","status-publish","hentry"],"_links":{"self":[{"href":"https:\/\/gfa-istanbul.com\/tr\/wp-json\/wp\/v2\/pages\/17799","targetHints":{"allow":["GET"]}}],"collection":[{"href":"https:\/\/gfa-istanbul.com\/tr\/wp-json\/wp\/v2\/pages"}],"about":[{"href":"https:\/\/gfa-istanbul.com\/tr\/wp-json\/wp\/v2\/types\/page"}],"author":[{"embeddable":true,"href":"https:\/\/gfa-istanbul.com\/tr\/wp-json\/wp\/v2\/users\/1"}],"replies":[{"embeddable":true,"href":"https:\/\/gfa-istanbul.com\/tr\/wp-json\/wp\/v2\/comments?post=17799"}],"version-history":[{"count":31,"href":"https:\/\/gfa-istanbul.com\/tr\/wp-json\/wp\/v2\/pages\/17799\/revisions"}],"predecessor-version":[{"id":18377,"href":"https:\/\/gfa-istanbul.com\/tr\/wp-json\/wp\/v2\/pages\/17799\/revisions\/18377"}],"wp:attachment":[{"href":"https:\/\/gfa-istanbul.com\/tr\/wp-json\/wp\/v2\/media?parent=17799"}],"curies":[{"name":"wp","href":"https:\/\/api.w.org\/{rel}","templated":true}]}}