{"id":16690,"date":"2024-01-03T13:36:02","date_gmt":"2024-01-03T13:36:02","guid":{"rendered":"https:\/\/gfa-istanbul.com\/?page_id=16690"},"modified":"2024-04-23T12:08:34","modified_gmt":"2024-04-23T12:08:34","slug":"quality-and-safety","status":"publish","type":"page","link":"https:\/\/gfa-istanbul.com\/tr\/quality-and-safety\/","title":{"rendered":"Kalite ve G\u00fcvenlik"},"content":{"rendered":"<div data-elementor-type=\"wp-page\" data-elementor-id=\"16690\" class=\"elementor elementor-16690\">\n\t\t\t\t\t\t<section class=\"elementor-section elementor-top-section elementor-element elementor-element-40114b7 elementor-section-full_width elementor-section-stretched elementor-section-height-min-height elementor-section-content-middle elementor-section-height-default elementor-section-items-middle\" data-id=\"40114b7\" data-element_type=\"section\" data-settings=\"{&quot;stretch_section&quot;:&quot;section-stretched&quot;,&quot;background_background&quot;:&quot;classic&quot;}\">\n\t\t\t\t\t\t\t<div class=\"elementor-background-overlay\"><\/div>\n\t\t\t\t\t\t\t<div class=\"elementor-container elementor-column-gap-no\">\n\t\t\t\t\t<div class=\"elementor-column elementor-col-100 elementor-top-column elementor-element elementor-element-5831615\" data-id=\"5831615\" data-element_type=\"column\">\n\t\t\t<div class=\"elementor-widget-wrap elementor-element-populated\">\n\t\t\t\t\t\t<div class=\"elementor-element elementor-element-e80ff7e elementor-widget elementor-widget-industrium_heading\" data-id=\"e80ff7e\" data-element_type=\"widget\" data-widget_type=\"industrium_heading.default\">\n\t\t\t\t<div class=\"elementor-widget-container\">\n\t\t\t<div class=\"industrium-heading-widget\"><h2 class=\"industrium-heading\"><span class=\"industrium-heading-content\">Kalite ve G\u00fcvenlik\n<\/span><\/h2><\/div>\t\t<\/div>\n\t\t\t\t<\/div>\n\t\t\t\t<div class=\"elementor-element elementor-element-92c19a4 elementor-widget elementor-widget-industrium_heading\" data-id=\"92c19a4\" data-element_type=\"widget\" data-widget_type=\"industrium_heading.default\">\n\t\t\t\t<div class=\"elementor-widget-container\">\n\t\t\t<div class=\"industrium-heading-widget\"><h2 class=\"industrium-heading translation-block\"><span class=\"industrium-heading-content\">D\u00fcnya Standartlar\u0131nda Kalite <br>M\u00fc\u015fteri Beklentilerini Kar\u015f\u0131lamak<\/span><\/h2><\/div>\t\t<\/div>\n\t\t\t\t<\/div>\n\t\t\t\t\t<\/div>\n\t\t<\/div>\n\t\t\t\t\t<\/div>\n\t\t<\/section>\n\t\t\t\t<section class=\"elementor-section elementor-top-section elementor-element elementor-element-c052e1d elementor-section-full_width elementor-section-stretched elementor-section-height-min-height elementor-section-content-middle elementor-section-height-default elementor-section-items-middle\" data-id=\"c052e1d\" data-element_type=\"section\" data-settings=\"{&quot;stretch_section&quot;:&quot;section-stretched&quot;}\">\n\t\t\t\t\t\t<div class=\"elementor-container elementor-column-gap-no\">\n\t\t\t\t\t<div class=\"elementor-column elementor-col-50 elementor-top-column elementor-element elementor-element-93f9d23\" data-id=\"93f9d23\" data-element_type=\"column\">\n\t\t\t<div class=\"elementor-widget-wrap elementor-element-populated\">\n\t\t\t\t\t\t<div class=\"elementor-element elementor-element-e292063 elementor-widget elementor-widget-video\" data-id=\"e292063\" data-element_type=\"widget\" data-settings=\"{&quot;youtube_url&quot;:&quot;https:\\\/\\\/youtu.be\\\/Cokqr-EgjoA&quot;,&quot;autoplay&quot;:&quot;yes&quot;,&quot;play_on_mobile&quot;:&quot;yes&quot;,&quot;mute&quot;:&quot;yes&quot;,&quot;loop&quot;:&quot;yes&quot;,&quot;video_type&quot;:&quot;youtube&quot;,&quot;controls&quot;:&quot;yes&quot;}\" data-widget_type=\"video.default\">\n\t\t\t\t<div class=\"elementor-widget-container\">\n\t\t\t\t\t<div class=\"elementor-wrapper elementor-open-inline\">\n\t\t\t<div class=\"elementor-video\"><\/div>\t\t<\/div>\n\t\t\t\t<\/div>\n\t\t\t\t<\/div>\n\t\t\t\t\t<\/div>\n\t\t<\/div>\n\t\t\t\t<div class=\"elementor-column elementor-col-50 elementor-top-column elementor-element elementor-element-849dc77\" data-id=\"849dc77\" data-element_type=\"column\">\n\t\t\t<div class=\"elementor-widget-wrap elementor-element-populated\">\n\t\t\t\t\t\t<div class=\"elementor-element elementor-element-3b6e5cf elementor-widget elementor-widget-industrium_heading\" data-id=\"3b6e5cf\" data-element_type=\"widget\" data-widget_type=\"industrium_heading.default\">\n\t\t\t\t<div class=\"elementor-widget-container\">\n\t\t\t<div class=\"industrium-heading-widget\"><h2 class=\"industrium-heading\"><span class=\"industrium-heading-content\">\u00dcr\u00fcnler ve M\u00fchendislik<\/span><\/h2><\/div>\t\t<\/div>\n\t\t\t\t<\/div>\n\t\t\t\t<div class=\"elementor-element elementor-element-e2c11cb elementor-widget elementor-widget-text-editor\" data-id=\"e2c11cb\" data-element_type=\"widget\" data-widget_type=\"text-editor.default\">\n\t\t\t\t<div class=\"elementor-widget-container\">\n\t\t\t\t\t\t\t<p class=\" translation-block\">\u2022 Product Catalog with Advanced Filtering Options&nbsp;<br>\u2022&nbsp;Detailed Pages for Each Product with 3D Models and Specifications<br>\u2022 Engineering Solutions to Common Industry Challenges<br>\u2022 Custom Engineering Services<\/p>\t\t\t\t\t\t<\/div>\n\t\t\t\t<\/div>\n\t\t\t\t<div class=\"elementor-element elementor-element-6b9f256 elementor-widget elementor-widget-button\" data-id=\"6b9f256\" data-element_type=\"widget\" data-widget_type=\"button.default\">\n\t\t\t\t<div class=\"elementor-widget-container\">\n\t\t\t\t\t<div class=\"elementor-button-wrapper\">\n\t\t\t<a class=\"elementor-button elementor-button-link elementor-size-sm\" href=\"https:\/\/gfa-istanbul.com\/tr\/contact\/\">\n\t\t\t\t\t\t<span class=\"elementor-button-content-wrapper\">\n\t\t\t\t\t\t\t\t\t<span class=\"elementor-button-text\">Dan\u0131\u015fmanl\u0131k Talebi<\/span>\n\t\t\t\t\t<\/span>\n\t\t\t\t\t<\/a>\n\t\t<\/div>\n\t\t\t\t<\/div>\n\t\t\t\t<\/div>\n\t\t\t\t\t<\/div>\n\t\t<\/div>\n\t\t\t\t\t<\/div>\n\t\t<\/section>\n\t\t\t\t<section class=\"elementor-section elementor-top-section elementor-element elementor-element-b8aad2e elementor-section-full_width elementor-section-stretched elementor-section-height-min-height elementor-section-content-middle elementor-section-height-default elementor-section-items-middle\" data-id=\"b8aad2e\" data-element_type=\"section\" data-settings=\"{&quot;stretch_section&quot;:&quot;section-stretched&quot;,&quot;background_background&quot;:&quot;classic&quot;}\">\n\t\t\t\t\t\t<div class=\"elementor-container elementor-column-gap-no\">\n\t\t\t\t\t<div class=\"elementor-column elementor-col-50 elementor-top-column elementor-element elementor-element-23b3be0\" data-id=\"23b3be0\" data-element_type=\"column\">\n\t\t\t<div class=\"elementor-widget-wrap elementor-element-populated\">\n\t\t\t\t\t\t<div class=\"elementor-element elementor-element-3d60194 elementor-widget elementor-widget-industrium_heading\" data-id=\"3d60194\" data-element_type=\"widget\" data-widget_type=\"industrium_heading.default\">\n\t\t\t\t<div class=\"elementor-widget-container\">\n\t\t\t<div class=\"industrium-heading-widget\"><h2 class=\"industrium-heading\"><span class=\"industrium-heading-content\">M\u00fckemmeliyet Merkezi<\/span><\/h2><\/div>\t\t<\/div>\n\t\t\t\t<\/div>\n\t\t\t\t<div class=\"elementor-element elementor-element-eb4b2de elementor-widget elementor-widget-text-editor\" data-id=\"eb4b2de\" data-element_type=\"widget\" data-widget_type=\"text-editor.default\">\n\t\t\t\t<div class=\"elementor-widget-container\">\n\t\t\t\t\t\t\t<p>Railsystems\", az bak\u0131m gerektiren ve ya\u011flama gerektirmeyen makaslar ve ge\u00e7itler i\u00e7in uygun bile\u015fenlerin dan\u0131\u015fmanl\u0131\u011f\u0131n\u0131 ve bu bile\u015fenlerin se\u00e7imini yapmak \u00fczere m\u00fc\u015fterileri i\u00e7in bir irtibat noktas\u0131 olmay\u0131 ama\u00e7lamaktad\u0131r.\u00a0\u00a0<\/p><p>Yeni geli\u015ftirilen bu \u00fcr\u00fcnlerin bir\u00e7o\u011fu, \u00e7ok say\u0131da uluslararas\u0131 demiryolu \u015firketinde ba\u015far\u0131yla kullan\u0131ld\u0131\u011f\u0131n\u0131 kan\u0131tlam\u0131\u015ft\u0131r.<\/p>\t\t\t\t\t\t<\/div>\n\t\t\t\t<\/div>\n\t\t\t\t\t<\/div>\n\t\t<\/div>\n\t\t\t\t<div class=\"elementor-column elementor-col-50 elementor-top-column elementor-element elementor-element-2f1ce5f\" data-id=\"2f1ce5f\" data-element_type=\"column\">\n\t\t\t<div class=\"elementor-widget-wrap elementor-element-populated\">\n\t\t\t\t\t\t<div class=\"elementor-element elementor-element-7581476 elementor-widget elementor-widget-video\" data-id=\"7581476\" data-element_type=\"widget\" data-settings=\"{&quot;video_type&quot;:&quot;hosted&quot;,&quot;autoplay&quot;:&quot;yes&quot;,&quot;play_on_mobile&quot;:&quot;yes&quot;,&quot;mute&quot;:&quot;yes&quot;,&quot;loop&quot;:&quot;yes&quot;,&quot;controls&quot;:&quot;yes&quot;}\" data-widget_type=\"video.default\">\n\t\t\t\t<div class=\"elementor-widget-container\">\n\t\t\t\t\t<div class=\"e-hosted-video elementor-wrapper elementor-open-inline\">\n\t\t\t\t\t<video class=\"elementor-video\" src=\"https:\/\/gfa-istanbul.com\/wp-content\/uploads\/2024\/01\/GCTtVxgC7j_M2lwCAAXhwygjD6ULbmdjAAAF.mp4\" autoplay=\"\" loop=\"\" controls=\"\" muted=\"muted\" playsinline=\"\" controlslist=\"nodownload\"><\/video>\n\t\t\t\t<\/div>\n\t\t\t\t<\/div>\n\t\t\t\t<\/div>\n\t\t\t\t\t<\/div>\n\t\t<\/div>\n\t\t\t\t\t<\/div>\n\t\t<\/section>\n\t\t\t\t<section class=\"elementor-section elementor-top-section elementor-element elementor-element-62579e2 elementor-section-full_width elementor-section-height-min-height elementor-section-content-middle elementor-section-height-default elementor-section-items-middle\" data-id=\"62579e2\" data-element_type=\"section\">\n\t\t\t\t\t\t<div class=\"elementor-container elementor-column-gap-no\">\n\t\t\t\t\t<div class=\"elementor-column elementor-col-100 elementor-top-column elementor-element elementor-element-3d2f554\" data-id=\"3d2f554\" data-element_type=\"column\">\n\t\t\t<div class=\"elementor-widget-wrap elementor-element-populated\">\n\t\t\t\t\t\t<div class=\"elementor-element elementor-element-714ac1a elementor-tabs-alignment-stretch elementor-tabs-view-horizontal elementor-widget elementor-widget-tabs\" data-id=\"714ac1a\" data-element_type=\"widget\" data-widget_type=\"tabs.default\">\n\t\t\t\t<div class=\"elementor-widget-container\">\n\t\t\t\t\t<div class=\"elementor-tabs\">\n\t\t\t<div class=\"elementor-tabs-wrapper\" role=\"tablist\" >\n\t\t\t\t\t\t\t\t\t<div id=\"elementor-tab-title-1181\" class=\"elementor-tab-title elementor-tab-desktop-title\" aria-selected=\"true\" data-tab=\"1\" role=\"tab\" tabindex=\"0\" aria-controls=\"elementor-tab-content-1181\" aria-expanded=\"false\">\u00dcr\u00fcn Bilgisi<\/div>\n\t\t\t\t\t\t\t\t\t<div id=\"elementor-tab-title-1182\" class=\"elementor-tab-title elementor-tab-desktop-title\" aria-selected=\"false\" data-tab=\"2\" role=\"tab\" tabindex=\"-1\" aria-controls=\"elementor-tab-content-1182\" aria-expanded=\"false\">K\u0131lavuzlar<\/div>\n\t\t\t\t\t\t\t\t\t<div id=\"elementor-tab-title-1183\" class=\"elementor-tab-title elementor-tab-desktop-title\" aria-selected=\"false\" data-tab=\"3\" role=\"tab\" tabindex=\"-1\" aria-controls=\"elementor-tab-content-1183\" aria-expanded=\"false\">Sertifikalar<\/div>\n\t\t\t\t\t\t\t<\/div>\n\t\t\t<div class=\"elementor-tabs-content-wrapper\" role=\"tablist\" aria-orientation=\"vertical\">\n\t\t\t\t\t\t\t\t\t<div class=\"elementor-tab-title elementor-tab-mobile-title\" aria-selected=\"true\" data-tab=\"1\" role=\"tab\" tabindex=\"0\" aria-controls=\"elementor-tab-content-1181\" aria-expanded=\"false\">\u00dcr\u00fcn Bilgisi<\/div>\n\t\t\t\t\t<div id=\"elementor-tab-content-1181\" class=\"elementor-tab-content elementor-clearfix\" data-tab=\"1\" role=\"tabpanel\" aria-labelledby=\"elementor-tab-title-1181\" tabindex=\"0\" hidden=\"false\"><ul class=\"cc_links\" role=\"tree\" aria-expanded=\"true\" aria-hidden=\"false\"><li><a href=\"https:\/\/gfa-istanbul.com\/wp-content\/uploads\/2024\/01\/CDP_Broschu\u0308re_Bahntechnik_2016.pdf\" target=\"_blank\" rel=\"noopener\">Animasyon Funktionsweise EVZ&#039;yi \u0130ndirin (PDF 2.07 MB)<\/a><\/li><li><a href=\"https:\/\/www.cdp-railsystems.com\/fileadmin\/mediamanager\/railsystems\/Downloads\/cdp_movie.mov\" target=\"_blank\" rel=\"noopener\">Film CDP Ray Sistemlerini \u0130ndirin (MOV 112 MB)<\/a><\/li><li><a href=\"https:\/\/gfa-istanbul.com\/wp-content\/uploads\/2024\/01\/EVZ_Funktionsweise.mpg\" target=\"_blank\" rel=\"noopener\">Animasyon \u0130\u015flevselli\u011fini \u0130ndirin EVZ (MPG 36 MB)<\/a><\/li><\/ul><\/div>\n\t\t\t\t\t\t\t\t\t<div class=\"elementor-tab-title elementor-tab-mobile-title\" aria-selected=\"false\" data-tab=\"2\" role=\"tab\" tabindex=\"-1\" aria-controls=\"elementor-tab-content-1182\" aria-expanded=\"false\">K\u0131lavuzlar<\/div>\n\t\t\t\t\t<div id=\"elementor-tab-content-1182\" class=\"elementor-tab-content elementor-clearfix\" data-tab=\"2\" role=\"tabpanel\" aria-labelledby=\"elementor-tab-title-1182\" tabindex=\"0\" hidden=\"hidden\"><ul class=\"cc_links\" role=\"tree\" aria-expanded=\"true\" aria-hidden=\"false\"><li><a href=\"https:\/\/gfa-istanbul.com\/wp-content\/uploads\/2024\/01\/089922_Rev._1_2014_CDP_Einbauanweisung_IRV_EN.pdf\" target=\"_blank\" rel=\"noopener\">Entegre anahtarlama silindirleri k\u0131lavuzu (PDF 2,41 MB)<\/a><\/li><li><i class=\"cc-basic-icon-down\"><\/i><a href=\"https:\/\/gfa-istanbul.com\/wp-content\/uploads\/2024\/01\/089917_Rev._2_Installation_Manual_ARV_CDP_EN.pdf\" target=\"_blank\" rel=\"noopener\">Anahtar silindirlerinin sonradan tak\u0131lmas\u0131 k\u0131lavuzu (PDF 844 kB)<\/a><\/li><li><i class=\"cc-basic-icon-down\"><\/i><a href=\"https:\/\/gfa-istanbul.com\/wp-content\/uploads\/2024\/01\/089905_Rev._3_Einbau-_und_Instandhaltungsanweisung_BFL22__Ausgabe_4.0__2015_-_EN.pdf\" target=\"_blank\" rel=\"noopener\">BFL kilitleme cihaz\u0131 k\u0131lavuzu (PDF 604 kB)<\/a><\/li><li><i class=\"cc-basic-icon-down\"><\/i><a href=\"https:\/\/gfa-istanbul.com\/wp-content\/uploads\/2024\/01\/089937_Rev._6_Iow_92.1034_A06-_Einbau-_und_Instandhaltungsanweisung_EVZ_150626_en.pdf\" target=\"_blank\" rel=\"noopener\">EVZ kilitleme cihaz\u0131 k\u0131lavuzu (PDF 1,73 MB)<\/a><\/li><\/ul><\/div>\n\t\t\t\t\t\t\t\t\t<div class=\"elementor-tab-title elementor-tab-mobile-title\" aria-selected=\"false\" data-tab=\"3\" role=\"tab\" tabindex=\"-1\" aria-controls=\"elementor-tab-content-1183\" aria-expanded=\"false\">Sertifikalar<\/div>\n\t\t\t\t\t<div id=\"elementor-tab-content-1183\" class=\"elementor-tab-content elementor-clearfix\" data-tab=\"3\" role=\"tabpanel\" aria-labelledby=\"elementor-tab-title-1183\" tabindex=\"0\" hidden=\"hidden\"><ul class=\"cc_links\" role=\"tree\" aria-expanded=\"true\" aria-hidden=\"false\"><li><a href=\"https:\/\/gfa-istanbul.com\/wp-content\/uploads\/2024\/01\/E066576_Bharat_Forge_IATF_WA_21_pod_EN.pdf\" target=\"_blank\" rel=\"noopener\">ISO\/TS 16949:2009&#039;u indirin (PDF 601 kB)<\/a><\/li><li><i class=\"cc-basic-icon-down\"><\/i><a href=\"https:\/\/gfa-istanbul.com\/wp-content\/uploads\/2024\/01\/Zertifikat_EEG__50001_2020_mit_neue_Rechtsform_Compatibility_Mode_.pdf\" target=\"_blank\" rel=\"noopener\">DIN EN ISO 50001:2018&#039;i indirin (PDF 196 kB)<\/a><\/li><li><i class=\"cc-basic-icon-down\"><\/i><a href=\"https:\/\/gfa-istanbul.com\/wp-content\/uploads\/2024\/01\/2018_Arbeits-__Gesundheits-__Umweltschutz_BF_CDP.pdf\" target=\"_blank\" rel=\"noopener\">BS OHSAS 18001:2007 ve ISO 14001:2015&#039;i indirin (PDF 866 kB)<\/a><\/li><li><i class=\"cc-basic-icon-down\"><\/i><a href=\"https:\/\/gfa-istanbul.com\/wp-content\/uploads\/2024\/01\/210209_HPQ_Zertifikat_Bharat_Forge_Korrektur_durch_DB_.pdf\" target=\"_blank\" rel=\"noopener\">1. \u00c7eyre\u011fi \u0130ndirin (Deutsche Bahn AG) (PDF 396 kB)<\/a><\/li><li><i class=\"cc-basic-icon-down\"><\/i><a href=\"https:\/\/gfa-istanbul.com\/wp-content\/uploads\/2024\/01\/210209_HPQ_Zertifikat_Bharat_Forge_Korrektur_durch_DB_-1.pdf\" target=\"_blank\" rel=\"noopener\">HPQ&#039;yu indirin (Deutsche Bahn AG) (PDF 396 kB)<\/a><\/li><\/ul><\/div>\n\t\t\t\t\t\t\t<\/div>\n\t\t<\/div>\n\t\t\t\t<\/div>\n\t\t\t\t<\/div>\n\t\t\t\t\t<\/div>\n\t\t<\/div>\n\t\t\t\t\t<\/div>\n\t\t<\/section>\n\t\t\t\t<\/div>","protected":false},"excerpt":{"rendered":"<p>https:\/\/youtu.be\/Cokqr-EgjoA \u2022 Product Catalog with Advanced Filtering Options\u00a0\u2022\u00a0Detailed Pages for Each Product with 3D Models and Specifications\u2022 Engineering Solutions to Common Industry Challenges\u2022 Custom Engineering Services Request a Consultation \u201cRailsystems\u201d is meant to be contact point for its customer requiring consultation&#8230;<\/p>","protected":false},"author":1,"featured_media":0,"parent":0,"menu_order":0,"comment_status":"closed","ping_status":"closed","template":"","meta":{"rank_math_lock_modified_date":false,"footnotes":""},"class_list":["post-16690","page","type-page","status-publish","hentry"],"_links":{"self":[{"href":"https:\/\/gfa-istanbul.com\/tr\/wp-json\/wp\/v2\/pages\/16690","targetHints":{"allow":["GET"]}}],"collection":[{"href":"https:\/\/gfa-istanbul.com\/tr\/wp-json\/wp\/v2\/pages"}],"about":[{"href":"https:\/\/gfa-istanbul.com\/tr\/wp-json\/wp\/v2\/types\/page"}],"author":[{"embeddable":true,"href":"https:\/\/gfa-istanbul.com\/tr\/wp-json\/wp\/v2\/users\/1"}],"replies":[{"embeddable":true,"href":"https:\/\/gfa-istanbul.com\/tr\/wp-json\/wp\/v2\/comments?post=16690"}],"version-history":[{"count":77,"href":"https:\/\/gfa-istanbul.com\/tr\/wp-json\/wp\/v2\/pages\/16690\/revisions"}],"predecessor-version":[{"id":18380,"href":"https:\/\/gfa-istanbul.com\/tr\/wp-json\/wp\/v2\/pages\/16690\/revisions\/18380"}],"wp:attachment":[{"href":"https:\/\/gfa-istanbul.com\/tr\/wp-json\/wp\/v2\/media?parent=16690"}],"curies":[{"name":"wp","href":"https:\/\/api.w.org\/{rel}","templated":true}]}}