{"id":16134,"date":"2023-11-16T08:21:46","date_gmt":"2023-11-16T08:21:46","guid":{"rendered":"https:\/\/gfa-istanbul.com\/?page_id=16134"},"modified":"2024-04-23T12:16:48","modified_gmt":"2024-04-23T12:16:48","slug":"hollow-bearer-vs-bf","status":"publish","type":"page","link":"https:\/\/gfa-istanbul.com\/tr\/hollow-bearer-vs-bf\/","title":{"rendered":"\u0130\u00e7i Bo\u015f Ta\u015f\u0131y\u0131c\u0131 VS-BF"},"content":{"rendered":"<div data-elementor-type=\"wp-page\" data-elementor-id=\"16134\" class=\"elementor elementor-16134\">\n\t\t\t\t\t\t<section class=\"elementor-section elementor-top-section elementor-element elementor-element-d3e67b6 elementor-section-full_width elementor-section-stretched elementor-section-height-min-height elementor-section-content-middle elementor-section-height-default elementor-section-items-middle\" data-id=\"d3e67b6\" data-element_type=\"section\" data-settings=\"{&quot;stretch_section&quot;:&quot;section-stretched&quot;,&quot;background_background&quot;:&quot;classic&quot;}\">\n\t\t\t\t\t\t\t<div class=\"elementor-background-overlay\"><\/div>\n\t\t\t\t\t\t\t<div class=\"elementor-container elementor-column-gap-no\">\n\t\t\t\t\t<div class=\"elementor-column elementor-col-100 elementor-top-column elementor-element elementor-element-878e7c9\" data-id=\"878e7c9\" data-element_type=\"column\">\n\t\t\t<div class=\"elementor-widget-wrap elementor-element-populated\">\n\t\t\t\t\t\t<div class=\"elementor-element elementor-element-697e7e7 elementor-widget elementor-widget-industrium_heading\" data-id=\"697e7e7\" data-element_type=\"widget\" data-widget_type=\"industrium_heading.default\">\n\t\t\t\t<div class=\"elementor-widget-container\">\n\t\t\t<div class=\"industrium-heading-widget\"><h2 class=\"industrium-heading\"><span class=\"industrium-heading-content\">\u00dcr\u00fcnler<\/span><\/h2><\/div>\t\t<\/div>\n\t\t\t\t<\/div>\n\t\t\t\t<div class=\"elementor-element elementor-element-dbacaa6 elementor-widget elementor-widget-industrium_heading\" data-id=\"dbacaa6\" data-element_type=\"widget\" data-widget_type=\"industrium_heading.default\">\n\t\t\t\t<div class=\"elementor-widget-container\">\n\t\t\t<div class=\"industrium-heading-widget\"><h2 class=\"industrium-heading\"><span class=\"industrium-heading-content\">\u0130\u00e7i Bo\u015f Ta\u015f\u0131y\u0131c\u0131 VS-BF <\/span><\/h2><\/div>\t\t<\/div>\n\t\t\t\t<\/div>\n\t\t\t\t\t<\/div>\n\t\t<\/div>\n\t\t\t\t\t<\/div>\n\t\t<\/section>\n\t\t\t\t<section class=\"elementor-section elementor-top-section elementor-element elementor-element-6bacc30d elementor-section-full_width elementor-section-stretched elementor-section-height-min-height elementor-section-content-middle elementor-reverse-mobile elementor-section-height-default elementor-section-items-middle\" data-id=\"6bacc30d\" data-element_type=\"section\" data-settings=\"{&quot;stretch_section&quot;:&quot;section-stretched&quot;}\">\n\t\t\t\t\t\t<div class=\"elementor-container elementor-column-gap-wide\">\n\t\t\t\t\t<div class=\"elementor-column elementor-col-50 elementor-top-column elementor-element elementor-element-59ed1a5d\" data-id=\"59ed1a5d\" data-element_type=\"column\">\n\t\t\t<div class=\"elementor-widget-wrap elementor-element-populated\">\n\t\t\t\t\t\t<div class=\"elementor-element elementor-element-79bfd0b2 elementor-widget elementor-widget-industrium_heading\" data-id=\"79bfd0b2\" data-element_type=\"widget\" data-widget_type=\"industrium_heading.default\">\n\t\t\t\t<div class=\"elementor-widget-container\">\n\t\t\t<div class=\"industrium-heading-widget\"><h2 class=\"industrium-heading\"><span class=\"industrium-heading-content\"><span style=\"font-weight: 400\">\u0130\u00e7i Bo\u015f Ta\u015f\u0131y\u0131c\u0131 VS-BF <\/span><\/span><\/h2><\/div>\t\t<\/div>\n\t\t\t\t<\/div>\n\t\t\t\t<div class=\"elementor-element elementor-element-62603f86 elementor-widget elementor-widget-text-editor\" data-id=\"62603f86\" data-element_type=\"widget\" data-widget_type=\"text-editor.default\">\n\t\t\t\t<div class=\"elementor-widget-container\">\n\t\t\t\t\t\t\t<p><span style=\"font-weight: 400;\">VS-BF bo\u015fluklu ta\u015f\u0131y\u0131c\u0131 kilitleme tertibat\u0131n\u0131n ve gerekli t\u00fcm tahrik ve tespit \u00e7ubuklar\u0131n\u0131n entegrasyonunu sa\u011flar. B\u00f6ylece balast\u0131n i\u00e7ine standart bir demiryolu traversi gibi yerle\u015ftirilebilmektedir. Bu da komple bir makas \u00e7iftinin mekanik ve otomatik buraj\u0131na olanak tan\u0131r ve makas\u0131n konum stabilitesinin artmas\u0131n\u0131 beraberinde getirir. Kayar plakalar ve ba\u011flant\u0131 elemanlar\u0131 gibi t\u00fcm aksesuar ekipmanlar\u0131 iyi bir \u015fekilde birle\u015ftirilmi\u015ftir ve iste\u011fe ba\u011fl\u0131 olarak \u00f6nceden monte edilmi\u015f olarak teslim edilebilmektedir. Kapak profilleri entegre bile\u015fenleri zorlu \u00e7evre ko\u015fullar\u0131na ve kire kar\u015f\u0131 korur. Bak\u0131m ve muayenede kapaklar kolayl\u0131kla s\u00f6k\u00fclebilir niteliktedir.\u00a0<\/span><\/p><p>Bo\u015fluklu ta\u015f\u0131y\u0131c\u0131 i\u00e7inde \u0131s\u0131t\u0131c\u0131 kullan\u0131m\u0131 i\u00e7in uygun kablo kanallar\u0131 \u00f6ng\u00f6r\u00fclm\u00fc\u015ft\u00fcr. M\u00fc\u015fteri talep ederse, alt tarafa elastik taban yap\u0131labilir. B\u00f6ylece, balast korunmu\u015f, pozisyon stabilitesi artm\u0131\u015f ve yol \u00e7al\u0131\u015fmas\u0131n\u0131n dinamik ve akustik \u00f6zellikleri iyile\u015fmi\u015f olur. VS-BF, m\u00fc\u015fterinin gereksinimlerine g\u00f6re \u00f6zel olarak tasarlanabilir.<\/p>\t\t\t\t\t\t<\/div>\n\t\t\t\t<\/div>\n\t\t\t\t\t<\/div>\n\t\t<\/div>\n\t\t\t\t<div class=\"elementor-column elementor-col-50 elementor-top-column elementor-element elementor-element-46bced6d\" data-id=\"46bced6d\" data-element_type=\"column\">\n\t\t\t<div class=\"elementor-widget-wrap elementor-element-populated\">\n\t\t\t\t\t\t<div class=\"elementor-element elementor-element-0a2f8d7 elementor-widget elementor-widget-image\" data-id=\"0a2f8d7\" data-element_type=\"widget\" data-widget_type=\"image.default\">\n\t\t\t\t<div class=\"elementor-widget-container\">\n\t\t\t\t\t\t\t\t\t\t\t\t\t<img loading=\"lazy\" decoding=\"async\" width=\"1024\" height=\"584\" src=\"https:\/\/gfa-istanbul.com\/wp-content\/uploads\/2023\/12\/Ekran-Resmi-2023-12-22-17.40.38.png\" class=\"attachment-large size-large wp-image-16481\" alt=\"\" \/>\t\t\t\t\t\t\t\t\t\t\t\t\t<\/div>\n\t\t\t\t<\/div>\n\t\t\t\t\t<\/div>\n\t\t<\/div>\n\t\t\t\t\t<\/div>\n\t\t<\/section>\n\t\t\t\t<section class=\"elementor-section elementor-top-section elementor-element elementor-element-a1a7033 elementor-section-full_width elementor-section-stretched elementor-section-height-min-height elementor-section-content-middle elementor-section-height-default elementor-section-items-middle\" data-id=\"a1a7033\" data-element_type=\"section\" data-settings=\"{&quot;stretch_section&quot;:&quot;section-stretched&quot;}\">\n\t\t\t\t\t\t<div class=\"elementor-container elementor-column-gap-wide\">\n\t\t\t\t\t<div class=\"elementor-column elementor-col-50 elementor-top-column elementor-element elementor-element-2a8749e\" data-id=\"2a8749e\" data-element_type=\"column\">\n\t\t\t<div class=\"elementor-widget-wrap elementor-element-populated\">\n\t\t\t\t\t\t<div class=\"elementor-element elementor-element-137203c elementor-widget elementor-widget-image\" data-id=\"137203c\" data-element_type=\"widget\" data-widget_type=\"image.default\">\n\t\t\t\t<div class=\"elementor-widget-container\">\n\t\t\t\t\t\t\t\t\t\t\t\t\t<img loading=\"lazy\" decoding=\"async\" width=\"1024\" height=\"1024\" src=\"https:\/\/gfa-istanbul.com\/wp-content\/uploads\/2024\/04\/Adsiz-tasarim-79.jpg\" class=\"attachment-large size-large wp-image-18238\" alt=\"\" srcset=\"https:\/\/gfa-istanbul.com\/wp-content\/uploads\/2024\/04\/Adsiz-tasarim-79.jpg 1024w, https:\/\/gfa-istanbul.com\/wp-content\/uploads\/2024\/04\/Adsiz-tasarim-79-300x300.jpg 300w, https:\/\/gfa-istanbul.com\/wp-content\/uploads\/2024\/04\/Adsiz-tasarim-79-150x150.jpg 150w, https:\/\/gfa-istanbul.com\/wp-content\/uploads\/2024\/04\/Adsiz-tasarim-79-768x768.jpg 768w, https:\/\/gfa-istanbul.com\/wp-content\/uploads\/2024\/04\/Adsiz-tasarim-79-12x12.jpg 12w, https:\/\/gfa-istanbul.com\/wp-content\/uploads\/2024\/04\/Adsiz-tasarim-79-600x600.jpg 600w\" sizes=\"auto, (max-width: 1024px) 100vw, 1024px\" \/>\t\t\t\t\t\t\t\t\t\t\t\t\t<\/div>\n\t\t\t\t<\/div>\n\t\t\t\t\t<\/div>\n\t\t<\/div>\n\t\t\t\t<div class=\"elementor-column elementor-col-50 elementor-top-column elementor-element elementor-element-f35118e\" data-id=\"f35118e\" data-element_type=\"column\">\n\t\t\t<div class=\"elementor-widget-wrap elementor-element-populated\">\n\t\t\t\t\t\t<div class=\"elementor-element elementor-element-078cacb elementor-widget elementor-widget-industrium_heading\" data-id=\"078cacb\" data-element_type=\"widget\" data-widget_type=\"industrium_heading.default\">\n\t\t\t\t<div class=\"elementor-widget-container\">\n\t\t\t<div class=\"industrium-heading-widget\"><h2 class=\"industrium-heading translation-block\"><span class=\"industrium-heading-content\"><span style=\"font-weight: 400;color: #333\">Makaslar demiryolu sistemlerinin <\/span><span style=\"font-weight: 400\">en kritik par\u00e7as\u0131d\u0131r.<\/span><\/span><\/h2><\/div>\t\t<\/div>\n\t\t\t\t<\/div>\n\t\t\t\t<div class=\"elementor-element elementor-element-56e21f4 elementor-widget elementor-widget-text-editor\" data-id=\"56e21f4\" data-element_type=\"widget\" data-widget_type=\"text-editor.default\">\n\t\t\t\t<div class=\"elementor-widget-container\">\n\t\t\t\t\t\t\t<p><span style=\"font-weight: 400;\">Bak\u0131m ve kontrol i\u00e7in kapaklar kolayca s\u00f6k\u00fclebilir. \u0130\u00e7i bo\u015f ta\u015f\u0131y\u0131c\u0131 i\u00e7inde bir \u0131s\u0131t\u0131c\u0131 kullan\u0131m\u0131 i\u00e7in kablo kanallar\u0131 \u00f6ng\u00f6r\u00fclm\u00fc\u015ft\u00fcr.\u00a0<\/span><\/p><p>M\u00fc\u015fterinin talebi \u00fczerine, alt taraf elastik bir tabanla donat\u0131labilir. Bu, balast\u0131 korur, konum stabilitesini art\u0131r\u0131r ve ray sisteminin dinamik ve akustik \u00f6zelliklerini iyile\u015ftirir. VS-BF'nin tasar\u0131m\u0131 m\u00fc\u015fterinin gereksinimlerine g\u00f6re \u00f6zel olarak yap\u0131labilir.<\/p>\t\t\t\t\t\t<\/div>\n\t\t\t\t<\/div>\n\t\t\t\t\t<\/div>\n\t\t<\/div>\n\t\t\t\t\t<\/div>\n\t\t<\/section>\n\t\t\t\t<section class=\"elementor-section elementor-top-section elementor-element elementor-element-7844544c elementor-section-full_width elementor-section-stretched elementor-section-content-middle elementor-section-height-default elementor-section-height-default\" data-id=\"7844544c\" data-element_type=\"section\" data-settings=\"{&quot;stretch_section&quot;:&quot;section-stretched&quot;,&quot;background_background&quot;:&quot;classic&quot;}\">\n\t\t\t\t\t\t\t<div class=\"elementor-background-overlay\"><\/div>\n\t\t\t\t\t\t\t<div class=\"elementor-container elementor-column-gap-no\">\n\t\t\t\t\t<div class=\"elementor-column elementor-col-100 elementor-top-column elementor-element elementor-element-58694eed\" data-id=\"58694eed\" data-element_type=\"column\">\n\t\t\t<div class=\"elementor-widget-wrap elementor-element-populated\">\n\t\t\t\t\t\t<section class=\"elementor-section elementor-inner-section elementor-element elementor-element-2d70509a elementor-section-content-middle elementor-section-height-min-height elementor-section-boxed elementor-section-height-default\" data-id=\"2d70509a\" data-element_type=\"section\">\n\t\t\t\t\t\t<div class=\"elementor-container elementor-column-gap-wide\">\n\t\t\t\t\t<div class=\"elementor-column elementor-col-50 elementor-inner-column elementor-element elementor-element-2a9d769d animated-fast elementor-invisible\" data-id=\"2a9d769d\" data-element_type=\"column\" data-settings=\"{&quot;animation&quot;:&quot;industrium_clip_in_down&quot;,&quot;animation_tablet_extra&quot;:&quot;none&quot;,&quot;animation_delay&quot;:500}\">\n\t\t\t<div class=\"elementor-widget-wrap\">\n\t\t\t\t\t\t\t<\/div>\n\t\t<\/div>\n\t\t\t\t<div class=\"elementor-column elementor-col-50 elementor-inner-column elementor-element elementor-element-22704340 animated-fast elementor-invisible\" data-id=\"22704340\" data-element_type=\"column\" data-settings=\"{&quot;background_background&quot;:&quot;classic&quot;,&quot;animation&quot;:&quot;industrium_clip_in_down&quot;,&quot;animation_tablet_extra&quot;:&quot;none&quot;,&quot;animation_delay&quot;:500}\">\n\t\t\t<div class=\"elementor-widget-wrap elementor-element-populated\">\n\t\t\t\t\t\t<div class=\"elementor-element elementor-element-67fb848a elementor-widget elementor-widget-industrium_heading\" data-id=\"67fb848a\" data-element_type=\"widget\" data-widget_type=\"industrium_heading.default\">\n\t\t\t\t<div class=\"elementor-widget-container\">\n\t\t\t<div class=\"industrium-heading-widget\"><h2 class=\"industrium-heading translation-block\"><span class=\"industrium-heading-content\"><span style=\"color: #ffffff\">Demiryolu raylar\u0131n\u0131z\u0131n dayan\u0131kl\u0131l\u0131\u011f\u0131 ve bak\u0131m\u0131 son derece<\/span> kolay, g\u00fcvenli, emniyetli, s\u00fcrd\u00fcr\u00fclebilir<\/span>.<\/h2><\/div>\t\t<\/div>\n\t\t\t\t<\/div>\n\t\t\t\t<div class=\"elementor-element elementor-element-7a86313d elementor-widget elementor-widget-industrium_heading\" data-id=\"7a86313d\" data-element_type=\"widget\" data-widget_type=\"industrium_heading.default\">\n\t\t\t\t<div class=\"elementor-widget-container\">\n\t\t\t<div class=\"industrium-heading-widget\"><h6 class=\"industrium-heading\"><span class=\"industrium-heading-content\"><span style=\"font-weight: 400\">Az Bak\u0131m gerektiren, Anahtar Kilitleme Cihazlar\u0131<\/span><\/span><\/h6><\/div>\t\t<\/div>\n\t\t\t\t<\/div>\n\t\t\t\t<div class=\"elementor-element elementor-element-471208fb elementor-widget elementor-widget-text-editor\" data-id=\"471208fb\" data-element_type=\"widget\" data-widget_type=\"text-editor.default\">\n\t\t\t\t<div class=\"elementor-widget-container\">\n\t\t\t\t\t\t\t<p class=\" translation-block\">Bharat Forge CDP'nin yetkili distrib\u00fct\u00f6r\u00fc GFA \u0130stanbul olarak, d\u00fcnya \u00e7ap\u0131nda tan\u0131nan bir markan\u0131n g\u00fcvenilirli\u011fi ve g\u00fcvencesiyle faaliyet g\u00f6steriyoruz. Portf\u00f6y\u00fcm\u00fczde anahtar makara sistemleri, az bak\u0131m gerektiren anahtar bile\u015fenleri i\u00e7in kilitleme cihazlar\u0131 bulunmaktad\u0131r. M\u00fckemmellik vaadimiz, Bharat Forge CDP'nin k\u00fcresel itibar\u0131na dayanmakta ve her hizmetimizde benzersiz deneyim ve kalite sa\u011flamaktad\u0131r.<\/p>\t\t\t\t\t\t<\/div>\n\t\t\t\t<\/div>\n\t\t\t\t\t<\/div>\n\t\t<\/div>\n\t\t\t\t\t<\/div>\n\t\t<\/section>\n\t\t\t\t\t<\/div>\n\t\t<\/div>\n\t\t\t\t\t<\/div>\n\t\t<\/section>\n\t\t\t\t<\/div>","protected":false},"excerpt":{"rendered":"<p>The hollow bearer VS-BF enables the integration of a locking device and all necessary drive and detection rods as well. Thus it can be positioned in the ballast just as a standard railway sleeper. This enables a mechanical and automatic tamping&#8230;<\/p>","protected":false},"author":1,"featured_media":0,"parent":0,"menu_order":0,"comment_status":"closed","ping_status":"closed","template":"","meta":{"rank_math_lock_modified_date":false,"footnotes":""},"class_list":["post-16134","page","type-page","status-publish","hentry"],"_links":{"self":[{"href":"https:\/\/gfa-istanbul.com\/tr\/wp-json\/wp\/v2\/pages\/16134","targetHints":{"allow":["GET"]}}],"collection":[{"href":"https:\/\/gfa-istanbul.com\/tr\/wp-json\/wp\/v2\/pages"}],"about":[{"href":"https:\/\/gfa-istanbul.com\/tr\/wp-json\/wp\/v2\/types\/page"}],"author":[{"embeddable":true,"href":"https:\/\/gfa-istanbul.com\/tr\/wp-json\/wp\/v2\/users\/1"}],"replies":[{"embeddable":true,"href":"https:\/\/gfa-istanbul.com\/tr\/wp-json\/wp\/v2\/comments?post=16134"}],"version-history":[{"count":65,"href":"https:\/\/gfa-istanbul.com\/tr\/wp-json\/wp\/v2\/pages\/16134\/revisions"}],"predecessor-version":[{"id":18392,"href":"https:\/\/gfa-istanbul.com\/tr\/wp-json\/wp\/v2\/pages\/16134\/revisions\/18392"}],"wp:attachment":[{"href":"https:\/\/gfa-istanbul.com\/tr\/wp-json\/wp\/v2\/media?parent=16134"}],"curies":[{"name":"wp","href":"https:\/\/api.w.org\/{rel}","templated":true}]}}