{"id":16118,"date":"2023-11-16T08:05:32","date_gmt":"2023-11-16T08:05:32","guid":{"rendered":"https:\/\/gfa-istanbul.com\/?page_id=16118"},"modified":"2024-04-23T12:22:39","modified_gmt":"2024-04-23T12:22:39","slug":"low-maintenance-locking-device-moveable-frog-evh","status":"publish","type":"page","link":"https:\/\/gfa-istanbul.com\/tr\/low-maintenance-locking-device-moveable-frog-evh\/","title":{"rendered":"Low Maintenance Locking Device Moveable Frog &#8211; EVH"},"content":{"rendered":"<div data-elementor-type=\"wp-page\" data-elementor-id=\"16118\" class=\"elementor elementor-16118\">\n\t\t\t\t\t\t<section class=\"elementor-section elementor-top-section elementor-element elementor-element-a2f9d5b elementor-section-full_width elementor-section-stretched elementor-section-height-min-height elementor-section-content-middle elementor-section-height-default elementor-section-items-middle\" data-id=\"a2f9d5b\" data-element_type=\"section\" data-settings=\"{&quot;stretch_section&quot;:&quot;section-stretched&quot;,&quot;background_background&quot;:&quot;classic&quot;}\">\n\t\t\t\t\t\t\t<div class=\"elementor-background-overlay\"><\/div>\n\t\t\t\t\t\t\t<div class=\"elementor-container elementor-column-gap-no\">\n\t\t\t\t\t<div class=\"elementor-column elementor-col-100 elementor-top-column elementor-element elementor-element-8dcefd7\" data-id=\"8dcefd7\" data-element_type=\"column\">\n\t\t\t<div class=\"elementor-widget-wrap elementor-element-populated\">\n\t\t\t\t\t\t<div class=\"elementor-element elementor-element-d4c689f elementor-widget elementor-widget-industrium_heading\" data-id=\"d4c689f\" data-element_type=\"widget\" data-widget_type=\"industrium_heading.default\">\n\t\t\t\t<div class=\"elementor-widget-container\">\n\t\t\t<div class=\"industrium-heading-widget\"><h2 class=\"industrium-heading\"><span class=\"industrium-heading-content\">\u00dcr\u00fcnler<\/span><\/h2><\/div>\t\t<\/div>\n\t\t\t\t<\/div>\n\t\t\t\t<div class=\"elementor-element elementor-element-f2167f5 elementor-widget elementor-widget-industrium_heading\" data-id=\"f2167f5\" data-element_type=\"widget\" data-widget_type=\"industrium_heading.default\">\n\t\t\t\t<div class=\"elementor-widget-container\">\n\t\t\t<div class=\"industrium-heading-widget\"><h2 class=\"industrium-heading translation-block\"><span class=\"industrium-heading-content\">Low Maintenance Locking <br>Device Moveable <br>Frog - EVH<\/span><\/h2><\/div>\t\t<\/div>\n\t\t\t\t<\/div>\n\t\t\t\t\t<\/div>\n\t\t<\/div>\n\t\t\t\t\t<\/div>\n\t\t<\/section>\n\t\t\t\t<section class=\"elementor-section elementor-top-section elementor-element elementor-element-6e79eaa7 elementor-section-full_width elementor-section-stretched elementor-section-height-min-height elementor-section-content-middle elementor-reverse-mobile elementor-section-height-default elementor-section-items-middle\" data-id=\"6e79eaa7\" data-element_type=\"section\" data-settings=\"{&quot;stretch_section&quot;:&quot;section-stretched&quot;}\">\n\t\t\t\t\t\t<div class=\"elementor-container elementor-column-gap-wide\">\n\t\t\t\t\t<div class=\"elementor-column elementor-col-50 elementor-top-column elementor-element elementor-element-525a9e8a\" data-id=\"525a9e8a\" data-element_type=\"column\">\n\t\t\t<div class=\"elementor-widget-wrap elementor-element-populated\">\n\t\t\t\t\t\t<div class=\"elementor-element elementor-element-5d1a3253 elementor-widget elementor-widget-industrium_heading\" data-id=\"5d1a3253\" data-element_type=\"widget\" data-widget_type=\"industrium_heading.default\">\n\t\t\t\t<div class=\"elementor-widget-container\">\n\t\t\t<div class=\"industrium-heading-widget\"><h2 class=\"industrium-heading\"><span class=\"industrium-heading-content\"><span style=\"font-weight: 400\">Low Maintenance Locking Device For Moveable Frogs - EVH<\/span><\/span><\/h2><\/div>\t\t<\/div>\n\t\t\t\t<\/div>\n\t\t\t\t<div class=\"elementor-element elementor-element-76b85a5d elementor-widget elementor-widget-text-editor\" data-id=\"76b85a5d\" data-element_type=\"widget\" data-widget_type=\"text-editor.default\">\n\t\t\t\t<div class=\"elementor-widget-container\">\n\t\t\t\t\t\t\t<span style=\"font-weight: 400;\">Deutsche Bahn AG i\u00e7in EVZ entegre kilitleme cihaz\u0131n\u0131n yeni geli\u015ftirilmesi kapsam\u0131nda, hareketli g\u00f6bekler i\u00e7in EVH yeni kilitleme cihaz\u0131 da tasarlanm\u0131\u015ft\u0131r.<\/span>\t\t\t\t\t\t<\/div>\n\t\t\t\t<\/div>\n\t\t\t\t\t<\/div>\n\t\t<\/div>\n\t\t\t\t<div class=\"elementor-column elementor-col-50 elementor-top-column elementor-element elementor-element-312c96c2\" data-id=\"312c96c2\" data-element_type=\"column\">\n\t\t\t<div class=\"elementor-widget-wrap elementor-element-populated\">\n\t\t\t\t\t\t<div class=\"elementor-element elementor-element-9b588ab elementor-widget elementor-widget-image\" data-id=\"9b588ab\" data-element_type=\"widget\" data-widget_type=\"image.default\">\n\t\t\t\t<div class=\"elementor-widget-container\">\n\t\t\t\t\t\t\t\t\t\t\t\t\t<img loading=\"lazy\" decoding=\"async\" width=\"819\" height=\"304\" src=\"https:\/\/gfa-istanbul.com\/wp-content\/uploads\/2024\/04\/Claw-lock-device-for-moveable-frog-EVH-removebg-preview.png\" class=\"attachment-large size-large wp-image-17922\" alt=\"\" srcset=\"https:\/\/gfa-istanbul.com\/wp-content\/uploads\/2024\/04\/Claw-lock-device-for-moveable-frog-EVH-removebg-preview.png 819w, https:\/\/gfa-istanbul.com\/wp-content\/uploads\/2024\/04\/Claw-lock-device-for-moveable-frog-EVH-removebg-preview-300x111.png 300w, https:\/\/gfa-istanbul.com\/wp-content\/uploads\/2024\/04\/Claw-lock-device-for-moveable-frog-EVH-removebg-preview-768x285.png 768w, https:\/\/gfa-istanbul.com\/wp-content\/uploads\/2024\/04\/Claw-lock-device-for-moveable-frog-EVH-removebg-preview-18x7.png 18w, https:\/\/gfa-istanbul.com\/wp-content\/uploads\/2024\/04\/Claw-lock-device-for-moveable-frog-EVH-removebg-preview-600x223.png 600w\" sizes=\"auto, (max-width: 819px) 100vw, 819px\" \/>\t\t\t\t\t\t\t\t\t\t\t\t\t<\/div>\n\t\t\t\t<\/div>\n\t\t\t\t\t<\/div>\n\t\t<\/div>\n\t\t\t\t\t<\/div>\n\t\t<\/section>\n\t\t\t\t<section class=\"elementor-section elementor-top-section elementor-element elementor-element-1b18dff elementor-section-full_width elementor-section-stretched elementor-section-height-min-height elementor-section-content-middle elementor-section-height-default elementor-section-items-middle\" data-id=\"1b18dff\" data-element_type=\"section\" data-settings=\"{&quot;stretch_section&quot;:&quot;section-stretched&quot;}\">\n\t\t\t\t\t\t<div class=\"elementor-container elementor-column-gap-wide\">\n\t\t\t\t\t<div class=\"elementor-column elementor-col-50 elementor-top-column elementor-element elementor-element-d6f9fea\" data-id=\"d6f9fea\" data-element_type=\"column\">\n\t\t\t<div class=\"elementor-widget-wrap elementor-element-populated\">\n\t\t\t\t\t\t<div class=\"elementor-element elementor-element-9abb76e elementor-widget elementor-widget-image\" data-id=\"9abb76e\" data-element_type=\"widget\" data-widget_type=\"image.default\">\n\t\t\t\t<div class=\"elementor-widget-container\">\n\t\t\t\t\t\t\t\t\t\t\t\t\t<img loading=\"lazy\" decoding=\"async\" width=\"1024\" height=\"1024\" src=\"https:\/\/gfa-istanbul.com\/wp-content\/uploads\/2024\/04\/Adsiz-tasarim-78.jpg\" class=\"attachment-large size-large wp-image-18213\" alt=\"\" srcset=\"https:\/\/gfa-istanbul.com\/wp-content\/uploads\/2024\/04\/Adsiz-tasarim-78.jpg 1024w, https:\/\/gfa-istanbul.com\/wp-content\/uploads\/2024\/04\/Adsiz-tasarim-78-300x300.jpg 300w, https:\/\/gfa-istanbul.com\/wp-content\/uploads\/2024\/04\/Adsiz-tasarim-78-150x150.jpg 150w, https:\/\/gfa-istanbul.com\/wp-content\/uploads\/2024\/04\/Adsiz-tasarim-78-768x768.jpg 768w, https:\/\/gfa-istanbul.com\/wp-content\/uploads\/2024\/04\/Adsiz-tasarim-78-12x12.jpg 12w, https:\/\/gfa-istanbul.com\/wp-content\/uploads\/2024\/04\/Adsiz-tasarim-78-600x600.jpg 600w\" sizes=\"auto, (max-width: 1024px) 100vw, 1024px\" \/>\t\t\t\t\t\t\t\t\t\t\t\t\t<\/div>\n\t\t\t\t<\/div>\n\t\t\t\t\t<\/div>\n\t\t<\/div>\n\t\t\t\t<div class=\"elementor-column elementor-col-50 elementor-top-column elementor-element elementor-element-a33dcd5\" data-id=\"a33dcd5\" data-element_type=\"column\">\n\t\t\t<div class=\"elementor-widget-wrap elementor-element-populated\">\n\t\t\t\t\t\t<div class=\"elementor-element elementor-element-001b20f elementor-widget elementor-widget-industrium_heading\" data-id=\"001b20f\" data-element_type=\"widget\" data-widget_type=\"industrium_heading.default\">\n\t\t\t\t<div class=\"elementor-widget-container\">\n\t\t\t<div class=\"industrium-heading-widget\"><h2 class=\"industrium-heading translation-block\"><span class=\"industrium-heading-content\"><span style=\"font-weight: 400;color: #333\">Makaslar demiryolu sistemlerinin <\/span><span style=\"font-weight: 400\">en kritik par\u00e7as\u0131d\u0131r.<\/span><\/span><\/h2><\/div>\t\t<\/div>\n\t\t\t\t<\/div>\n\t\t\t\t<div class=\"elementor-element elementor-element-340c732 elementor-widget elementor-widget-text-editor\" data-id=\"340c732\" data-element_type=\"widget\" data-widget_type=\"text-editor.default\">\n\t\t\t\t<div class=\"elementor-widget-container\">\n\t\t\t\t\t\t\t<p><span style=\"font-weight: 400;\">Bu, \u00f6zellikle hareketli makaslar\u0131n \u00f6zel ve y\u00fcksek gereksinimlerine uyacak \u015fekilde tasarlanm\u0131\u015ft\u0131r ve ayn\u0131 zamanda d\u00fc\u015f\u00fck bak\u0131m gerektiren kilitleme cihaz\u0131n\u0131n t\u00fcm avantajlar\u0131n\u0131 sa\u011flar.\u00a0<\/span><\/p><p>EVH sadece DB standard\u0131 makas portf\u00f6y\u00fcne uymakla kalm\u0131yor, ayn\u0131 zamanda CDP'nin t\u00fcm makas sistemleri i\u00e7in \u00f6zel \u00e7\u00f6z\u00fcmler sunmas\u0131n\u0131 da sa\u011fl\u0131yor.<\/p>\t\t\t\t\t\t<\/div>\n\t\t\t\t<\/div>\n\t\t\t\t\t<\/div>\n\t\t<\/div>\n\t\t\t\t\t<\/div>\n\t\t<\/section>\n\t\t\t\t<section class=\"elementor-section elementor-top-section elementor-element elementor-element-5771dc47 elementor-section-full_width elementor-section-stretched elementor-section-content-middle elementor-section-height-default elementor-section-height-default\" data-id=\"5771dc47\" data-element_type=\"section\" data-settings=\"{&quot;stretch_section&quot;:&quot;section-stretched&quot;,&quot;background_background&quot;:&quot;classic&quot;}\">\n\t\t\t\t\t\t\t<div class=\"elementor-background-overlay\"><\/div>\n\t\t\t\t\t\t\t<div class=\"elementor-container elementor-column-gap-no\">\n\t\t\t\t\t<div class=\"elementor-column elementor-col-100 elementor-top-column elementor-element elementor-element-7cd8ea28\" data-id=\"7cd8ea28\" data-element_type=\"column\">\n\t\t\t<div class=\"elementor-widget-wrap elementor-element-populated\">\n\t\t\t\t\t\t<section class=\"elementor-section elementor-inner-section elementor-element elementor-element-6964f4f5 elementor-section-content-middle elementor-section-height-min-height elementor-section-boxed elementor-section-height-default\" data-id=\"6964f4f5\" data-element_type=\"section\">\n\t\t\t\t\t\t<div class=\"elementor-container elementor-column-gap-wide\">\n\t\t\t\t\t<div class=\"elementor-column elementor-col-50 elementor-inner-column elementor-element elementor-element-18176c13 animated-fast elementor-invisible\" data-id=\"18176c13\" data-element_type=\"column\" data-settings=\"{&quot;animation&quot;:&quot;industrium_clip_in_down&quot;,&quot;animation_tablet_extra&quot;:&quot;none&quot;,&quot;animation_delay&quot;:500}\">\n\t\t\t<div class=\"elementor-widget-wrap\">\n\t\t\t\t\t\t\t<\/div>\n\t\t<\/div>\n\t\t\t\t<div class=\"elementor-column elementor-col-50 elementor-inner-column elementor-element elementor-element-49834554 animated-fast elementor-invisible\" data-id=\"49834554\" data-element_type=\"column\" data-settings=\"{&quot;background_background&quot;:&quot;classic&quot;,&quot;animation&quot;:&quot;industrium_clip_in_down&quot;,&quot;animation_tablet_extra&quot;:&quot;none&quot;,&quot;animation_delay&quot;:500}\">\n\t\t\t<div class=\"elementor-widget-wrap elementor-element-populated\">\n\t\t\t\t\t\t<div class=\"elementor-element elementor-element-185b29af elementor-widget elementor-widget-industrium_heading\" data-id=\"185b29af\" data-element_type=\"widget\" data-widget_type=\"industrium_heading.default\">\n\t\t\t\t<div class=\"elementor-widget-container\">\n\t\t\t<div class=\"industrium-heading-widget\"><h2 class=\"industrium-heading translation-block\"><span class=\"industrium-heading-content\"><span style=\"color: #ffffff\">Demiryolu raylar\u0131n\u0131z\u0131n dayan\u0131kl\u0131l\u0131\u011f\u0131 ve bak\u0131m\u0131 son derece<\/span> kolay, g\u00fcvenli, emniyetli, s\u00fcrd\u00fcr\u00fclebilir<\/span>.<\/h2><\/div>\t\t<\/div>\n\t\t\t\t<\/div>\n\t\t\t\t<div class=\"elementor-element elementor-element-60bb2a89 elementor-widget elementor-widget-industrium_heading\" data-id=\"60bb2a89\" data-element_type=\"widget\" data-widget_type=\"industrium_heading.default\">\n\t\t\t\t<div class=\"elementor-widget-container\">\n\t\t\t<div class=\"industrium-heading-widget\"><h6 class=\"industrium-heading\"><span class=\"industrium-heading-content\"><span style=\"font-weight: 400\">Az Bak\u0131m gerektiren, Anahtar Kilitleme Cihazlar\u0131<\/span><\/span><\/h6><\/div>\t\t<\/div>\n\t\t\t\t<\/div>\n\t\t\t\t<div class=\"elementor-element elementor-element-4c28f9c elementor-widget elementor-widget-text-editor\" data-id=\"4c28f9c\" data-element_type=\"widget\" data-widget_type=\"text-editor.default\">\n\t\t\t\t<div class=\"elementor-widget-container\">\n\t\t\t\t\t\t\t<p class=\" translation-block\">Bharat Forge CDP'nin yetkili distrib\u00fct\u00f6r\u00fc GFA \u0130stanbul olarak, d\u00fcnya \u00e7ap\u0131nda tan\u0131nan bir markan\u0131n g\u00fcvenilirli\u011fi ve g\u00fcvencesiyle faaliyet g\u00f6steriyoruz. Portf\u00f6y\u00fcm\u00fczde anahtar makara sistemleri, az bak\u0131m gerektiren anahtar bile\u015fenleri i\u00e7in kilitleme cihazlar\u0131 bulunmaktad\u0131r. M\u00fckemmellik vaadimiz, Bharat Forge CDP'nin k\u00fcresel itibar\u0131na dayanmakta ve her hizmetimizde benzersiz deneyim ve kalite sa\u011flamaktad\u0131r.<\/p>\t\t\t\t\t\t<\/div>\n\t\t\t\t<\/div>\n\t\t\t\t\t<\/div>\n\t\t<\/div>\n\t\t\t\t\t<\/div>\n\t\t<\/section>\n\t\t\t\t\t<\/div>\n\t\t<\/div>\n\t\t\t\t\t<\/div>\n\t\t<\/section>\n\t\t\t\t<\/div>","protected":false},"excerpt":{"rendered":"<p>Within the scope of the new development of the integrative locking device EVZ for the Deutsche Bahn AG, also the new locking device EVH for moveable frogs has been designed. This is especially concerted to fit the particular and high requirements&#8230;<\/p>","protected":false},"author":1,"featured_media":0,"parent":0,"menu_order":0,"comment_status":"closed","ping_status":"closed","template":"","meta":{"rank_math_lock_modified_date":false,"footnotes":""},"class_list":["post-16118","page","type-page","status-publish","hentry"],"_links":{"self":[{"href":"https:\/\/gfa-istanbul.com\/tr\/wp-json\/wp\/v2\/pages\/16118","targetHints":{"allow":["GET"]}}],"collection":[{"href":"https:\/\/gfa-istanbul.com\/tr\/wp-json\/wp\/v2\/pages"}],"about":[{"href":"https:\/\/gfa-istanbul.com\/tr\/wp-json\/wp\/v2\/types\/page"}],"author":[{"embeddable":true,"href":"https:\/\/gfa-istanbul.com\/tr\/wp-json\/wp\/v2\/users\/1"}],"replies":[{"embeddable":true,"href":"https:\/\/gfa-istanbul.com\/tr\/wp-json\/wp\/v2\/comments?post=16118"}],"version-history":[{"count":132,"href":"https:\/\/gfa-istanbul.com\/tr\/wp-json\/wp\/v2\/pages\/16118\/revisions"}],"predecessor-version":[{"id":18404,"href":"https:\/\/gfa-istanbul.com\/tr\/wp-json\/wp\/v2\/pages\/16118\/revisions\/18404"}],"wp:attachment":[{"href":"https:\/\/gfa-istanbul.com\/tr\/wp-json\/wp\/v2\/media?parent=16118"}],"curies":[{"name":"wp","href":"https:\/\/api.w.org\/{rel}","templated":true}]}}