{"id":16099,"date":"2023-11-16T07:55:18","date_gmt":"2023-11-16T07:55:18","guid":{"rendered":"https:\/\/gfa-istanbul.com\/?page_id=16099"},"modified":"2024-04-23T12:20:53","modified_gmt":"2024-04-23T12:20:53","slug":"retrofit-switch-roller-device-arv","status":"publish","type":"page","link":"https:\/\/gfa-istanbul.com\/tr\/retrofit-switch-roller-device-arv\/","title":{"rendered":"Retrofit Switch Roller Device ARV"},"content":{"rendered":"<div data-elementor-type=\"wp-page\" data-elementor-id=\"16099\" class=\"elementor elementor-16099\">\n\t\t\t\t\t\t<section class=\"elementor-section elementor-top-section elementor-element elementor-element-b1d4326 elementor-section-full_width elementor-section-stretched elementor-section-height-min-height elementor-section-content-middle elementor-section-height-default elementor-section-items-middle\" data-id=\"b1d4326\" data-element_type=\"section\" data-settings=\"{&quot;stretch_section&quot;:&quot;section-stretched&quot;,&quot;background_background&quot;:&quot;classic&quot;}\">\n\t\t\t\t\t\t\t<div class=\"elementor-background-overlay\"><\/div>\n\t\t\t\t\t\t\t<div class=\"elementor-container elementor-column-gap-no\">\n\t\t\t\t\t<div class=\"elementor-column elementor-col-100 elementor-top-column elementor-element elementor-element-bb2149c\" data-id=\"bb2149c\" data-element_type=\"column\">\n\t\t\t<div class=\"elementor-widget-wrap elementor-element-populated\">\n\t\t\t\t\t\t<div class=\"elementor-element elementor-element-a203dd5 elementor-widget elementor-widget-industrium_heading\" data-id=\"a203dd5\" data-element_type=\"widget\" data-widget_type=\"industrium_heading.default\">\n\t\t\t\t<div class=\"elementor-widget-container\">\n\t\t\t<div class=\"industrium-heading-widget\"><h2 class=\"industrium-heading\"><span class=\"industrium-heading-content\">\u00dcr\u00fcnler<\/span><\/h2><\/div>\t\t<\/div>\n\t\t\t\t<\/div>\n\t\t\t\t<div class=\"elementor-element elementor-element-6475d0f elementor-widget elementor-widget-industrium_heading\" data-id=\"6475d0f\" data-element_type=\"widget\" data-widget_type=\"industrium_heading.default\">\n\t\t\t\t<div class=\"elementor-widget-container\">\n\t\t\t<div class=\"industrium-heading-widget\"><h2 class=\"industrium-heading\"><span class=\"industrium-heading-content\">Retrofit Switch Roller Device ARV<\/span><\/h2><\/div>\t\t<\/div>\n\t\t\t\t<\/div>\n\t\t\t\t\t<\/div>\n\t\t<\/div>\n\t\t\t\t\t<\/div>\n\t\t<\/section>\n\t\t\t\t<section class=\"elementor-section elementor-top-section elementor-element elementor-element-5fac376 elementor-section-full_width elementor-section-stretched elementor-section-height-min-height elementor-section-content-middle elementor-reverse-mobile elementor-section-height-default elementor-section-items-middle\" data-id=\"5fac376\" data-element_type=\"section\" data-settings=\"{&quot;stretch_section&quot;:&quot;section-stretched&quot;}\">\n\t\t\t\t\t\t<div class=\"elementor-container elementor-column-gap-wide\">\n\t\t\t\t\t<div class=\"elementor-column elementor-col-50 elementor-top-column elementor-element elementor-element-7c058b00\" data-id=\"7c058b00\" data-element_type=\"column\">\n\t\t\t<div class=\"elementor-widget-wrap elementor-element-populated\">\n\t\t\t\t\t\t<div class=\"elementor-element elementor-element-65bcdb6b elementor-widget elementor-widget-industrium_heading\" data-id=\"65bcdb6b\" data-element_type=\"widget\" data-widget_type=\"industrium_heading.default\">\n\t\t\t\t<div class=\"elementor-widget-container\">\n\t\t\t<div class=\"industrium-heading-widget\"><h2 class=\"industrium-heading\"><span class=\"industrium-heading-content\"><span style=\"font-weight: 400\">Retrofit Switch Roller Device - ARV<\/span><\/span><\/h2><\/div>\t\t<\/div>\n\t\t\t\t<\/div>\n\t\t\t\t<div class=\"elementor-element elementor-element-40c7cf5d elementor-widget elementor-widget-text-editor\" data-id=\"40c7cf5d\" data-element_type=\"widget\" data-widget_type=\"text-editor.default\">\n\t\t\t\t<div class=\"elementor-widget-container\">\n\t\t\t\t\t\t\t<p><span style=\"font-weight: 400;\">Az bak\u0131m gerektiren, g\u00fc\u00e7lendirilmi\u015f Kayar selet tertibat\u0131 bir ta\u015f\u0131y\u0131c\u0131 ve \u00f6nceden monte edilmi\u015f makas silindirinden olu\u015fur. Bu, iki travers aras\u0131ndaki demiryolu aya\u011f\u0131na kenetlenecektir. Bu, mevcut makaslar\u0131n basit ve h\u0131zl\u0131 bir \u015fekilde yenilenmesini sa\u011flar.<\/span><\/p>\t\t\t\t\t\t<\/div>\n\t\t\t\t<\/div>\n\t\t\t\t\t<\/div>\n\t\t<\/div>\n\t\t\t\t<div class=\"elementor-column elementor-col-50 elementor-top-column elementor-element elementor-element-2b12d7d4\" data-id=\"2b12d7d4\" data-element_type=\"column\">\n\t\t\t<div class=\"elementor-widget-wrap elementor-element-populated\">\n\t\t\t\t\t\t<div class=\"elementor-element elementor-element-7fee653 elementor-widget elementor-widget-image\" data-id=\"7fee653\" data-element_type=\"widget\" data-widget_type=\"image.default\">\n\t\t\t\t<div class=\"elementor-widget-container\">\n\t\t\t\t\t\t\t\t\t\t\t\t\t<img loading=\"lazy\" decoding=\"async\" width=\"594\" height=\"420\" src=\"https:\/\/gfa-istanbul.com\/wp-content\/uploads\/2024\/04\/Retrofit-switch-roller-ARV-removebg-preview.png\" class=\"attachment-large size-large wp-image-17907\" alt=\"\" srcset=\"https:\/\/gfa-istanbul.com\/wp-content\/uploads\/2024\/04\/Retrofit-switch-roller-ARV-removebg-preview.png 594w, https:\/\/gfa-istanbul.com\/wp-content\/uploads\/2024\/04\/Retrofit-switch-roller-ARV-removebg-preview-300x212.png 300w, https:\/\/gfa-istanbul.com\/wp-content\/uploads\/2024\/04\/Retrofit-switch-roller-ARV-removebg-preview-18x12.png 18w\" sizes=\"auto, (max-width: 594px) 100vw, 594px\" \/>\t\t\t\t\t\t\t\t\t\t\t\t\t<\/div>\n\t\t\t\t<\/div>\n\t\t\t\t\t<\/div>\n\t\t<\/div>\n\t\t\t\t\t<\/div>\n\t\t<\/section>\n\t\t\t\t<section class=\"elementor-section elementor-top-section elementor-element elementor-element-35d999ff elementor-section-full_width elementor-section-stretched elementor-section-height-min-height elementor-section-content-middle elementor-section-height-default elementor-section-items-middle\" data-id=\"35d999ff\" data-element_type=\"section\" data-settings=\"{&quot;stretch_section&quot;:&quot;section-stretched&quot;}\">\n\t\t\t\t\t\t<div class=\"elementor-container elementor-column-gap-wide\">\n\t\t\t\t\t<div class=\"elementor-column elementor-col-50 elementor-top-column elementor-element elementor-element-5a17d820\" data-id=\"5a17d820\" data-element_type=\"column\">\n\t\t\t<div class=\"elementor-widget-wrap elementor-element-populated\">\n\t\t\t\t\t\t<div class=\"elementor-element elementor-element-ed163b9 elementor-arrows-position-inside elementor-widget elementor-widget-image-carousel\" data-id=\"ed163b9\" data-element_type=\"widget\" data-settings=\"{&quot;slides_to_show&quot;:&quot;1&quot;,&quot;navigation&quot;:&quot;arrows&quot;,&quot;autoplay&quot;:&quot;yes&quot;,&quot;pause_on_hover&quot;:&quot;yes&quot;,&quot;pause_on_interaction&quot;:&quot;yes&quot;,&quot;autoplay_speed&quot;:5000,&quot;infinite&quot;:&quot;yes&quot;,&quot;effect&quot;:&quot;slide&quot;,&quot;speed&quot;:500}\" data-widget_type=\"image-carousel.default\">\n\t\t\t\t<div class=\"elementor-widget-container\">\n\t\t\t\t\t<div class=\"elementor-image-carousel-wrapper swiper\" dir=\"ltr\">\n\t\t\t<div class=\"elementor-image-carousel swiper-wrapper\" aria-live=\"off\">\n\t\t\t\t\t\t\t\t<div class=\"swiper-slide\" role=\"group\" aria-roledescription=\"slide\" aria-label=\"1 \/ 1\"><figure class=\"swiper-slide-inner\"><img decoding=\"async\" class=\"swiper-slide-image\" src=\"https:\/\/gfa-istanbul.com\/wp-content\/uploads\/2024\/04\/Retrofit-switch-roller-ARV-2-removebg-preview.png\" alt=\"Retrofit-switch-roller-ARV-2-removebg-preview\" \/><\/figure><\/div>\t\t\t<\/div>\n\t\t\t\t\t<\/div>\n\t\t\t\t<\/div>\n\t\t\t\t<\/div>\n\t\t\t\t\t<\/div>\n\t\t<\/div>\n\t\t\t\t<div class=\"elementor-column elementor-col-50 elementor-top-column elementor-element elementor-element-15631454\" data-id=\"15631454\" data-element_type=\"column\">\n\t\t\t<div class=\"elementor-widget-wrap elementor-element-populated\">\n\t\t\t\t\t\t<div class=\"elementor-element elementor-element-3d156989 elementor-widget elementor-widget-industrium_heading\" data-id=\"3d156989\" data-element_type=\"widget\" data-widget_type=\"industrium_heading.default\">\n\t\t\t\t<div class=\"elementor-widget-container\">\n\t\t\t<div class=\"industrium-heading-widget\"><h2 class=\"industrium-heading translation-block\"><span class=\"industrium-heading-content\"><span style=\"font-weight: 400;color: #333\"><span style=\"font-weight: 400\">The switch is the most critical asset<\/span>&nbsp;<\/span><span style=\"font-weight: 400\">of the railway infrastructure of the railway infrastructure<\/span><\/span><\/h2><\/div>\t\t<\/div>\n\t\t\t\t<\/div>\n\t\t\t\t<div class=\"elementor-element elementor-element-88a2f48 elementor-widget elementor-widget-text-editor\" data-id=\"88a2f48\" data-element_type=\"widget\" data-widget_type=\"text-editor.default\">\n\t\t\t\t<div class=\"elementor-widget-container\">\n\t\t\t\t\t\t\t<p><span style=\"font-weight: 400;\">Kapal\u0131 \u015falter kapa\u011f\u0131 s\u00fcrekli olarak s\u00fcrg\u00fcl\u00fc kayar tabla \u00fczerinde durur. Hareket s\u0131ras\u0131nda \u015falter kapa\u011f\u0131 makara tertibat\u0131 taraf\u0131ndan yukar\u0131 kald\u0131r\u0131l\u0131r. T\u00fcm s\u00fcrg\u00fcl\u00fc kayar tablalar\u0131n normal ya\u011flanmas\u0131 art\u0131k gerekli de\u011fildir.<\/span><\/p>\t\t\t\t\t\t<\/div>\n\t\t\t\t<\/div>\n\t\t\t\t\t<\/div>\n\t\t<\/div>\n\t\t\t\t\t<\/div>\n\t\t<\/section>\n\t\t\t\t<section class=\"elementor-section elementor-top-section elementor-element elementor-element-8d5ea96 elementor-section-full_width elementor-section-stretched elementor-section-content-middle elementor-section-height-default elementor-section-height-default\" data-id=\"8d5ea96\" data-element_type=\"section\" data-settings=\"{&quot;stretch_section&quot;:&quot;section-stretched&quot;,&quot;background_background&quot;:&quot;classic&quot;}\">\n\t\t\t\t\t\t\t<div class=\"elementor-background-overlay\"><\/div>\n\t\t\t\t\t\t\t<div class=\"elementor-container elementor-column-gap-no\">\n\t\t\t\t\t<div class=\"elementor-column elementor-col-100 elementor-top-column elementor-element elementor-element-6c89a99\" data-id=\"6c89a99\" data-element_type=\"column\">\n\t\t\t<div class=\"elementor-widget-wrap elementor-element-populated\">\n\t\t\t\t\t\t<section class=\"elementor-section elementor-inner-section elementor-element elementor-element-98da18f elementor-section-content-middle elementor-section-height-min-height elementor-section-boxed elementor-section-height-default\" data-id=\"98da18f\" data-element_type=\"section\">\n\t\t\t\t\t\t<div class=\"elementor-container elementor-column-gap-wide\">\n\t\t\t\t\t<div class=\"elementor-column elementor-col-50 elementor-inner-column elementor-element elementor-element-b103e48 animated-fast elementor-invisible\" data-id=\"b103e48\" data-element_type=\"column\" data-settings=\"{&quot;animation&quot;:&quot;industrium_clip_in_down&quot;,&quot;animation_tablet_extra&quot;:&quot;none&quot;,&quot;animation_delay&quot;:500}\">\n\t\t\t<div class=\"elementor-widget-wrap\">\n\t\t\t\t\t\t\t<\/div>\n\t\t<\/div>\n\t\t\t\t<div class=\"elementor-column elementor-col-50 elementor-inner-column elementor-element elementor-element-b004bd3 animated-fast elementor-invisible\" data-id=\"b004bd3\" data-element_type=\"column\" data-settings=\"{&quot;background_background&quot;:&quot;classic&quot;,&quot;animation&quot;:&quot;industrium_clip_in_down&quot;,&quot;animation_tablet_extra&quot;:&quot;none&quot;,&quot;animation_delay&quot;:500}\">\n\t\t\t<div class=\"elementor-widget-wrap elementor-element-populated\">\n\t\t\t\t\t\t<div class=\"elementor-element elementor-element-bc61f17 elementor-widget elementor-widget-industrium_heading\" data-id=\"bc61f17\" data-element_type=\"widget\" data-widget_type=\"industrium_heading.default\">\n\t\t\t\t<div class=\"elementor-widget-container\">\n\t\t\t<div class=\"industrium-heading-widget\"><h2 class=\"industrium-heading translation-block\"><span class=\"industrium-heading-content\"><span style=\"color: #ffffff\">Demiryolu raylar\u0131n\u0131z\u0131n dayan\u0131kl\u0131l\u0131\u011f\u0131 ve bak\u0131m\u0131 son derece<\/span> kolay, g\u00fcvenli, emniyetli, s\u00fcrd\u00fcr\u00fclebilir<\/span>.<\/h2><\/div>\t\t<\/div>\n\t\t\t\t<\/div>\n\t\t\t\t<div class=\"elementor-element elementor-element-e319bc8 elementor-widget elementor-widget-industrium_heading\" data-id=\"e319bc8\" data-element_type=\"widget\" data-widget_type=\"industrium_heading.default\">\n\t\t\t\t<div class=\"elementor-widget-container\">\n\t\t\t<div class=\"industrium-heading-widget\"><h6 class=\"industrium-heading\"><span class=\"industrium-heading-content\"><span style=\"font-weight: 400\">Az Bak\u0131m gerektiren, Anahtar Kilitleme Cihazlar\u0131<\/span><\/span><\/h6><\/div>\t\t<\/div>\n\t\t\t\t<\/div>\n\t\t\t\t<div class=\"elementor-element elementor-element-5b1e1ca elementor-widget elementor-widget-text-editor\" data-id=\"5b1e1ca\" data-element_type=\"widget\" data-widget_type=\"text-editor.default\">\n\t\t\t\t<div class=\"elementor-widget-container\">\n\t\t\t\t\t\t\t<p class=\" translation-block\">Bharat Forge CDP'nin yetkili distrib\u00fct\u00f6r\u00fc GFA \u0130stanbul olarak, d\u00fcnya \u00e7ap\u0131nda tan\u0131nan bir markan\u0131n g\u00fcvenilirli\u011fi ve g\u00fcvencesiyle faaliyet g\u00f6steriyoruz. Portf\u00f6y\u00fcm\u00fczde anahtar makara sistemleri, az bak\u0131m gerektiren anahtar bile\u015fenleri i\u00e7in kilitleme cihazlar\u0131 bulunmaktad\u0131r. M\u00fckemmellik vaadimiz, Bharat Forge CDP'nin k\u00fcresel itibar\u0131na dayanmakta ve her hizmetimizde benzersiz deneyim ve kalite sa\u011flamaktad\u0131r.<\/p>\t\t\t\t\t\t<\/div>\n\t\t\t\t<\/div>\n\t\t\t\t\t<\/div>\n\t\t<\/div>\n\t\t\t\t\t<\/div>\n\t\t<\/section>\n\t\t\t\t\t<\/div>\n\t\t<\/div>\n\t\t\t\t\t<\/div>\n\t\t<\/section>\n\t\t\t\t<\/div>","protected":false},"excerpt":{"rendered":"<p>The low-maintenance, retrofit switch roller device consists of a carrier and the preassembled switch roller. This will be clamped at the stockrail foot in between two sleepers. This enables a simple and fast retrofitting of existing turnouts. The closed switch blade&#8230;<\/p>","protected":false},"author":1,"featured_media":0,"parent":0,"menu_order":0,"comment_status":"closed","ping_status":"closed","template":"","meta":{"rank_math_lock_modified_date":false,"footnotes":""},"class_list":["post-16099","page","type-page","status-publish","hentry"],"_links":{"self":[{"href":"https:\/\/gfa-istanbul.com\/tr\/wp-json\/wp\/v2\/pages\/16099","targetHints":{"allow":["GET"]}}],"collection":[{"href":"https:\/\/gfa-istanbul.com\/tr\/wp-json\/wp\/v2\/pages"}],"about":[{"href":"https:\/\/gfa-istanbul.com\/tr\/wp-json\/wp\/v2\/types\/page"}],"author":[{"embeddable":true,"href":"https:\/\/gfa-istanbul.com\/tr\/wp-json\/wp\/v2\/users\/1"}],"replies":[{"embeddable":true,"href":"https:\/\/gfa-istanbul.com\/tr\/wp-json\/wp\/v2\/comments?post=16099"}],"version-history":[{"count":144,"href":"https:\/\/gfa-istanbul.com\/tr\/wp-json\/wp\/v2\/pages\/16099\/revisions"}],"predecessor-version":[{"id":18398,"href":"https:\/\/gfa-istanbul.com\/tr\/wp-json\/wp\/v2\/pages\/16099\/revisions\/18398"}],"wp:attachment":[{"href":"https:\/\/gfa-istanbul.com\/tr\/wp-json\/wp\/v2\/media?parent=16099"}],"curies":[{"name":"wp","href":"https:\/\/api.w.org\/{rel}","templated":true}]}}