{"id":16206,"date":"2023-11-16T08:55:47","date_gmt":"2023-11-16T08:55:47","guid":{"rendered":"https:\/\/gfa-istanbul.com\/?page_id=16206"},"modified":"2024-04-23T12:09:17","modified_gmt":"2024-04-23T12:09:17","slug":"contact","status":"publish","type":"page","link":"https:\/\/gfa-istanbul.com\/ru\/contact\/","title":{"rendered":"\u041a\u043e\u043d\u0442\u0430\u043a\u0442"},"content":{"rendered":"<div data-elementor-type=\"wp-page\" data-elementor-id=\"16206\" class=\"elementor elementor-16206\">\n\t\t\t\t\t\t<section class=\"elementor-section elementor-top-section elementor-element elementor-element-b074cc3 elementor-section-full_width elementor-section-stretched elementor-section-height-min-height elementor-section-content-middle elementor-section-height-default elementor-section-items-middle\" data-id=\"b074cc3\" data-element_type=\"section\" data-settings=\"{&quot;stretch_section&quot;:&quot;section-stretched&quot;,&quot;background_background&quot;:&quot;classic&quot;}\">\n\t\t\t\t\t\t\t<div class=\"elementor-background-overlay\"><\/div>\n\t\t\t\t\t\t\t<div class=\"elementor-container elementor-column-gap-no\">\n\t\t\t\t\t<div class=\"elementor-column elementor-col-100 elementor-top-column elementor-element elementor-element-40863db\" data-id=\"40863db\" data-element_type=\"column\">\n\t\t\t<div class=\"elementor-widget-wrap elementor-element-populated\">\n\t\t\t\t\t\t<div class=\"elementor-element elementor-element-7035510 elementor-widget elementor-widget-industrium_heading\" data-id=\"7035510\" data-element_type=\"widget\" data-widget_type=\"industrium_heading.default\">\n\t\t\t\t<div class=\"elementor-widget-container\">\n\t\t\t<div class=\"industrium-heading-widget\"><h2 class=\"industrium-heading\"><span class=\"industrium-heading-content\">\u0421\u0432\u044f\u0437\u0430\u0442\u044c\u0441\u044f \u0441 \u043d\u0430\u043c\u0438<\/span><\/h2><\/div>\t\t<\/div>\n\t\t\t\t<\/div>\n\t\t\t\t<div class=\"elementor-element elementor-element-2c5a1a3 elementor-widget elementor-widget-industrium_heading\" data-id=\"2c5a1a3\" data-element_type=\"widget\" data-widget_type=\"industrium_heading.default\">\n\t\t\t\t<div class=\"elementor-widget-container\">\n\t\t\t<div class=\"industrium-heading-widget\"><h2 class=\"industrium-heading\"><span class=\"industrium-heading-content\">\u0421\u0412\u042f\u0416\u0418\u0422\u0415\u0421\u042c \u0421 \u041d\u0410\u041c\u0418\n<\/span><\/h2><\/div>\t\t<\/div>\n\t\t\t\t<\/div>\n\t\t\t\t<div class=\"elementor-element elementor-element-ccd9b02 elementor-widget__width-initial elementor-widget elementor-widget-text-editor\" data-id=\"ccd9b02\" data-element_type=\"widget\" data-widget_type=\"text-editor.default\">\n\t\t\t\t<div class=\"elementor-widget-container\">\n\t\t\t\t\t\t\t\u041f\u043e\u0436\u0430\u043b\u0443\u0439\u0441\u0442\u0430, \u043d\u0430\u043f\u0438\u0448\u0438\u0442\u0435 \u043d\u0430\u043c, \u0435\u0441\u043b\u0438 \u0445\u043e\u0442\u0438\u0442\u0435 \u0443\u0437\u043d\u0430\u0442\u044c \u0431\u043e\u043b\u044c\u0448\u0435.\n\t\t\t\t\t\t<\/div>\n\t\t\t\t<\/div>\n\t\t\t\t\t<\/div>\n\t\t<\/div>\n\t\t\t\t\t<\/div>\n\t\t<\/section>\n\t\t<div class=\"elementor-element elementor-element-9df323f e-flex e-con-boxed e-con e-parent\" data-id=\"9df323f\" data-element_type=\"container\">\n\t\t\t\t\t<div class=\"e-con-inner\">\n\t\t<div class=\"elementor-element elementor-element-dcd8a06 e-con-full e-flex e-con e-child\" data-id=\"dcd8a06\" data-element_type=\"container\">\n\t\t\t\t<div class=\"elementor-element elementor-element-c03b569 elementor-widget elementor-widget-industrium_heading\" data-id=\"c03b569\" data-element_type=\"widget\" data-widget_type=\"industrium_heading.default\">\n\t\t\t\t<div class=\"elementor-widget-container\">\n\t\t\t<div class=\"industrium-heading-widget\"><h2 class=\"industrium-heading\"><span class=\"industrium-heading-content\">\u0415\u0441\u0442\u044c \u0432\u043e\u043f\u0440\u043e\u0441\u044b? \u041d\u0435 \u0441\u0442\u0435\u0441\u043d\u044f\u0439\u0442\u0435\u0441\u044c \u043e\u0431\u0440\u0430\u0449\u0430\u0442\u044c\u0441\u044f \u043a \u043d\u0430\u043c.<\/span><\/h2><\/div>\t\t<\/div>\n\t\t\t\t<\/div>\n\t\t\t\t<div class=\"elementor-element elementor-element-d58a29e elementor-widget elementor-widget-industrium_wpforms\" data-id=\"d58a29e\" data-element_type=\"widget\" data-widget_type=\"industrium_wpforms.default\">\n\t\t\t\t<div class=\"elementor-widget-container\">\n\t\t\t        <div class=\"industrium-wpforms-widget\">\n            <div class=\"wpforms-container wpforms-container-full wpforms-render-modern\" id=\"wpforms-16022\"><form id=\"wpforms-form-16022\" class=\"wpforms-validate wpforms-form wpforms-ajax-form\" data-formid=\"16022\" method=\"post\" enctype=\"multipart\/form-data\" action=\"\/ru\/wp-json\/wp\/v2\/pages\/16206\" data-token=\"e38925be1db918bdbfe9f012a6cc73f3\" data-trp-original-action=\"\/ru\/wp-json\/wp\/v2\/pages\/16206\"><noscript class=\"wpforms-error-noscript\">\u0414\u043b\u044f \u0437\u0430\u043f\u043e\u043b\u043d\u0435\u043d\u0438\u044f \u0434\u0430\u043d\u043d\u043e\u0439 \u0444\u043e\u0440\u043c\u044b \u0432\u043a\u043b\u044e\u0447\u0438\u0442\u0435 JavaScript \u0432 \u0431\u0440\u0430\u0443\u0437\u0435\u0440\u0435.<\/noscript><div class=\"wpforms-hidden\" id=\"wpforms-error-noscript\">\u0414\u043b\u044f \u0437\u0430\u043f\u043e\u043b\u043d\u0435\u043d\u0438\u044f \u0434\u0430\u043d\u043d\u043e\u0439 \u0444\u043e\u0440\u043c\u044b \u0432\u043a\u043b\u044e\u0447\u0438\u0442\u0435 JavaScript \u0432 \u0431\u0440\u0430\u0443\u0437\u0435\u0440\u0435.<\/div><div class=\"wpforms-field-container\"><div id=\"wpforms-16022-field_1-container\" class=\"wpforms-field wpforms-field-text\" data-field-id=\"1\"><label class=\"wpforms-field-label wpforms-label-hide\" for=\"wpforms-16022-field_1\" aria-hidden=\"false\">\u041f\u043e\u043b\u043d\u043e\u0435 \u0438\u043c\u044f <span class=\"wpforms-required-label\" aria-hidden=\"true\">*<\/span><\/label><input type=\"text\" id=\"wpforms-16022-field_1\" class=\"wpforms-field-large wpforms-field-required\" name=\"wpforms[fields][1]\" placeholder=\"\u041f\u043e\u043b\u043d\u043e\u0435 \u0438\u043c\u044f\" aria-errormessage=\"wpforms-16022-field_1-error\" required><\/div><div id=\"wpforms-16022-field_3-container\" class=\"wpforms-field wpforms-field-email\" data-field-id=\"3\"><label class=\"wpforms-field-label wpforms-label-hide\" for=\"wpforms-16022-field_3\" aria-hidden=\"false\">\u042d\u043b\u0435\u043a\u0442\u0440\u043e\u043d\u043d\u0430\u044f \u043f\u043e\u0447\u0442\u0430 <span class=\"wpforms-required-label\" aria-hidden=\"true\">*<\/span><\/label><input type=\"email\" id=\"wpforms-16022-field_3\" class=\"wpforms-field-large wpforms-field-required\" name=\"wpforms[fields][3]\" placeholder=\"\u042d\u043b\u0435\u043a\u0442\u0440\u043e\u043d\u043d\u0430\u044f \u043f\u043e\u0447\u0442\u0430\" spellcheck=\"false\" aria-errormessage=\"wpforms-16022-field_3-error\" required><\/div><div id=\"wpforms-16022-field_4-container\" class=\"wpforms-field wpforms-field-text\" data-field-id=\"4\"><label class=\"wpforms-field-label wpforms-label-hide\" for=\"wpforms-16022-field_4\" aria-hidden=\"false\">\u0422\u0435\u043c\u0430<\/label><input type=\"text\" id=\"wpforms-16022-field_4\" class=\"wpforms-field-large\" name=\"wpforms[fields][4]\" placeholder=\"\u0422\u0435\u043c\u0430\" aria-errormessage=\"wpforms-16022-field_4-error\" ><\/div><div id=\"wpforms-16022-field_5-container\" class=\"wpforms-field wpforms-field-textarea\" data-field-id=\"5\"><label class=\"wpforms-field-label wpforms-label-hide\" for=\"wpforms-16022-field_5\" aria-hidden=\"false\">\u0421\u043e\u043e\u0431\u0449\u0435\u043d\u0438\u0435<\/label><textarea id=\"wpforms-16022-field_5\" class=\"wpforms-field-medium\" name=\"wpforms[fields][5]\" placeholder=\"\u0421\u043e\u043e\u0431\u0449\u0435\u043d\u0438\u0435\" aria-errormessage=\"wpforms-16022-field_5-error\" ><\/textarea><\/div><div id=\"wpforms-16022-field_7-container\" class=\"wpforms-field wpforms-field-checkbox\" data-field-id=\"7\"><fieldset><legend class=\"wpforms-field-label\"><\/legend><ul id=\"wpforms-16022-field_7\"><li class=\"choice-1 depth-1\"><input type=\"checkbox\" id=\"wpforms-16022-field_7_1\" name=\"wpforms[fields][7][]\" value=\"Yes, I have read the data privacy statement* and accept that my given data will be electronically handled and saved. My data will just be used to answer my request. By submitting this form, I agree with this process.\" aria-errormessage=\"wpforms-16022-field_7_1-error\"  ><label class=\"wpforms-field-label-inline\" for=\"wpforms-16022-field_7_1\">\u0414\u0430, \u044f \u043f\u0440\u043e\u0447\u0438\u0442\u0430\u043b \u0437\u0430\u044f\u0432\u043b\u0435\u043d\u0438\u0435 \u043e \u043a\u043e\u043d\u0444\u0438\u0434\u0435\u043d\u0446\u0438\u0430\u043b\u044c\u043d\u043e\u0441\u0442\u0438 \u0434\u0430\u043d\u043d\u044b\u0445* \u0438 \u0441\u043e\u0433\u043b\u0430\u0441\u0435\u043d \u0441 \u0442\u0435\u043c, \u0447\u0442\u043e \u043c\u043e\u0438 \u0434\u0430\u043d\u043d\u044b\u0435 \u0431\u0443\u0434\u0443\u0442 \u043e\u0431\u0440\u0430\u0431\u043e\u0442\u0430\u043d\u044b \u0438 \u0441\u043e\u0445\u0440\u0430\u043d\u0435\u043d\u044b \u0432 \u044d\u043b\u0435\u043a\u0442\u0440\u043e\u043d\u043d\u043e\u043c \u0432\u0438\u0434\u0435. \u041c\u043e\u0438 \u0434\u0430\u043d\u043d\u044b\u0435 \u0431\u0443\u0434\u0443\u0442 \u0438\u0441\u043f\u043e\u043b\u044c\u0437\u043e\u0432\u0430\u043d\u044b \u0442\u043e\u043b\u044c\u043a\u043e \u0434\u043b\u044f \u043e\u0442\u0432\u0435\u0442\u0430 \u043d\u0430 \u043c\u043e\u0439 \u0437\u0430\u043f\u0440\u043e\u0441. \u041e\u0442\u043f\u0440\u0430\u0432\u043b\u044f\u044f \u044d\u0442\u0443 \u0444\u043e\u0440\u043c\u0443, \u044f \u0441\u043e\u0433\u043b\u0430\u0448\u0430\u044e\u0441\u044c \u0441 \u044d\u0442\u0438\u043c \u043f\u0440\u043e\u0446\u0435\u0441\u0441\u043e\u043c.<\/label><\/li><\/ul><\/fieldset><\/div><\/div><!-- .wpforms-field-container --><div class=\"wpforms-submit-container\" ><input type=\"hidden\" name=\"wpforms[id]\" value=\"16022\"><input type=\"hidden\" name=\"wpforms[author]\" value=\"1\"><button type=\"submit\" name=\"wpforms[submit]\" id=\"wpforms-submit-16022\" class=\"wpforms-submit\" data-alt-text=\"Sending...\" data-submit-text=\"Contact Sales\" aria-live=\"assertive\" value=\"wpforms-submit\">\u0421\u0432\u044f\u0436\u0438\u0442\u0435\u0441\u044c \u0441 \u043e\u0442\u0434\u0435\u043b\u043e\u043c \u043f\u0440\u043e\u0434\u0430\u0436<\/button><img loading=\"lazy\" decoding=\"async\" src=\"https:\/\/gfa-istanbul.com\/wp-content\/plugins\/wpforms-lite\/assets\/images\/submit-spin.svg\" class=\"wpforms-submit-spinner\" style=\"display: none;\" width=\"26\" height=\"26\" alt=\"\u0417\u0430\u0433\u0440\u0443\u0437\u043a\u0430\"><\/div><input type=\"hidden\" name=\"trp-form-language\" value=\"ru\"\/><\/form><\/div>  <!-- .wpforms-container -->        <\/div>\n        \t\t<\/div>\n\t\t\t\t<\/div>\n\t\t\t\t<\/div>\n\t\t<div class=\"elementor-element elementor-element-ca67171 e-con-full e-flex e-con e-child\" data-id=\"ca67171\" data-element_type=\"container\">\n\t\t\t\t<div class=\"elementor-element elementor-element-eb40e9b elementor-widget elementor-widget-industrium_heading\" data-id=\"eb40e9b\" data-element_type=\"widget\" data-widget_type=\"industrium_heading.default\">\n\t\t\t\t<div class=\"elementor-widget-container\">\n\t\t\t<div class=\"industrium-heading-widget\"><h5 class=\"industrium-heading\"><span class=\"industrium-heading-content\">\u0410\u0434\u0440\u0435\u0441 \u043e\u0444\u0438\u0441\u0430<\/span><\/h5><\/div>\t\t<\/div>\n\t\t\t\t<\/div>\n\t\t\t\t<div class=\"elementor-element elementor-element-984b00c elementor-widget elementor-widget-text-editor\" data-id=\"984b00c\" data-element_type=\"widget\" data-widget_type=\"text-editor.default\">\n\t\t\t\t<div class=\"elementor-widget-container\">\n\t\t\t\t\t\t\t<p>Tahtakale Mah. Nissa O2 Residence <br \/>Mahmur \u00c7i\u00e7e\u011fi Sk. No:4 \u0130\u00e7 Kap\u0131 No:94 <br \/>Avc\u0131lar\/\u0130stanbul<br \/><!-- notionvc: 479a910f-8d38-4646-9aaf-04c392438d20 -->+90 544 918 09 56<!-- notionvc: 794c13f0-9917-4ef9-8ade-53ecda2c5b05 --><\/p>\t\t\t\t\t\t<\/div>\n\t\t\t\t<\/div>\n\t\t\t\t<div class=\"elementor-element elementor-element-7b3404b elementor-widget elementor-widget-spacer\" data-id=\"7b3404b\" data-element_type=\"widget\" data-widget_type=\"spacer.default\">\n\t\t\t\t<div class=\"elementor-widget-container\">\n\t\t\t\t\t<div class=\"elementor-spacer\">\n\t\t\t<div class=\"elementor-spacer-inner\"><\/div>\n\t\t<\/div>\n\t\t\t\t<\/div>\n\t\t\t\t<\/div>\n\t\t\t\t<div class=\"elementor-element elementor-element-efa34bb elementor-widget elementor-widget-industrium_heading\" data-id=\"efa34bb\" data-element_type=\"widget\" data-widget_type=\"industrium_heading.default\">\n\t\t\t\t<div class=\"elementor-widget-container\">\n\t\t\t<div class=\"industrium-heading-widget\"><h5 class=\"industrium-heading\"><span class=\"industrium-heading-content\">\u0410\u0434\u0440\u0435\u0441 \u0437\u0430\u0432\u043e\u0434\u0430<\/span><\/h5><\/div>\t\t<\/div>\n\t\t\t\t<\/div>\n\t\t\t\t<div class=\"elementor-element elementor-element-73b8725 elementor-widget elementor-widget-text-editor\" data-id=\"73b8725\" data-element_type=\"widget\" data-widget_type=\"text-editor.default\">\n\t\t\t\t<div class=\"elementor-widget-container\">\n\t\t\t\t\t\t\t<p>Ak\u00e7aburgaz Mah. 1575. Sk. Alkoop San <br \/>C5 Blok No: 5 C \u0130\u00e7 Kap\u0131 No: 2 <br \/>Esenyurt\/ \u0130stanbul\u00a0<br \/>+90 549 591 90 33<\/p>\t\t\t\t\t\t<\/div>\n\t\t\t\t<\/div>\n\t\t\t\t<div class=\"elementor-element elementor-element-608fb21 elementor-widget elementor-widget-spacer\" data-id=\"608fb21\" data-element_type=\"widget\" data-widget_type=\"spacer.default\">\n\t\t\t\t<div class=\"elementor-widget-container\">\n\t\t\t\t\t<div class=\"elementor-spacer\">\n\t\t\t<div class=\"elementor-spacer-inner\"><\/div>\n\t\t<\/div>\n\t\t\t\t<\/div>\n\t\t\t\t<\/div>\n\t\t\t\t<div class=\"elementor-element elementor-element-824336d elementor-widget elementor-widget-industrium_heading\" data-id=\"824336d\" data-element_type=\"widget\" data-widget_type=\"industrium_heading.default\">\n\t\t\t\t<div class=\"elementor-widget-container\">\n\t\t\t<div class=\"industrium-heading-widget\"><h5 class=\"industrium-heading\"><span class=\"industrium-heading-content\">\u042d\u043b\u0435\u043a\u0442\u0440\u043e\u043d\u043d\u0430\u044f \u043f\u043e\u0447\u0442\u0430<\/span><\/h5><\/div>\t\t<\/div>\n\t\t\t\t<\/div>\n\t\t\t\t<div class=\"elementor-element elementor-element-4dd8eac elementor-widget elementor-widget-text-editor\" data-id=\"4dd8eac\" data-element_type=\"widget\" data-widget_type=\"text-editor.default\">\n\t\t\t\t<div class=\"elementor-widget-container\">\n\t\t\t\t\t\t\t<p><a href=\"mailto:info@gfa-istanbul.com\">info@gfa-istanbul.com<\/a><\/p>\t\t\t\t\t\t<\/div>\n\t\t\t\t<\/div>\n\t\t\t\t<\/div>\n\t\t\t\t\t<\/div>\n\t\t\t\t<\/div>\n\t\t\t\t<\/div>","protected":false},"excerpt":{"rendered":"<p>Please drop us a message if you would like to know more. Tahtakale Mah. Nissa O2 Residence Mahmur \u00c7i\u00e7e\u011fi Sk. No:4 \u0130\u00e7 Kap\u0131 No:94 Avc\u0131lar\/\u0130stanbul+90 544 918 09 56 Ak\u00e7aburgaz Mah. 1575. Sk. Alkoop San C5 Blok No: 5 C \u0130\u00e7&#8230;<\/p>","protected":false},"author":1,"featured_media":0,"parent":0,"menu_order":0,"comment_status":"closed","ping_status":"closed","template":"","meta":{"rank_math_lock_modified_date":false,"footnotes":""},"class_list":["post-16206","page","type-page","status-publish","hentry"],"_links":{"self":[{"href":"https:\/\/gfa-istanbul.com\/ru\/wp-json\/wp\/v2\/pages\/16206","targetHints":{"allow":["GET"]}}],"collection":[{"href":"https:\/\/gfa-istanbul.com\/ru\/wp-json\/wp\/v2\/pages"}],"about":[{"href":"https:\/\/gfa-istanbul.com\/ru\/wp-json\/wp\/v2\/types\/page"}],"author":[{"embeddable":true,"href":"https:\/\/gfa-istanbul.com\/ru\/wp-json\/wp\/v2\/users\/1"}],"replies":[{"embeddable":true,"href":"https:\/\/gfa-istanbul.com\/ru\/wp-json\/wp\/v2\/comments?post=16206"}],"version-history":[{"count":81,"href":"https:\/\/gfa-istanbul.com\/ru\/wp-json\/wp\/v2\/pages\/16206\/revisions"}],"predecessor-version":[{"id":18383,"href":"https:\/\/gfa-istanbul.com\/ru\/wp-json\/wp\/v2\/pages\/16206\/revisions\/18383"}],"wp:attachment":[{"href":"https:\/\/gfa-istanbul.com\/ru\/wp-json\/wp\/v2\/media?parent=16206"}],"curies":[{"name":"wp","href":"https:\/\/api.w.org\/{rel}","templated":true}]}}