{"id":16206,"date":"2023-11-16T08:55:47","date_gmt":"2023-11-16T08:55:47","guid":{"rendered":"https:\/\/gfa-istanbul.com\/?page_id=16206"},"modified":"2024-04-23T12:09:17","modified_gmt":"2024-04-23T12:09:17","slug":"contact","status":"publish","type":"page","link":"https:\/\/gfa-istanbul.com\/de\/contact\/","title":{"rendered":"Kontakt"},"content":{"rendered":"<div data-elementor-type=\"wp-page\" data-elementor-id=\"16206\" class=\"elementor elementor-16206\">\n\t\t\t\t\t\t<section class=\"elementor-section elementor-top-section elementor-element elementor-element-b074cc3 elementor-section-full_width elementor-section-stretched elementor-section-height-min-height elementor-section-content-middle elementor-section-height-default elementor-section-items-middle\" data-id=\"b074cc3\" data-element_type=\"section\" data-settings=\"{&quot;stretch_section&quot;:&quot;section-stretched&quot;,&quot;background_background&quot;:&quot;classic&quot;}\">\n\t\t\t\t\t\t\t<div class=\"elementor-background-overlay\"><\/div>\n\t\t\t\t\t\t\t<div class=\"elementor-container elementor-column-gap-no\">\n\t\t\t\t\t<div class=\"elementor-column elementor-col-100 elementor-top-column elementor-element elementor-element-40863db\" data-id=\"40863db\" data-element_type=\"column\">\n\t\t\t<div class=\"elementor-widget-wrap elementor-element-populated\">\n\t\t\t\t\t\t<div class=\"elementor-element elementor-element-7035510 elementor-widget elementor-widget-industrium_heading\" data-id=\"7035510\" data-element_type=\"widget\" data-widget_type=\"industrium_heading.default\">\n\t\t\t\t<div class=\"elementor-widget-container\">\n\t\t\t<div class=\"industrium-heading-widget\"><h2 class=\"industrium-heading\"><span class=\"industrium-heading-content\">Kontaktiere uns<\/span><\/h2><\/div>\t\t<\/div>\n\t\t\t\t<\/div>\n\t\t\t\t<div class=\"elementor-element elementor-element-2c5a1a3 elementor-widget elementor-widget-industrium_heading\" data-id=\"2c5a1a3\" data-element_type=\"widget\" data-widget_type=\"industrium_heading.default\">\n\t\t\t\t<div class=\"elementor-widget-container\">\n\t\t\t<div class=\"industrium-heading-widget\"><h2 class=\"industrium-heading\"><span class=\"industrium-heading-content\">KONTAKTIEREN SIE UNS\n<\/span><\/h2><\/div>\t\t<\/div>\n\t\t\t\t<\/div>\n\t\t\t\t<div class=\"elementor-element elementor-element-ccd9b02 elementor-widget__width-initial elementor-widget elementor-widget-text-editor\" data-id=\"ccd9b02\" data-element_type=\"widget\" data-widget_type=\"text-editor.default\">\n\t\t\t\t<div class=\"elementor-widget-container\">\n\t\t\t\t\t\t\tBitte schreiben Sie uns eine Nachricht, wenn Sie mehr wissen m\u00f6chten.\n\t\t\t\t\t\t<\/div>\n\t\t\t\t<\/div>\n\t\t\t\t\t<\/div>\n\t\t<\/div>\n\t\t\t\t\t<\/div>\n\t\t<\/section>\n\t\t<div class=\"elementor-element elementor-element-9df323f e-flex e-con-boxed e-con e-parent\" data-id=\"9df323f\" data-element_type=\"container\">\n\t\t\t\t\t<div class=\"e-con-inner\">\n\t\t<div class=\"elementor-element elementor-element-dcd8a06 e-con-full e-flex e-con e-child\" data-id=\"dcd8a06\" data-element_type=\"container\">\n\t\t\t\t<div class=\"elementor-element elementor-element-c03b569 elementor-widget elementor-widget-industrium_heading\" data-id=\"c03b569\" data-element_type=\"widget\" data-widget_type=\"industrium_heading.default\">\n\t\t\t\t<div class=\"elementor-widget-container\">\n\t\t\t<div class=\"industrium-heading-widget\"><h2 class=\"industrium-heading\"><span class=\"industrium-heading-content\">Haben Sie Fragen? Kontaktieren Sie uns einfach.<\/span><\/h2><\/div>\t\t<\/div>\n\t\t\t\t<\/div>\n\t\t\t\t<div class=\"elementor-element elementor-element-d58a29e elementor-widget elementor-widget-industrium_wpforms\" data-id=\"d58a29e\" data-element_type=\"widget\" data-widget_type=\"industrium_wpforms.default\">\n\t\t\t\t<div class=\"elementor-widget-container\">\n\t\t\t        <div class=\"industrium-wpforms-widget\">\n            <div class=\"wpforms-container wpforms-container-full wpforms-render-modern\" id=\"wpforms-16022\"><form id=\"wpforms-form-16022\" class=\"wpforms-validate wpforms-form wpforms-ajax-form\" data-formid=\"16022\" method=\"post\" enctype=\"multipart\/form-data\" action=\"\/de\/wp-json\/wp\/v2\/pages\/16206\" data-token=\"74bb227b039b9c5f141cc6e2276b590c\" data-trp-original-action=\"\/de\/wp-json\/wp\/v2\/pages\/16206\"><noscript class=\"wpforms-error-noscript\">Bitte aktiviere JavaScript in deinem Browser, um dieses Formular fertigzustellen.<\/noscript><div class=\"wpforms-hidden\" id=\"wpforms-error-noscript\">Bitte aktiviere JavaScript in deinem Browser, um dieses Formular fertigzustellen.<\/div><div class=\"wpforms-field-container\"><div id=\"wpforms-16022-field_1-container\" class=\"wpforms-field wpforms-field-text\" data-field-id=\"1\"><label class=\"wpforms-field-label wpforms-label-hide\" for=\"wpforms-16022-field_1\" aria-hidden=\"false\">Vollst\u00e4ndiger Name <span class=\"wpforms-required-label\" aria-hidden=\"true\">*<\/span><\/label><input type=\"text\" id=\"wpforms-16022-field_1\" class=\"wpforms-field-large wpforms-field-required\" name=\"wpforms[fields][1]\" placeholder=\"Vollst\u00e4ndiger Name\" aria-errormessage=\"wpforms-16022-field_1-error\" required><\/div><div id=\"wpforms-16022-field_3-container\" class=\"wpforms-field wpforms-field-email\" data-field-id=\"3\"><label class=\"wpforms-field-label wpforms-label-hide\" for=\"wpforms-16022-field_3\" aria-hidden=\"false\">E-Post <span class=\"wpforms-required-label\" aria-hidden=\"true\">*<\/span><\/label><input type=\"email\" id=\"wpforms-16022-field_3\" class=\"wpforms-field-large wpforms-field-required\" name=\"wpforms[fields][3]\" placeholder=\"E-Post\" spellcheck=\"false\" aria-errormessage=\"wpforms-16022-field_3-error\" required><\/div><div id=\"wpforms-16022-field_4-container\" class=\"wpforms-field wpforms-field-text\" data-field-id=\"4\"><label class=\"wpforms-field-label wpforms-label-hide\" for=\"wpforms-16022-field_4\" aria-hidden=\"false\">Thema<\/label><input type=\"text\" id=\"wpforms-16022-field_4\" class=\"wpforms-field-large\" name=\"wpforms[fields][4]\" placeholder=\"Thema\" aria-errormessage=\"wpforms-16022-field_4-error\" ><\/div><div id=\"wpforms-16022-field_5-container\" class=\"wpforms-field wpforms-field-textarea\" data-field-id=\"5\"><label class=\"wpforms-field-label wpforms-label-hide\" for=\"wpforms-16022-field_5\" aria-hidden=\"false\">Nachricht<\/label><textarea id=\"wpforms-16022-field_5\" class=\"wpforms-field-medium\" name=\"wpforms[fields][5]\" placeholder=\"Nachricht\" aria-errormessage=\"wpforms-16022-field_5-error\" ><\/textarea><\/div><div id=\"wpforms-16022-field_7-container\" class=\"wpforms-field wpforms-field-checkbox\" data-field-id=\"7\"><fieldset><legend class=\"wpforms-field-label\"><\/legend><ul id=\"wpforms-16022-field_7\"><li class=\"choice-1 depth-1\"><input type=\"checkbox\" id=\"wpforms-16022-field_7_1\" name=\"wpforms[fields][7][]\" value=\"Yes, I have read the data privacy statement* and accept that my given data will be electronically handled and saved. My data will just be used to answer my request. By submitting this form, I agree with this process.\" aria-errormessage=\"wpforms-16022-field_7_1-error\"  ><label class=\"wpforms-field-label-inline\" for=\"wpforms-16022-field_7_1\">Ja, ich habe die Datenschutzerkl\u00e4rung* gelesen und bin damit einverstanden, dass meine angegebenen Daten elektronisch verarbeitet und gespeichert werden. Meine Daten werden nur zur Beantwortung meiner Anfrage verwendet. Mit dem Absenden dieses Formulars erkl\u00e4re ich mich mit diesem Verfahren einverstanden.<\/label><\/li><\/ul><\/fieldset><\/div><\/div><!-- .wpforms-field-container --><div class=\"wpforms-submit-container\" ><input type=\"hidden\" name=\"wpforms[id]\" value=\"16022\"><input type=\"hidden\" name=\"wpforms[author]\" value=\"1\"><button type=\"submit\" name=\"wpforms[submit]\" id=\"wpforms-submit-16022\" class=\"wpforms-submit\" data-alt-text=\"Sending...\" data-submit-text=\"Contact Sales\" aria-live=\"assertive\" value=\"wpforms-submit\">Kontaktieren Sie den Vertrieb<\/button><img loading=\"lazy\" decoding=\"async\" src=\"https:\/\/gfa-istanbul.com\/wp-content\/plugins\/wpforms-lite\/assets\/images\/submit-spin.svg\" class=\"wpforms-submit-spinner\" style=\"display: none;\" width=\"26\" height=\"26\" alt=\"Wird geladen\"><\/div><input type=\"hidden\" name=\"trp-form-language\" value=\"de\"\/><\/form><\/div>  <!-- .wpforms-container -->        <\/div>\n        \t\t<\/div>\n\t\t\t\t<\/div>\n\t\t\t\t<\/div>\n\t\t<div class=\"elementor-element elementor-element-ca67171 e-con-full e-flex e-con e-child\" data-id=\"ca67171\" data-element_type=\"container\">\n\t\t\t\t<div class=\"elementor-element elementor-element-eb40e9b elementor-widget elementor-widget-industrium_heading\" data-id=\"eb40e9b\" data-element_type=\"widget\" data-widget_type=\"industrium_heading.default\">\n\t\t\t\t<div class=\"elementor-widget-container\">\n\t\t\t<div class=\"industrium-heading-widget\"><h5 class=\"industrium-heading\"><span class=\"industrium-heading-content\">B\u00fcroadresse<\/span><\/h5><\/div>\t\t<\/div>\n\t\t\t\t<\/div>\n\t\t\t\t<div class=\"elementor-element elementor-element-984b00c elementor-widget elementor-widget-text-editor\" data-id=\"984b00c\" data-element_type=\"widget\" data-widget_type=\"text-editor.default\">\n\t\t\t\t<div class=\"elementor-widget-container\">\n\t\t\t\t\t\t\t<p>Tahtakale Mah. Nissa O2 Residence <br \/>Mahmur \u00c7i\u00e7e\u011fi Sk. No:4 \u0130\u00e7 Kap\u0131 No:94 <br \/>Avc\u0131lar\/\u0130stanbul<br \/><!-- notionvc: 479a910f-8d38-4646-9aaf-04c392438d20 -->+90 544 918 09 56<!-- notionvc: 794c13f0-9917-4ef9-8ade-53ecda2c5b05 --><\/p>\t\t\t\t\t\t<\/div>\n\t\t\t\t<\/div>\n\t\t\t\t<div class=\"elementor-element elementor-element-7b3404b elementor-widget elementor-widget-spacer\" data-id=\"7b3404b\" data-element_type=\"widget\" data-widget_type=\"spacer.default\">\n\t\t\t\t<div class=\"elementor-widget-container\">\n\t\t\t\t\t<div class=\"elementor-spacer\">\n\t\t\t<div class=\"elementor-spacer-inner\"><\/div>\n\t\t<\/div>\n\t\t\t\t<\/div>\n\t\t\t\t<\/div>\n\t\t\t\t<div class=\"elementor-element elementor-element-efa34bb elementor-widget elementor-widget-industrium_heading\" data-id=\"efa34bb\" data-element_type=\"widget\" data-widget_type=\"industrium_heading.default\">\n\t\t\t\t<div class=\"elementor-widget-container\">\n\t\t\t<div class=\"industrium-heading-widget\"><h5 class=\"industrium-heading\"><span class=\"industrium-heading-content\">Adresse der Fabrik<\/span><\/h5><\/div>\t\t<\/div>\n\t\t\t\t<\/div>\n\t\t\t\t<div class=\"elementor-element elementor-element-73b8725 elementor-widget elementor-widget-text-editor\" data-id=\"73b8725\" data-element_type=\"widget\" data-widget_type=\"text-editor.default\">\n\t\t\t\t<div class=\"elementor-widget-container\">\n\t\t\t\t\t\t\t<p>Ak\u00e7aburgaz Mah. 1575. Sk. Alkoop San <br \/>C5 Blok No: 5 C \u0130\u00e7 Kap\u0131 No: 2 <br \/>Esenyurt\/ \u0130stanbul\u00a0<br \/>+90 549 591 90 33<\/p>\t\t\t\t\t\t<\/div>\n\t\t\t\t<\/div>\n\t\t\t\t<div class=\"elementor-element elementor-element-608fb21 elementor-widget elementor-widget-spacer\" data-id=\"608fb21\" data-element_type=\"widget\" data-widget_type=\"spacer.default\">\n\t\t\t\t<div class=\"elementor-widget-container\">\n\t\t\t\t\t<div class=\"elementor-spacer\">\n\t\t\t<div class=\"elementor-spacer-inner\"><\/div>\n\t\t<\/div>\n\t\t\t\t<\/div>\n\t\t\t\t<\/div>\n\t\t\t\t<div class=\"elementor-element elementor-element-824336d elementor-widget elementor-widget-industrium_heading\" data-id=\"824336d\" data-element_type=\"widget\" data-widget_type=\"industrium_heading.default\">\n\t\t\t\t<div class=\"elementor-widget-container\">\n\t\t\t<div class=\"industrium-heading-widget\"><h5 class=\"industrium-heading\"><span class=\"industrium-heading-content\">E-Post<\/span><\/h5><\/div>\t\t<\/div>\n\t\t\t\t<\/div>\n\t\t\t\t<div class=\"elementor-element elementor-element-4dd8eac elementor-widget elementor-widget-text-editor\" data-id=\"4dd8eac\" data-element_type=\"widget\" data-widget_type=\"text-editor.default\">\n\t\t\t\t<div class=\"elementor-widget-container\">\n\t\t\t\t\t\t\t<p><a href=\"mailto:info@gfa-istanbul.com\">info@gfa-istanbul.com<\/a><\/p>\t\t\t\t\t\t<\/div>\n\t\t\t\t<\/div>\n\t\t\t\t<\/div>\n\t\t\t\t\t<\/div>\n\t\t\t\t<\/div>\n\t\t\t\t<\/div>","protected":false},"excerpt":{"rendered":"<p>Please drop us a message if you would like to know more. Tahtakale Mah. Nissa O2 Residence Mahmur \u00c7i\u00e7e\u011fi Sk. No:4 \u0130\u00e7 Kap\u0131 No:94 Avc\u0131lar\/\u0130stanbul+90 544 918 09 56 Ak\u00e7aburgaz Mah. 1575. Sk. Alkoop San C5 Blok No: 5 C \u0130\u00e7&#8230;<\/p>","protected":false},"author":1,"featured_media":0,"parent":0,"menu_order":0,"comment_status":"closed","ping_status":"closed","template":"","meta":{"rank_math_lock_modified_date":false,"footnotes":""},"class_list":["post-16206","page","type-page","status-publish","hentry"],"_links":{"self":[{"href":"https:\/\/gfa-istanbul.com\/de\/wp-json\/wp\/v2\/pages\/16206","targetHints":{"allow":["GET"]}}],"collection":[{"href":"https:\/\/gfa-istanbul.com\/de\/wp-json\/wp\/v2\/pages"}],"about":[{"href":"https:\/\/gfa-istanbul.com\/de\/wp-json\/wp\/v2\/types\/page"}],"author":[{"embeddable":true,"href":"https:\/\/gfa-istanbul.com\/de\/wp-json\/wp\/v2\/users\/1"}],"replies":[{"embeddable":true,"href":"https:\/\/gfa-istanbul.com\/de\/wp-json\/wp\/v2\/comments?post=16206"}],"version-history":[{"count":81,"href":"https:\/\/gfa-istanbul.com\/de\/wp-json\/wp\/v2\/pages\/16206\/revisions"}],"predecessor-version":[{"id":18383,"href":"https:\/\/gfa-istanbul.com\/de\/wp-json\/wp\/v2\/pages\/16206\/revisions\/18383"}],"wp:attachment":[{"href":"https:\/\/gfa-istanbul.com\/de\/wp-json\/wp\/v2\/media?parent=16206"}],"curies":[{"name":"wp","href":"https:\/\/api.w.org\/{rel}","templated":true}]}}