{"id":16134,"date":"2023-11-16T08:21:46","date_gmt":"2023-11-16T08:21:46","guid":{"rendered":"https:\/\/gfa-istanbul.com\/?page_id=16134"},"modified":"2024-04-23T12:16:48","modified_gmt":"2024-04-23T12:16:48","slug":"hollow-bearer-vs-bf","status":"publish","type":"page","link":"https:\/\/gfa-istanbul.com\/de\/hollow-bearer-vs-bf\/","title":{"rendered":"Verschlussschwelle VS-BF"},"content":{"rendered":"<div data-elementor-type=\"wp-page\" data-elementor-id=\"16134\" class=\"elementor elementor-16134\">\n\t\t\t\t\t\t<section class=\"elementor-section elementor-top-section elementor-element elementor-element-d3e67b6 elementor-section-full_width elementor-section-stretched elementor-section-height-min-height elementor-section-content-middle elementor-section-height-default elementor-section-items-middle\" data-id=\"d3e67b6\" data-element_type=\"section\" data-settings=\"{&quot;stretch_section&quot;:&quot;section-stretched&quot;,&quot;background_background&quot;:&quot;classic&quot;}\">\n\t\t\t\t\t\t\t<div class=\"elementor-background-overlay\"><\/div>\n\t\t\t\t\t\t\t<div class=\"elementor-container elementor-column-gap-no\">\n\t\t\t\t\t<div class=\"elementor-column elementor-col-100 elementor-top-column elementor-element elementor-element-878e7c9\" data-id=\"878e7c9\" data-element_type=\"column\">\n\t\t\t<div class=\"elementor-widget-wrap elementor-element-populated\">\n\t\t\t\t\t\t<div class=\"elementor-element elementor-element-697e7e7 elementor-widget elementor-widget-industrium_heading\" data-id=\"697e7e7\" data-element_type=\"widget\" data-widget_type=\"industrium_heading.default\">\n\t\t\t\t<div class=\"elementor-widget-container\">\n\t\t\t<div class=\"industrium-heading-widget\"><h2 class=\"industrium-heading\"><span class=\"industrium-heading-content\">Produkte<\/span><\/h2><\/div>\t\t<\/div>\n\t\t\t\t<\/div>\n\t\t\t\t<div class=\"elementor-element elementor-element-dbacaa6 elementor-widget elementor-widget-industrium_heading\" data-id=\"dbacaa6\" data-element_type=\"widget\" data-widget_type=\"industrium_heading.default\">\n\t\t\t\t<div class=\"elementor-widget-container\">\n\t\t\t<div class=\"industrium-heading-widget\"><h2 class=\"industrium-heading\"><span class=\"industrium-heading-content\">Verschlussschwelle VS-BF <\/span><\/h2><\/div>\t\t<\/div>\n\t\t\t\t<\/div>\n\t\t\t\t\t<\/div>\n\t\t<\/div>\n\t\t\t\t\t<\/div>\n\t\t<\/section>\n\t\t\t\t<section class=\"elementor-section elementor-top-section elementor-element elementor-element-6bacc30d elementor-section-full_width elementor-section-stretched elementor-section-height-min-height elementor-section-content-middle elementor-reverse-mobile elementor-section-height-default elementor-section-items-middle\" data-id=\"6bacc30d\" data-element_type=\"section\" data-settings=\"{&quot;stretch_section&quot;:&quot;section-stretched&quot;}\">\n\t\t\t\t\t\t<div class=\"elementor-container elementor-column-gap-wide\">\n\t\t\t\t\t<div class=\"elementor-column elementor-col-50 elementor-top-column elementor-element elementor-element-59ed1a5d\" data-id=\"59ed1a5d\" data-element_type=\"column\">\n\t\t\t<div class=\"elementor-widget-wrap elementor-element-populated\">\n\t\t\t\t\t\t<div class=\"elementor-element elementor-element-79bfd0b2 elementor-widget elementor-widget-industrium_heading\" data-id=\"79bfd0b2\" data-element_type=\"widget\" data-widget_type=\"industrium_heading.default\">\n\t\t\t\t<div class=\"elementor-widget-container\">\n\t\t\t<div class=\"industrium-heading-widget\"><h2 class=\"industrium-heading\"><span class=\"industrium-heading-content\"><span style=\"font-weight: 400\">Verschlussschwelle VS-BF <\/span><\/span><\/h2><\/div>\t\t<\/div>\n\t\t\t\t<\/div>\n\t\t\t\t<div class=\"elementor-element elementor-element-62603f86 elementor-widget elementor-widget-text-editor\" data-id=\"62603f86\" data-element_type=\"widget\" data-widget_type=\"text-editor.default\">\n\t\t\t\t<div class=\"elementor-widget-container\">\n\t\t\t\t\t\t\t<p><span style=\"font-weight: 400;\">Die Verschlussschwelle VS-BF erm\u00f6glicht die Integration des Weichenverschlusses, des Antriebes sowie der Pr\u00fcfer- und Stellstangen. Sie kann somit wie herk\u00f6mmliche Eisenbahnschwellen eingeschottert werden. Dar\u00fcber hinaus kann der gesamte Verschlussbereich mechanisch und automatische gestopft werden, was zu einer verbesserten Lagestabilit\u00e4t der Weiche f\u00fchrt. Die Bestandteile der Verschlussschwelle, wie Gleitstuhlplatten und Befestigungselemente sind speziell aufeinander abgestimmt und k\u00f6nnen obligatorisch im Lieferumfang vormontiert geliefert werden. Die Abdeckungen gew\u00e4hren einen idealen Schutz der integrierten Komponenten vor Witterungseinfl\u00fcssen und Verschmutzung. Zur Wartung und Inspektion lassen sich die Abdeckungen mit nur wenigen Handgriffen\ndemontieren.\u00a0<\/span><\/p><p>F\u00fcr die Nutzung einer Verschlussfach-Heizung sind entsprechende Kabelf\u00fchrungen vorgesehen. Auf Kundenwunsch versehen wir die Unterseite mit einer elastischen Schwellenbesohlung. Diese schont den Schotter, erh\u00f6ht die Lagestabilit\u00e4t und verbessert die dynamischen sowie akustischen Eigenschaften des Oberbaus. Die VS-BF kann den individuellen Kundenbed\u00fcrfnissen entsprechend gefertigt werden.<\/p>\t\t\t\t\t\t<\/div>\n\t\t\t\t<\/div>\n\t\t\t\t\t<\/div>\n\t\t<\/div>\n\t\t\t\t<div class=\"elementor-column elementor-col-50 elementor-top-column elementor-element elementor-element-46bced6d\" data-id=\"46bced6d\" data-element_type=\"column\">\n\t\t\t<div class=\"elementor-widget-wrap elementor-element-populated\">\n\t\t\t\t\t\t<div class=\"elementor-element elementor-element-0a2f8d7 elementor-widget elementor-widget-image\" data-id=\"0a2f8d7\" data-element_type=\"widget\" data-widget_type=\"image.default\">\n\t\t\t\t<div class=\"elementor-widget-container\">\n\t\t\t\t\t\t\t\t\t\t\t\t\t<img loading=\"lazy\" decoding=\"async\" width=\"1024\" height=\"584\" src=\"https:\/\/gfa-istanbul.com\/wp-content\/uploads\/2023\/12\/Ekran-Resmi-2023-12-22-17.40.38.png\" class=\"attachment-large size-large wp-image-16481\" alt=\"\" \/>\t\t\t\t\t\t\t\t\t\t\t\t\t<\/div>\n\t\t\t\t<\/div>\n\t\t\t\t\t<\/div>\n\t\t<\/div>\n\t\t\t\t\t<\/div>\n\t\t<\/section>\n\t\t\t\t<section class=\"elementor-section elementor-top-section elementor-element elementor-element-a1a7033 elementor-section-full_width elementor-section-stretched elementor-section-height-min-height elementor-section-content-middle elementor-section-height-default elementor-section-items-middle\" data-id=\"a1a7033\" data-element_type=\"section\" data-settings=\"{&quot;stretch_section&quot;:&quot;section-stretched&quot;}\">\n\t\t\t\t\t\t<div class=\"elementor-container elementor-column-gap-wide\">\n\t\t\t\t\t<div class=\"elementor-column elementor-col-50 elementor-top-column elementor-element elementor-element-2a8749e\" data-id=\"2a8749e\" data-element_type=\"column\">\n\t\t\t<div class=\"elementor-widget-wrap elementor-element-populated\">\n\t\t\t\t\t\t<div class=\"elementor-element elementor-element-137203c elementor-widget elementor-widget-image\" data-id=\"137203c\" data-element_type=\"widget\" data-widget_type=\"image.default\">\n\t\t\t\t<div class=\"elementor-widget-container\">\n\t\t\t\t\t\t\t\t\t\t\t\t\t<img loading=\"lazy\" decoding=\"async\" width=\"1024\" height=\"1024\" src=\"https:\/\/gfa-istanbul.com\/wp-content\/uploads\/2024\/04\/Adsiz-tasarim-79.jpg\" class=\"attachment-large size-large wp-image-18238\" alt=\"\" srcset=\"https:\/\/gfa-istanbul.com\/wp-content\/uploads\/2024\/04\/Adsiz-tasarim-79.jpg 1024w, https:\/\/gfa-istanbul.com\/wp-content\/uploads\/2024\/04\/Adsiz-tasarim-79-300x300.jpg 300w, https:\/\/gfa-istanbul.com\/wp-content\/uploads\/2024\/04\/Adsiz-tasarim-79-150x150.jpg 150w, https:\/\/gfa-istanbul.com\/wp-content\/uploads\/2024\/04\/Adsiz-tasarim-79-768x768.jpg 768w, https:\/\/gfa-istanbul.com\/wp-content\/uploads\/2024\/04\/Adsiz-tasarim-79-12x12.jpg 12w, https:\/\/gfa-istanbul.com\/wp-content\/uploads\/2024\/04\/Adsiz-tasarim-79-600x600.jpg 600w\" sizes=\"auto, (max-width: 1024px) 100vw, 1024px\" \/>\t\t\t\t\t\t\t\t\t\t\t\t\t<\/div>\n\t\t\t\t<\/div>\n\t\t\t\t\t<\/div>\n\t\t<\/div>\n\t\t\t\t<div class=\"elementor-column elementor-col-50 elementor-top-column elementor-element elementor-element-f35118e\" data-id=\"f35118e\" data-element_type=\"column\">\n\t\t\t<div class=\"elementor-widget-wrap elementor-element-populated\">\n\t\t\t\t\t\t<div class=\"elementor-element elementor-element-078cacb elementor-widget elementor-widget-industrium_heading\" data-id=\"078cacb\" data-element_type=\"widget\" data-widget_type=\"industrium_heading.default\">\n\t\t\t\t<div class=\"elementor-widget-container\">\n\t\t\t<div class=\"industrium-heading-widget\"><h2 class=\"industrium-heading translation-block\"><span class=\"industrium-heading-content\"><span style=\"font-weight: 400;color: #333\">Die Weiche ist der kritischste <\/span><span style=\"font-weight: 400\">Teil der Eisenbahninfrastruktur<\/span><\/span><\/h2><\/div>\t\t<\/div>\n\t\t\t\t<\/div>\n\t\t\t\t<div class=\"elementor-element elementor-element-56e21f4 elementor-widget elementor-widget-text-editor\" data-id=\"56e21f4\" data-element_type=\"widget\" data-widget_type=\"text-editor.default\">\n\t\t\t\t<div class=\"elementor-widget-container\">\n\t\t\t\t\t\t\t<p><span style=\"font-weight: 400;\">F\u00fcr Wartung und Inspektion k\u00f6nnen die Abdeckungen leicht demontiert werden. F\u00fcr den Einsatz einer Heizung innerhalb des Hohltr\u00e4gers sind Kabelkan\u00e4le vorgesehen.\u00a0<\/span><\/p><p>Auf Wunsch des Kunden kann die Unterseite mit einem elastischen Fu\u00df versehen werden. Dies sch\u00fctzt den Schotter, erh\u00f6ht die Lagestabilit\u00e4t und verbessert die dynamischen und akustischen Eigenschaften des Gleisbaus. Das Design des VS-BF kann auf die Anforderungen des Kunden zugeschnitten werden.<\/p>\t\t\t\t\t\t<\/div>\n\t\t\t\t<\/div>\n\t\t\t\t\t<\/div>\n\t\t<\/div>\n\t\t\t\t\t<\/div>\n\t\t<\/section>\n\t\t\t\t<section class=\"elementor-section elementor-top-section elementor-element elementor-element-7844544c elementor-section-full_width elementor-section-stretched elementor-section-content-middle elementor-section-height-default elementor-section-height-default\" data-id=\"7844544c\" data-element_type=\"section\" data-settings=\"{&quot;stretch_section&quot;:&quot;section-stretched&quot;,&quot;background_background&quot;:&quot;classic&quot;}\">\n\t\t\t\t\t\t\t<div class=\"elementor-background-overlay\"><\/div>\n\t\t\t\t\t\t\t<div class=\"elementor-container elementor-column-gap-no\">\n\t\t\t\t\t<div class=\"elementor-column elementor-col-100 elementor-top-column elementor-element elementor-element-58694eed\" data-id=\"58694eed\" data-element_type=\"column\">\n\t\t\t<div class=\"elementor-widget-wrap elementor-element-populated\">\n\t\t\t\t\t\t<section class=\"elementor-section elementor-inner-section elementor-element elementor-element-2d70509a elementor-section-content-middle elementor-section-height-min-height elementor-section-boxed elementor-section-height-default\" data-id=\"2d70509a\" data-element_type=\"section\">\n\t\t\t\t\t\t<div class=\"elementor-container elementor-column-gap-wide\">\n\t\t\t\t\t<div class=\"elementor-column elementor-col-50 elementor-inner-column elementor-element elementor-element-2a9d769d animated-fast elementor-invisible\" data-id=\"2a9d769d\" data-element_type=\"column\" data-settings=\"{&quot;animation&quot;:&quot;industrium_clip_in_down&quot;,&quot;animation_tablet_extra&quot;:&quot;none&quot;,&quot;animation_delay&quot;:500}\">\n\t\t\t<div class=\"elementor-widget-wrap\">\n\t\t\t\t\t\t\t<\/div>\n\t\t<\/div>\n\t\t\t\t<div class=\"elementor-column elementor-col-50 elementor-inner-column elementor-element elementor-element-22704340 animated-fast elementor-invisible\" data-id=\"22704340\" data-element_type=\"column\" data-settings=\"{&quot;background_background&quot;:&quot;classic&quot;,&quot;animation&quot;:&quot;industrium_clip_in_down&quot;,&quot;animation_tablet_extra&quot;:&quot;none&quot;,&quot;animation_delay&quot;:500}\">\n\t\t\t<div class=\"elementor-widget-wrap elementor-element-populated\">\n\t\t\t\t\t\t<div class=\"elementor-element elementor-element-67fb848a elementor-widget elementor-widget-industrium_heading\" data-id=\"67fb848a\" data-element_type=\"widget\" data-widget_type=\"industrium_heading.default\">\n\t\t\t\t<div class=\"elementor-widget-container\">\n\t\t\t<div class=\"industrium-heading-widget\"><h2 class=\"industrium-heading translation-block\"><span class=\"industrium-heading-content\"><span style=\"color: #ffffff\">Langlebig und unglaublich pflegeleicht,<\/span> sicher und nachhaltig.<\/span><\/h2><\/div>\t\t<\/div>\n\t\t\t\t<\/div>\n\t\t\t\t<div class=\"elementor-element elementor-element-7a86313d elementor-widget elementor-widget-industrium_heading\" data-id=\"7a86313d\" data-element_type=\"widget\" data-widget_type=\"industrium_heading.default\">\n\t\t\t\t<div class=\"elementor-widget-container\">\n\t\t\t<div class=\"industrium-heading-widget\"><h6 class=\"industrium-heading\"><span class=\"industrium-heading-content\"><span style=\"font-weight: 400\">Geringer Wartungsaufwand und Schalterverriegelungen<\/span><\/span><\/h6><\/div>\t\t<\/div>\n\t\t\t\t<\/div>\n\t\t\t\t<div class=\"elementor-element elementor-element-471208fb elementor-widget elementor-widget-text-editor\" data-id=\"471208fb\" data-element_type=\"widget\" data-widget_type=\"text-editor.default\">\n\t\t\t\t<div class=\"elementor-widget-container\">\n\t\t\t\t\t\t\t<p class=\" translation-block\"><strong>Als GFA Istanbul,<\/strong> der autorisierte H\u00e4ndler von Bharat Forge CDP, arbeiten wir mit der Zuverl\u00e4ssigkeit und Sicherheit einer weltweit anerkannten Marke. Unser Portfolio umfasst Schl\u00fcsselrollensysteme, Schlie\u00dfvorrichtungen f\u00fcr wartungsarme Schl\u00fcsselkomponenten. Unser Versprechen der Exzellenz basiert auf dem weltweiten Ruf von Bharat Forge CDP und bietet unvergleichliche Erfahrung und Qualit\u00e4t in jedem Service.<\/p>\t\t\t\t\t\t<\/div>\n\t\t\t\t<\/div>\n\t\t\t\t\t<\/div>\n\t\t<\/div>\n\t\t\t\t\t<\/div>\n\t\t<\/section>\n\t\t\t\t\t<\/div>\n\t\t<\/div>\n\t\t\t\t\t<\/div>\n\t\t<\/section>\n\t\t\t\t<\/div>","protected":false},"excerpt":{"rendered":"<p>The hollow bearer VS-BF enables the integration of a locking device and all necessary drive and detection rods as well. Thus it can be positioned in the ballast just as a standard railway sleeper. This enables a mechanical and automatic tamping&#8230;<\/p>","protected":false},"author":1,"featured_media":0,"parent":0,"menu_order":0,"comment_status":"closed","ping_status":"closed","template":"","meta":{"rank_math_lock_modified_date":false,"footnotes":""},"class_list":["post-16134","page","type-page","status-publish","hentry"],"_links":{"self":[{"href":"https:\/\/gfa-istanbul.com\/de\/wp-json\/wp\/v2\/pages\/16134","targetHints":{"allow":["GET"]}}],"collection":[{"href":"https:\/\/gfa-istanbul.com\/de\/wp-json\/wp\/v2\/pages"}],"about":[{"href":"https:\/\/gfa-istanbul.com\/de\/wp-json\/wp\/v2\/types\/page"}],"author":[{"embeddable":true,"href":"https:\/\/gfa-istanbul.com\/de\/wp-json\/wp\/v2\/users\/1"}],"replies":[{"embeddable":true,"href":"https:\/\/gfa-istanbul.com\/de\/wp-json\/wp\/v2\/comments?post=16134"}],"version-history":[{"count":65,"href":"https:\/\/gfa-istanbul.com\/de\/wp-json\/wp\/v2\/pages\/16134\/revisions"}],"predecessor-version":[{"id":18392,"href":"https:\/\/gfa-istanbul.com\/de\/wp-json\/wp\/v2\/pages\/16134\/revisions\/18392"}],"wp:attachment":[{"href":"https:\/\/gfa-istanbul.com\/de\/wp-json\/wp\/v2\/media?parent=16134"}],"curies":[{"name":"wp","href":"https:\/\/api.w.org\/{rel}","templated":true}]}}