{"id":16126,"date":"2023-11-16T08:19:55","date_gmt":"2023-11-16T08:19:55","guid":{"rendered":"https:\/\/gfa-istanbul.com\/?page_id=16126"},"modified":"2024-04-23T12:26:14","modified_gmt":"2024-04-23T12:26:14","slug":"slide-and-guard-chair-plates","status":"publish","type":"page","link":"https:\/\/gfa-istanbul.com\/de\/slide-and-guard-chair-plates\/","title":{"rendered":"Gleitstuhlplatten und Leitplankentr\u00e4gerplatten"},"content":{"rendered":"<div data-elementor-type=\"wp-page\" data-elementor-id=\"16126\" class=\"elementor elementor-16126\">\n\t\t\t\t\t\t<section class=\"elementor-section elementor-top-section elementor-element elementor-element-84c8137 elementor-section-full_width elementor-section-stretched elementor-section-height-min-height elementor-section-content-middle elementor-section-height-default elementor-section-items-middle\" data-id=\"84c8137\" data-element_type=\"section\" data-settings=\"{&quot;stretch_section&quot;:&quot;section-stretched&quot;,&quot;background_background&quot;:&quot;classic&quot;}\">\n\t\t\t\t\t\t\t<div class=\"elementor-background-overlay\"><\/div>\n\t\t\t\t\t\t\t<div class=\"elementor-container elementor-column-gap-no\">\n\t\t\t\t\t<div class=\"elementor-column elementor-col-100 elementor-top-column elementor-element elementor-element-5acebf3\" data-id=\"5acebf3\" data-element_type=\"column\">\n\t\t\t<div class=\"elementor-widget-wrap elementor-element-populated\">\n\t\t\t\t\t\t<div class=\"elementor-element elementor-element-d7cb581 elementor-widget elementor-widget-industrium_heading\" data-id=\"d7cb581\" data-element_type=\"widget\" data-widget_type=\"industrium_heading.default\">\n\t\t\t\t<div class=\"elementor-widget-container\">\n\t\t\t<div class=\"industrium-heading-widget\"><h2 class=\"industrium-heading\"><span class=\"industrium-heading-content\">Produkte<\/span><\/h2><\/div>\t\t<\/div>\n\t\t\t\t<\/div>\n\t\t\t\t<div class=\"elementor-element elementor-element-33adf17 elementor-widget elementor-widget-industrium_heading\" data-id=\"33adf17\" data-element_type=\"widget\" data-widget_type=\"industrium_heading.default\">\n\t\t\t\t<div class=\"elementor-widget-container\">\n\t\t\t<div class=\"industrium-heading-widget\"><h2 class=\"industrium-heading\"><span class=\"industrium-heading-content\">Gleitstuhlplatten und Leitplankentr\u00e4gerplatten<\/span><\/h2><\/div>\t\t<\/div>\n\t\t\t\t<\/div>\n\t\t\t\t\t<\/div>\n\t\t<\/div>\n\t\t\t\t\t<\/div>\n\t\t<\/section>\n\t\t\t\t<section class=\"elementor-section elementor-top-section elementor-element elementor-element-2449c686 elementor-section-full_width elementor-section-stretched elementor-section-height-min-height elementor-section-content-middle elementor-reverse-mobile elementor-section-height-default elementor-section-items-middle\" data-id=\"2449c686\" data-element_type=\"section\" data-settings=\"{&quot;stretch_section&quot;:&quot;section-stretched&quot;}\">\n\t\t\t\t\t\t<div class=\"elementor-container elementor-column-gap-wide\">\n\t\t\t\t\t<div class=\"elementor-column elementor-col-50 elementor-top-column elementor-element elementor-element-31e59566\" data-id=\"31e59566\" data-element_type=\"column\">\n\t\t\t<div class=\"elementor-widget-wrap elementor-element-populated\">\n\t\t\t\t\t\t<div class=\"elementor-element elementor-element-7b6c9f9b elementor-widget elementor-widget-industrium_heading\" data-id=\"7b6c9f9b\" data-element_type=\"widget\" data-widget_type=\"industrium_heading.default\">\n\t\t\t\t<div class=\"elementor-widget-container\">\n\t\t\t<div class=\"industrium-heading-widget\"><h2 class=\"industrium-heading\"><span class=\"industrium-heading-content\"><span style=\"font-weight: 400\">Gleitstuhlplatten und Leitplankentr\u00e4gerplatten<\/span><\/span><\/h2><\/div>\t\t<\/div>\n\t\t\t\t<\/div>\n\t\t\t\t<div class=\"elementor-element elementor-element-5e7e39c5 elementor-widget elementor-widget-text-editor\" data-id=\"5e7e39c5\" data-element_type=\"widget\" data-widget_type=\"text-editor.default\">\n\t\t\t\t<div class=\"elementor-widget-container\">\n\t\t\t\t\t\t\t<p><span style=\"font-weight: 400;\">CDP Gleitstuhlplatten f\u00fcr den Bereich der Zungenvorrichtung erf\u00fcllen h\u00f6chste Anspr\u00fcche hinsichtlich Design, Funktion und Qualit\u00e4t. CDP kann nicht nur aus einer gro\u00dfen Bandbreite von Gleitstuhlplatten aus dem bestehenden Sortiment w\u00e4hlen, sondern entwickelt ma\u00dfgeschneiderte Kundenl\u00f6sungen.\u00a0<\/span><\/p><p>Hierbei werden alle relevanten Parameter ber\u00fccksichtigt. Beispielsweise stehen f\u00fcr die innere Backenschienenverspannung alle g\u00e4ngigen Systeme zur Verf\u00fcgung und auch das Befestigungssystem der Au\u00dfenseite kann nach technischen Vorgaben des Kunden individuell eingesetzt werden (z.B. SKL, Pandrol, Nabla, etc.).<\/p>\t\t\t\t\t\t<\/div>\n\t\t\t\t<\/div>\n\t\t\t\t\t<\/div>\n\t\t<\/div>\n\t\t\t\t<div class=\"elementor-column elementor-col-50 elementor-top-column elementor-element elementor-element-1c6cf10d\" data-id=\"1c6cf10d\" data-element_type=\"column\">\n\t\t\t<div class=\"elementor-widget-wrap elementor-element-populated\">\n\t\t\t\t\t\t<div class=\"elementor-element elementor-element-0d57c43 elementor-widget elementor-widget-image\" data-id=\"0d57c43\" data-element_type=\"widget\" data-widget_type=\"image.default\">\n\t\t\t\t<div class=\"elementor-widget-container\">\n\t\t\t\t\t\t\t\t\t\t\t\t\t<img loading=\"lazy\" decoding=\"async\" width=\"500\" height=\"500\" src=\"https:\/\/gfa-istanbul.com\/wp-content\/uploads\/2024\/04\/slide-2-removebg-preview.png\" class=\"attachment-large size-large wp-image-17938\" alt=\"\" srcset=\"https:\/\/gfa-istanbul.com\/wp-content\/uploads\/2024\/04\/slide-2-removebg-preview.png 500w, https:\/\/gfa-istanbul.com\/wp-content\/uploads\/2024\/04\/slide-2-removebg-preview-300x300.png 300w, https:\/\/gfa-istanbul.com\/wp-content\/uploads\/2024\/04\/slide-2-removebg-preview-150x150.png 150w, https:\/\/gfa-istanbul.com\/wp-content\/uploads\/2024\/04\/slide-2-removebg-preview-12x12.png 12w\" sizes=\"auto, (max-width: 500px) 100vw, 500px\" \/>\t\t\t\t\t\t\t\t\t\t\t\t\t<\/div>\n\t\t\t\t<\/div>\n\t\t\t\t\t<\/div>\n\t\t<\/div>\n\t\t\t\t\t<\/div>\n\t\t<\/section>\n\t\t\t\t<section class=\"elementor-section elementor-top-section elementor-element elementor-element-7409c06 elementor-section-full_width elementor-section-stretched elementor-section-height-min-height elementor-section-content-middle elementor-section-height-default elementor-section-items-middle\" data-id=\"7409c06\" data-element_type=\"section\" data-settings=\"{&quot;stretch_section&quot;:&quot;section-stretched&quot;}\">\n\t\t\t\t\t\t<div class=\"elementor-container elementor-column-gap-wide\">\n\t\t\t\t\t<div class=\"elementor-column elementor-col-50 elementor-top-column elementor-element elementor-element-abb1f92\" data-id=\"abb1f92\" data-element_type=\"column\">\n\t\t\t<div class=\"elementor-widget-wrap elementor-element-populated\">\n\t\t\t\t\t\t<div class=\"elementor-element elementor-element-51d0f37 elementor-widget elementor-widget-image\" data-id=\"51d0f37\" data-element_type=\"widget\" data-widget_type=\"image.default\">\n\t\t\t\t<div class=\"elementor-widget-container\">\n\t\t\t\t\t\t\t\t\t\t\t\t\t<img loading=\"lazy\" decoding=\"async\" width=\"631\" height=\"395\" src=\"https:\/\/gfa-istanbul.com\/wp-content\/uploads\/2024\/04\/Ekran-Resmi-2023-12-22-15.33.29-removebg-preview.png\" class=\"attachment-large size-large wp-image-17936\" alt=\"\" srcset=\"https:\/\/gfa-istanbul.com\/wp-content\/uploads\/2024\/04\/Ekran-Resmi-2023-12-22-15.33.29-removebg-preview.png 631w, https:\/\/gfa-istanbul.com\/wp-content\/uploads\/2024\/04\/Ekran-Resmi-2023-12-22-15.33.29-removebg-preview-300x188.png 300w, https:\/\/gfa-istanbul.com\/wp-content\/uploads\/2024\/04\/Ekran-Resmi-2023-12-22-15.33.29-removebg-preview-18x12.png 18w, https:\/\/gfa-istanbul.com\/wp-content\/uploads\/2024\/04\/Ekran-Resmi-2023-12-22-15.33.29-removebg-preview-600x376.png 600w\" sizes=\"auto, (max-width: 631px) 100vw, 631px\" \/>\t\t\t\t\t\t\t\t\t\t\t\t\t<\/div>\n\t\t\t\t<\/div>\n\t\t\t\t\t<\/div>\n\t\t<\/div>\n\t\t\t\t<div class=\"elementor-column elementor-col-50 elementor-top-column elementor-element elementor-element-4e61b2a\" data-id=\"4e61b2a\" data-element_type=\"column\">\n\t\t\t<div class=\"elementor-widget-wrap elementor-element-populated\">\n\t\t\t\t\t\t<div class=\"elementor-element elementor-element-8368eaf elementor-widget elementor-widget-industrium_heading\" data-id=\"8368eaf\" data-element_type=\"widget\" data-widget_type=\"industrium_heading.default\">\n\t\t\t\t<div class=\"elementor-widget-container\">\n\t\t\t<div class=\"industrium-heading-widget\"><h2 class=\"industrium-heading translation-block\"><span class=\"industrium-heading-content\"><span style=\"font-weight: 400;color: #333\">Die Weiche ist der kritischste <\/span><span style=\"font-weight: 400\">Teil der Eisenbahninfrastruktur<\/span><\/span><\/h2><\/div>\t\t<\/div>\n\t\t\t\t<\/div>\n\t\t\t\t<div class=\"elementor-element elementor-element-21b5ffd elementor-widget elementor-widget-text-editor\" data-id=\"21b5ffd\" data-element_type=\"widget\" data-widget_type=\"text-editor.default\">\n\t\t\t\t<div class=\"elementor-widget-container\">\n\t\t\t\t\t\t\t<p><span style=\"font-weight: 400;\">Leitplankenst\u00fctzplatten f\u00fcr den Kreuzungsbereich. Die Platten sind f\u00fcr alle g\u00e4ngigen Schienenprofile, Befestigungssysteme und Schwellentypen erh\u00e4ltlich.\u00a0<\/span><\/p><p>Die Leitplankenst\u00fctzplatten werden in einem St\u00fcck gesenkgeschmiedet und bieten somit h\u00f6chste Stabilit\u00e4t und Widerstand gegen Krafteinwirkung.<\/p>\t\t\t\t\t\t<\/div>\n\t\t\t\t<\/div>\n\t\t\t\t\t<\/div>\n\t\t<\/div>\n\t\t\t\t\t<\/div>\n\t\t<\/section>\n\t\t\t\t<section class=\"elementor-section elementor-top-section elementor-element elementor-element-71c8867c elementor-section-full_width elementor-section-stretched elementor-section-content-middle elementor-section-height-default elementor-section-height-default\" data-id=\"71c8867c\" data-element_type=\"section\" data-settings=\"{&quot;stretch_section&quot;:&quot;section-stretched&quot;,&quot;background_background&quot;:&quot;classic&quot;}\">\n\t\t\t\t\t\t\t<div class=\"elementor-background-overlay\"><\/div>\n\t\t\t\t\t\t\t<div class=\"elementor-container elementor-column-gap-no\">\n\t\t\t\t\t<div class=\"elementor-column elementor-col-100 elementor-top-column elementor-element elementor-element-5f65ea17\" data-id=\"5f65ea17\" data-element_type=\"column\">\n\t\t\t<div class=\"elementor-widget-wrap elementor-element-populated\">\n\t\t\t\t\t\t<section class=\"elementor-section elementor-inner-section elementor-element elementor-element-595c56af elementor-section-content-middle elementor-section-height-min-height elementor-section-boxed elementor-section-height-default\" data-id=\"595c56af\" data-element_type=\"section\">\n\t\t\t\t\t\t<div class=\"elementor-container elementor-column-gap-wide\">\n\t\t\t\t\t<div class=\"elementor-column elementor-col-50 elementor-inner-column elementor-element elementor-element-54d94e4f animated-fast elementor-invisible\" data-id=\"54d94e4f\" data-element_type=\"column\" data-settings=\"{&quot;animation&quot;:&quot;industrium_clip_in_down&quot;,&quot;animation_tablet_extra&quot;:&quot;none&quot;,&quot;animation_delay&quot;:500}\">\n\t\t\t<div class=\"elementor-widget-wrap\">\n\t\t\t\t\t\t\t<\/div>\n\t\t<\/div>\n\t\t\t\t<div class=\"elementor-column elementor-col-50 elementor-inner-column elementor-element elementor-element-1a287326 animated-fast elementor-invisible\" data-id=\"1a287326\" data-element_type=\"column\" data-settings=\"{&quot;background_background&quot;:&quot;classic&quot;,&quot;animation&quot;:&quot;industrium_clip_in_down&quot;,&quot;animation_tablet_extra&quot;:&quot;none&quot;,&quot;animation_delay&quot;:500}\">\n\t\t\t<div class=\"elementor-widget-wrap elementor-element-populated\">\n\t\t\t\t\t\t<div class=\"elementor-element elementor-element-3ab25ee7 elementor-widget elementor-widget-industrium_heading\" data-id=\"3ab25ee7\" data-element_type=\"widget\" data-widget_type=\"industrium_heading.default\">\n\t\t\t\t<div class=\"elementor-widget-container\">\n\t\t\t<div class=\"industrium-heading-widget\"><h2 class=\"industrium-heading translation-block\"><span class=\"industrium-heading-content\"><span style=\"color: #ffffff\">Langlebig und unglaublich pflegeleicht,<\/span> sicher und nachhaltig.<\/span><\/h2><\/div>\t\t<\/div>\n\t\t\t\t<\/div>\n\t\t\t\t<div class=\"elementor-element elementor-element-7987e8a0 elementor-widget elementor-widget-industrium_heading\" data-id=\"7987e8a0\" data-element_type=\"widget\" data-widget_type=\"industrium_heading.default\">\n\t\t\t\t<div class=\"elementor-widget-container\">\n\t\t\t<div class=\"industrium-heading-widget\"><h6 class=\"industrium-heading\"><span class=\"industrium-heading-content\"><span style=\"font-weight: 400\">Geringer Wartungsaufwand und Schalterverriegelungen<\/span><\/span><\/h6><\/div>\t\t<\/div>\n\t\t\t\t<\/div>\n\t\t\t\t<div class=\"elementor-element elementor-element-51fbfbf0 elementor-widget elementor-widget-text-editor\" data-id=\"51fbfbf0\" data-element_type=\"widget\" data-widget_type=\"text-editor.default\">\n\t\t\t\t<div class=\"elementor-widget-container\">\n\t\t\t\t\t\t\t<p class=\" translation-block\"><strong>Als GFA Istanbul,<\/strong> der autorisierte H\u00e4ndler von Bharat Forge CDP, arbeiten wir mit der Zuverl\u00e4ssigkeit und Sicherheit einer weltweit anerkannten Marke. Unser Portfolio umfasst Schl\u00fcsselrollensysteme, Schlie\u00dfvorrichtungen f\u00fcr wartungsarme Schl\u00fcsselkomponenten. Unser Versprechen der Exzellenz basiert auf dem weltweiten Ruf von Bharat Forge CDP und bietet unvergleichliche Erfahrung und Qualit\u00e4t in jedem Service.<\/p>\t\t\t\t\t\t<\/div>\n\t\t\t\t<\/div>\n\t\t\t\t\t<\/div>\n\t\t<\/div>\n\t\t\t\t\t<\/div>\n\t\t<\/section>\n\t\t\t\t\t<\/div>\n\t\t<\/div>\n\t\t\t\t\t<\/div>\n\t\t<\/section>\n\t\t\t\t<\/div>","protected":false},"excerpt":{"rendered":"<p>CDP Slide Chair Plates for the pair of switches fulfill highest demands in regard to design, functionality and quality. CDP has access to a wide range of existing designs for various applications and the ability to develop tailor-made solutions for its&#8230;<\/p>","protected":false},"author":1,"featured_media":0,"parent":0,"menu_order":0,"comment_status":"closed","ping_status":"closed","template":"","meta":{"rank_math_lock_modified_date":false,"footnotes":""},"class_list":["post-16126","page","type-page","status-publish","hentry"],"_links":{"self":[{"href":"https:\/\/gfa-istanbul.com\/de\/wp-json\/wp\/v2\/pages\/16126","targetHints":{"allow":["GET"]}}],"collection":[{"href":"https:\/\/gfa-istanbul.com\/de\/wp-json\/wp\/v2\/pages"}],"about":[{"href":"https:\/\/gfa-istanbul.com\/de\/wp-json\/wp\/v2\/types\/page"}],"author":[{"embeddable":true,"href":"https:\/\/gfa-istanbul.com\/de\/wp-json\/wp\/v2\/users\/1"}],"replies":[{"embeddable":true,"href":"https:\/\/gfa-istanbul.com\/de\/wp-json\/wp\/v2\/comments?post=16126"}],"version-history":[{"count":75,"href":"https:\/\/gfa-istanbul.com\/de\/wp-json\/wp\/v2\/pages\/16126\/revisions"}],"predecessor-version":[{"id":18410,"href":"https:\/\/gfa-istanbul.com\/de\/wp-json\/wp\/v2\/pages\/16126\/revisions\/18410"}],"wp:attachment":[{"href":"https:\/\/gfa-istanbul.com\/de\/wp-json\/wp\/v2\/media?parent=16126"}],"curies":[{"name":"wp","href":"https:\/\/api.w.org\/{rel}","templated":true}]}}