{"id":16118,"date":"2023-11-16T08:05:32","date_gmt":"2023-11-16T08:05:32","guid":{"rendered":"https:\/\/gfa-istanbul.com\/?page_id=16118"},"modified":"2024-04-23T12:22:39","modified_gmt":"2024-04-23T12:22:39","slug":"low-maintenance-locking-device-moveable-frog-evh","status":"publish","type":"page","link":"https:\/\/gfa-istanbul.com\/de\/low-maintenance-locking-device-moveable-frog-evh\/","title":{"rendered":"Low Maintenance Locking Device Moveable Frog &#8211; EVH"},"content":{"rendered":"<div data-elementor-type=\"wp-page\" data-elementor-id=\"16118\" class=\"elementor elementor-16118\">\n\t\t\t\t\t\t<section class=\"elementor-section elementor-top-section elementor-element elementor-element-a2f9d5b elementor-section-full_width elementor-section-stretched elementor-section-height-min-height elementor-section-content-middle elementor-section-height-default elementor-section-items-middle\" data-id=\"a2f9d5b\" data-element_type=\"section\" data-settings=\"{&quot;stretch_section&quot;:&quot;section-stretched&quot;,&quot;background_background&quot;:&quot;classic&quot;}\">\n\t\t\t\t\t\t\t<div class=\"elementor-background-overlay\"><\/div>\n\t\t\t\t\t\t\t<div class=\"elementor-container elementor-column-gap-no\">\n\t\t\t\t\t<div class=\"elementor-column elementor-col-100 elementor-top-column elementor-element elementor-element-8dcefd7\" data-id=\"8dcefd7\" data-element_type=\"column\">\n\t\t\t<div class=\"elementor-widget-wrap elementor-element-populated\">\n\t\t\t\t\t\t<div class=\"elementor-element elementor-element-d4c689f elementor-widget elementor-widget-industrium_heading\" data-id=\"d4c689f\" data-element_type=\"widget\" data-widget_type=\"industrium_heading.default\">\n\t\t\t\t<div class=\"elementor-widget-container\">\n\t\t\t<div class=\"industrium-heading-widget\"><h2 class=\"industrium-heading\"><span class=\"industrium-heading-content\">Produkte<\/span><\/h2><\/div>\t\t<\/div>\n\t\t\t\t<\/div>\n\t\t\t\t<div class=\"elementor-element elementor-element-f2167f5 elementor-widget elementor-widget-industrium_heading\" data-id=\"f2167f5\" data-element_type=\"widget\" data-widget_type=\"industrium_heading.default\">\n\t\t\t\t<div class=\"elementor-widget-container\">\n\t\t\t<div class=\"industrium-heading-widget\"><h2 class=\"industrium-heading translation-block\"><span class=\"industrium-heading-content\">Wartungsarme Verriegelungsvorrichtung f\u00fcr bewegliche Fr\u00f6sche - EVH<\/span><\/h2><\/div>\t\t<\/div>\n\t\t\t\t<\/div>\n\t\t\t\t\t<\/div>\n\t\t<\/div>\n\t\t\t\t\t<\/div>\n\t\t<\/section>\n\t\t\t\t<section class=\"elementor-section elementor-top-section elementor-element elementor-element-6e79eaa7 elementor-section-full_width elementor-section-stretched elementor-section-height-min-height elementor-section-content-middle elementor-reverse-mobile elementor-section-height-default elementor-section-items-middle\" data-id=\"6e79eaa7\" data-element_type=\"section\" data-settings=\"{&quot;stretch_section&quot;:&quot;section-stretched&quot;}\">\n\t\t\t\t\t\t<div class=\"elementor-container elementor-column-gap-wide\">\n\t\t\t\t\t<div class=\"elementor-column elementor-col-50 elementor-top-column elementor-element elementor-element-525a9e8a\" data-id=\"525a9e8a\" data-element_type=\"column\">\n\t\t\t<div class=\"elementor-widget-wrap elementor-element-populated\">\n\t\t\t\t\t\t<div class=\"elementor-element elementor-element-5d1a3253 elementor-widget elementor-widget-industrium_heading\" data-id=\"5d1a3253\" data-element_type=\"widget\" data-widget_type=\"industrium_heading.default\">\n\t\t\t\t<div class=\"elementor-widget-container\">\n\t\t\t<div class=\"industrium-heading-widget\"><h2 class=\"industrium-heading\"><span class=\"industrium-heading-content\"><span style=\"font-weight: 400\"><span class=\"industrium-heading-content\">Wartungsarme Verriegelungsvorrichtung f\u00fcr bewegliche Fr\u00f6sche - EVH<\/span><\/span><\/span><\/h2><\/div>\t\t<\/div>\n\t\t\t\t<\/div>\n\t\t\t\t<div class=\"elementor-element elementor-element-76b85a5d elementor-widget elementor-widget-text-editor\" data-id=\"76b85a5d\" data-element_type=\"widget\" data-widget_type=\"text-editor.default\">\n\t\t\t\t<div class=\"elementor-widget-container\">\n\t\t\t\t\t\t\t<span style=\"font-weight: 400;\">Im Rahmen der Neuentwicklung der integrativen Verriegelungseinrichtung EVZ f\u00fcr die Deutsche Bahn AG wurde auch die neue Verriegelungseinrichtung EVH f\u00fcr bewegliche Herzst\u00fccke konzipiert.<\/span>\t\t\t\t\t\t<\/div>\n\t\t\t\t<\/div>\n\t\t\t\t\t<\/div>\n\t\t<\/div>\n\t\t\t\t<div class=\"elementor-column elementor-col-50 elementor-top-column elementor-element elementor-element-312c96c2\" data-id=\"312c96c2\" data-element_type=\"column\">\n\t\t\t<div class=\"elementor-widget-wrap elementor-element-populated\">\n\t\t\t\t\t\t<div class=\"elementor-element elementor-element-9b588ab elementor-widget elementor-widget-image\" data-id=\"9b588ab\" data-element_type=\"widget\" data-widget_type=\"image.default\">\n\t\t\t\t<div class=\"elementor-widget-container\">\n\t\t\t\t\t\t\t\t\t\t\t\t\t<img loading=\"lazy\" decoding=\"async\" width=\"819\" height=\"304\" src=\"https:\/\/gfa-istanbul.com\/wp-content\/uploads\/2024\/04\/Claw-lock-device-for-moveable-frog-EVH-removebg-preview.png\" class=\"attachment-large size-large wp-image-17922\" alt=\"\" srcset=\"https:\/\/gfa-istanbul.com\/wp-content\/uploads\/2024\/04\/Claw-lock-device-for-moveable-frog-EVH-removebg-preview.png 819w, https:\/\/gfa-istanbul.com\/wp-content\/uploads\/2024\/04\/Claw-lock-device-for-moveable-frog-EVH-removebg-preview-300x111.png 300w, https:\/\/gfa-istanbul.com\/wp-content\/uploads\/2024\/04\/Claw-lock-device-for-moveable-frog-EVH-removebg-preview-768x285.png 768w, https:\/\/gfa-istanbul.com\/wp-content\/uploads\/2024\/04\/Claw-lock-device-for-moveable-frog-EVH-removebg-preview-18x7.png 18w, https:\/\/gfa-istanbul.com\/wp-content\/uploads\/2024\/04\/Claw-lock-device-for-moveable-frog-EVH-removebg-preview-600x223.png 600w\" sizes=\"auto, (max-width: 819px) 100vw, 819px\" \/>\t\t\t\t\t\t\t\t\t\t\t\t\t<\/div>\n\t\t\t\t<\/div>\n\t\t\t\t\t<\/div>\n\t\t<\/div>\n\t\t\t\t\t<\/div>\n\t\t<\/section>\n\t\t\t\t<section class=\"elementor-section elementor-top-section elementor-element elementor-element-1b18dff elementor-section-full_width elementor-section-stretched elementor-section-height-min-height elementor-section-content-middle elementor-section-height-default elementor-section-items-middle\" data-id=\"1b18dff\" data-element_type=\"section\" data-settings=\"{&quot;stretch_section&quot;:&quot;section-stretched&quot;}\">\n\t\t\t\t\t\t<div class=\"elementor-container elementor-column-gap-wide\">\n\t\t\t\t\t<div class=\"elementor-column elementor-col-50 elementor-top-column elementor-element elementor-element-d6f9fea\" data-id=\"d6f9fea\" data-element_type=\"column\">\n\t\t\t<div class=\"elementor-widget-wrap elementor-element-populated\">\n\t\t\t\t\t\t<div class=\"elementor-element elementor-element-9abb76e elementor-widget elementor-widget-image\" data-id=\"9abb76e\" data-element_type=\"widget\" data-widget_type=\"image.default\">\n\t\t\t\t<div class=\"elementor-widget-container\">\n\t\t\t\t\t\t\t\t\t\t\t\t\t<img loading=\"lazy\" decoding=\"async\" width=\"1024\" height=\"1024\" src=\"https:\/\/gfa-istanbul.com\/wp-content\/uploads\/2024\/04\/Adsiz-tasarim-78.jpg\" class=\"attachment-large size-large wp-image-18213\" alt=\"\" srcset=\"https:\/\/gfa-istanbul.com\/wp-content\/uploads\/2024\/04\/Adsiz-tasarim-78.jpg 1024w, https:\/\/gfa-istanbul.com\/wp-content\/uploads\/2024\/04\/Adsiz-tasarim-78-300x300.jpg 300w, https:\/\/gfa-istanbul.com\/wp-content\/uploads\/2024\/04\/Adsiz-tasarim-78-150x150.jpg 150w, https:\/\/gfa-istanbul.com\/wp-content\/uploads\/2024\/04\/Adsiz-tasarim-78-768x768.jpg 768w, https:\/\/gfa-istanbul.com\/wp-content\/uploads\/2024\/04\/Adsiz-tasarim-78-12x12.jpg 12w, https:\/\/gfa-istanbul.com\/wp-content\/uploads\/2024\/04\/Adsiz-tasarim-78-600x600.jpg 600w\" sizes=\"auto, (max-width: 1024px) 100vw, 1024px\" \/>\t\t\t\t\t\t\t\t\t\t\t\t\t<\/div>\n\t\t\t\t<\/div>\n\t\t\t\t\t<\/div>\n\t\t<\/div>\n\t\t\t\t<div class=\"elementor-column elementor-col-50 elementor-top-column elementor-element elementor-element-a33dcd5\" data-id=\"a33dcd5\" data-element_type=\"column\">\n\t\t\t<div class=\"elementor-widget-wrap elementor-element-populated\">\n\t\t\t\t\t\t<div class=\"elementor-element elementor-element-001b20f elementor-widget elementor-widget-industrium_heading\" data-id=\"001b20f\" data-element_type=\"widget\" data-widget_type=\"industrium_heading.default\">\n\t\t\t\t<div class=\"elementor-widget-container\">\n\t\t\t<div class=\"industrium-heading-widget\"><h2 class=\"industrium-heading translation-block\"><span class=\"industrium-heading-content\"><span style=\"font-weight: 400;color: #333\">Die Weiche ist der kritischste <\/span><span style=\"font-weight: 400\">Teil der Eisenbahninfrastruktur<\/span><\/span><\/h2><\/div>\t\t<\/div>\n\t\t\t\t<\/div>\n\t\t\t\t<div class=\"elementor-element elementor-element-340c732 elementor-widget elementor-widget-text-editor\" data-id=\"340c732\" data-element_type=\"widget\" data-widget_type=\"text-editor.default\">\n\t\t\t\t<div class=\"elementor-widget-container\">\n\t\t\t\t\t\t\t<p><span style=\"font-weight: 400;\">Diese ist speziell auf die besonderen und hohen Anforderungen von beweglichen Herzst\u00fccken abgestimmt und bietet gleichzeitig alle Vorteile des wartungsarmen Verschlusses. \nDie EVH passt nicht nur in das Portfolio der DB-Standardweichen, sondern erm\u00f6glicht es CDP auch, ma\u00dfgeschneiderte L\u00f6sungen f\u00fcr ganze Weichensysteme anzubieten.\u00a0<\/span><\/p><p>Die EVH passt nicht nur in das Portfolio der DB-Standardweichen, sondern erm\u00f6glicht es CDP auch, ma\u00dfgeschneiderte L\u00f6sungen f\u00fcr ganze Weichensysteme anzubieten.<\/p>\t\t\t\t\t\t<\/div>\n\t\t\t\t<\/div>\n\t\t\t\t\t<\/div>\n\t\t<\/div>\n\t\t\t\t\t<\/div>\n\t\t<\/section>\n\t\t\t\t<section class=\"elementor-section elementor-top-section elementor-element elementor-element-5771dc47 elementor-section-full_width elementor-section-stretched elementor-section-content-middle elementor-section-height-default elementor-section-height-default\" data-id=\"5771dc47\" data-element_type=\"section\" data-settings=\"{&quot;stretch_section&quot;:&quot;section-stretched&quot;,&quot;background_background&quot;:&quot;classic&quot;}\">\n\t\t\t\t\t\t\t<div class=\"elementor-background-overlay\"><\/div>\n\t\t\t\t\t\t\t<div class=\"elementor-container elementor-column-gap-no\">\n\t\t\t\t\t<div class=\"elementor-column elementor-col-100 elementor-top-column elementor-element elementor-element-7cd8ea28\" data-id=\"7cd8ea28\" data-element_type=\"column\">\n\t\t\t<div class=\"elementor-widget-wrap elementor-element-populated\">\n\t\t\t\t\t\t<section class=\"elementor-section elementor-inner-section elementor-element elementor-element-6964f4f5 elementor-section-content-middle elementor-section-height-min-height elementor-section-boxed elementor-section-height-default\" data-id=\"6964f4f5\" data-element_type=\"section\">\n\t\t\t\t\t\t<div class=\"elementor-container elementor-column-gap-wide\">\n\t\t\t\t\t<div class=\"elementor-column elementor-col-50 elementor-inner-column elementor-element elementor-element-18176c13 animated-fast elementor-invisible\" data-id=\"18176c13\" data-element_type=\"column\" data-settings=\"{&quot;animation&quot;:&quot;industrium_clip_in_down&quot;,&quot;animation_tablet_extra&quot;:&quot;none&quot;,&quot;animation_delay&quot;:500}\">\n\t\t\t<div class=\"elementor-widget-wrap\">\n\t\t\t\t\t\t\t<\/div>\n\t\t<\/div>\n\t\t\t\t<div class=\"elementor-column elementor-col-50 elementor-inner-column elementor-element elementor-element-49834554 animated-fast elementor-invisible\" data-id=\"49834554\" data-element_type=\"column\" data-settings=\"{&quot;background_background&quot;:&quot;classic&quot;,&quot;animation&quot;:&quot;industrium_clip_in_down&quot;,&quot;animation_tablet_extra&quot;:&quot;none&quot;,&quot;animation_delay&quot;:500}\">\n\t\t\t<div class=\"elementor-widget-wrap elementor-element-populated\">\n\t\t\t\t\t\t<div class=\"elementor-element elementor-element-185b29af elementor-widget elementor-widget-industrium_heading\" data-id=\"185b29af\" data-element_type=\"widget\" data-widget_type=\"industrium_heading.default\">\n\t\t\t\t<div class=\"elementor-widget-container\">\n\t\t\t<div class=\"industrium-heading-widget\"><h2 class=\"industrium-heading translation-block\"><span class=\"industrium-heading-content\"><span style=\"color: #ffffff\">Langlebig und unglaublich pflegeleicht,<\/span> sicher und nachhaltig.<\/span><\/h2><\/div>\t\t<\/div>\n\t\t\t\t<\/div>\n\t\t\t\t<div class=\"elementor-element elementor-element-60bb2a89 elementor-widget elementor-widget-industrium_heading\" data-id=\"60bb2a89\" data-element_type=\"widget\" data-widget_type=\"industrium_heading.default\">\n\t\t\t\t<div class=\"elementor-widget-container\">\n\t\t\t<div class=\"industrium-heading-widget\"><h6 class=\"industrium-heading\"><span class=\"industrium-heading-content\"><span style=\"font-weight: 400\">Geringer Wartungsaufwand und Schalterverriegelungen<\/span><\/span><\/h6><\/div>\t\t<\/div>\n\t\t\t\t<\/div>\n\t\t\t\t<div class=\"elementor-element elementor-element-4c28f9c elementor-widget elementor-widget-text-editor\" data-id=\"4c28f9c\" data-element_type=\"widget\" data-widget_type=\"text-editor.default\">\n\t\t\t\t<div class=\"elementor-widget-container\">\n\t\t\t\t\t\t\t<p class=\" translation-block\"><strong>Als GFA Istanbul,<\/strong> der autorisierte H\u00e4ndler von Bharat Forge CDP, arbeiten wir mit der Zuverl\u00e4ssigkeit und Sicherheit einer weltweit anerkannten Marke. Unser Portfolio umfasst Schl\u00fcsselrollensysteme, Schlie\u00dfvorrichtungen f\u00fcr wartungsarme Schl\u00fcsselkomponenten. Unser Versprechen der Exzellenz basiert auf dem weltweiten Ruf von Bharat Forge CDP und bietet unvergleichliche Erfahrung und Qualit\u00e4t in jedem Service.<\/p>\t\t\t\t\t\t<\/div>\n\t\t\t\t<\/div>\n\t\t\t\t\t<\/div>\n\t\t<\/div>\n\t\t\t\t\t<\/div>\n\t\t<\/section>\n\t\t\t\t\t<\/div>\n\t\t<\/div>\n\t\t\t\t\t<\/div>\n\t\t<\/section>\n\t\t\t\t<\/div>","protected":false},"excerpt":{"rendered":"<p>Within the scope of the new development of the integrative locking device EVZ for the Deutsche Bahn AG, also the new locking device EVH for moveable frogs has been designed. This is especially concerted to fit the particular and high requirements&#8230;<\/p>","protected":false},"author":1,"featured_media":0,"parent":0,"menu_order":0,"comment_status":"closed","ping_status":"closed","template":"","meta":{"rank_math_lock_modified_date":false,"footnotes":""},"class_list":["post-16118","page","type-page","status-publish","hentry"],"_links":{"self":[{"href":"https:\/\/gfa-istanbul.com\/de\/wp-json\/wp\/v2\/pages\/16118","targetHints":{"allow":["GET"]}}],"collection":[{"href":"https:\/\/gfa-istanbul.com\/de\/wp-json\/wp\/v2\/pages"}],"about":[{"href":"https:\/\/gfa-istanbul.com\/de\/wp-json\/wp\/v2\/types\/page"}],"author":[{"embeddable":true,"href":"https:\/\/gfa-istanbul.com\/de\/wp-json\/wp\/v2\/users\/1"}],"replies":[{"embeddable":true,"href":"https:\/\/gfa-istanbul.com\/de\/wp-json\/wp\/v2\/comments?post=16118"}],"version-history":[{"count":132,"href":"https:\/\/gfa-istanbul.com\/de\/wp-json\/wp\/v2\/pages\/16118\/revisions"}],"predecessor-version":[{"id":18404,"href":"https:\/\/gfa-istanbul.com\/de\/wp-json\/wp\/v2\/pages\/16118\/revisions\/18404"}],"wp:attachment":[{"href":"https:\/\/gfa-istanbul.com\/de\/wp-json\/wp\/v2\/media?parent=16118"}],"curies":[{"name":"wp","href":"https:\/\/api.w.org\/{rel}","templated":true}]}}